{"id":10,"date":"2019-02-12T10:31:12","date_gmt":"2019-02-12T13:31:12","guid":{"rendered":"http:\/\/cpccp1.hospedagemdesites.ws\/site\/?page_id=10"},"modified":"2024-11-22T14:24:04","modified_gmt":"2024-11-22T17:24:04","slug":"historico","status":"publish","type":"page","link":"http:\/\/www.conselhodascomunidades.pt\/site\/historico\/","title":{"rendered":"Hist\u00f3rico"},"content":{"rendered":"\r\n<p align=\"justify\"><span lang=\"pt-PT\">O Conselho das Comunidades Portuguesas \u00e9 um \u00f3rg\u00e3o consultivo do Governo em mat\u00e9ria de emigra\u00e7<\/span><span lang=\"pt-PT\">\u00e3<\/span><span lang=\"pt-PT\">o e comunidades portuguesas, sendo acima de tudo um \u00f3rg\u00e3o representativo dos portugueses\u00a0<\/span><span lang=\"pt-PT\">e portuguesas\u00a0<\/span><span lang=\"pt-PT\">residentes no estrangeiro,<\/span><\/p>\r\n<p align=\"justify\"><a name=\"m_5430501106631873399__GoBack\"><\/a><span lang=\"pt-PT\">O Conselho surgiu na d\u00e9cada de 80, tendo sido institu\u00eddo pelo Decreto-lei n<\/span><span lang=\"pt-PT\">\u00ba<\/span><span lang=\"pt-PT\">\u00a0373\/80 de 12 de setembro de 1980, com in\u00edcio de atividade eletiva em abril de 1981, sendo o segundo mais antigo da Europa.<\/span><\/p>\r\n<p align=\"justify\"><span lang=\"pt-PT\">O Conselho foi desativado a partir de 1988 tendo ressurgido em 1996, Lei\u00a0<\/span><span lang=\"pt-PT\">n\u00ba\u00a0<\/span><span lang=\"pt-PT\">48\/96 de 4 de setembro. Posteriormente f<\/span><span lang=\"pt-PT\">izeram-se modifica\u00e7\u00f5es, por meio da Lei n\u00ba 66-A de 11 de dezembro de 2007, alterada em\u00a0<\/span><span lang=\"pt-PT\">2015 e, mais tarde, em 2023.<\/span><\/p>\r\n<p align=\"justify\"><span lang=\"pt-PT\">Atualmente todos\u00a0<\/span><span lang=\"pt-PT\">os conselheiros s\u00e3o eleitos por sufr\u00e1gio direto e universal, um sistema com maior legitimidade democr\u00e1tica,\u00a0<\/span><span lang=\"pt-PT\">ao qual\u00a0<\/span><span lang=\"pt-PT\">podem concorrer cidad\u00e3os portugueses e lusodescendentes com nacionalidade portuguesa\u00a0<\/span><span lang=\"pt-PT\">e recenseados eleitoralmente<\/span><span lang=\"pt-PT\">.<\/span><\/p>\r\n<p align=\"justify\"><span lang=\"pt-PT\">A filosofia que tem presidido ao Conselho baseia-se no di\u00e1logo e na coopera\u00e7\u00e3o entre partes iguais: Governo e representantes das comunidades.<\/span><\/p>\r\n<p align=\"justify\"><span lang=\"pt-PT\">Importa salientar o \u00eanfase dado \u00e0 participa\u00e7\u00e3o do movimento associativo na\u00a0<\/span><span lang=\"pt-PT\">D<\/span><span lang=\"pt-PT\">i\u00e1spora com o prop\u00f3sito de reconhecer o seu papel central na organiza\u00e7\u00e3o e desenvolvimento das Comunidades, na sua capacidade de preservar a l\u00edngua, a cultura e a identidade nacional.<\/span><\/p>\r\n<p align=\"justify\"><span lang=\"pt-PT\">O historial do CCP tem um percurso algo acidentado devido, sobretudo, ao escasso interesse dos v\u00e1rios Governos e outros \u00f3rg\u00e3os da Rep\u00fablica em cumprir com os objetivos \u00ednsitos na Lei. Da\u00ed o CCP ter tido, at\u00e9 ao presente, uma\u00a0<\/span><span lang=\"pt-PT\">exist\u00eancia\u00a0<\/span><span lang=\"pt-PT\">assaz periclitante, com debilidades e dificuldades de reconhecimento e legitimidade,\u00a0<\/span><span lang=\"pt-PT\">contra o que o CCP tem historicamente formulado propostas.<\/span><\/p>\r\n","protected":false},"excerpt":{"rendered":"<p>O Conselho das Comunidades Portuguesas \u00e9 um \u00f3rg\u00e3o consultivo do Governo em mat\u00e9ria de emigra\u00e7\u00e3o e comunidades portuguesas, sendo acima de tudo um \u00f3rg\u00e3o representativo dos portugueses\u00a0e portuguesas\u00a0residentes no estrangeiro, O Conselho surgiu na d\u00e9cada de 80, tendo sido institu\u00eddo &hellip; <a href=\"http:\/\/www.conselhodascomunidades.pt\/site\/historico\/\">Continue lendo <span class=\"meta-nav\">&rarr;<\/span><\/a><\/p>\n","protected":false},"author":1,"featured_media":0,"parent":0,"menu_order":0,"comment_status":"closed","ping_status":"closed","template":"","meta":{"footnotes":""},"class_list":["post-10","page","type-page","status-publish","hentry"],"_links":{"self":[{"href":"http:\/\/www.conselhodascomunidades.pt\/site\/wp-json\/wp\/v2\/pages\/10","targetHints":{"allow":["GET"]}}],"collection":[{"href":"http:\/\/www.conselhodascomunidades.pt\/site\/wp-json\/wp\/v2\/pages"}],"about":[{"href":"http:\/\/www.conselhodascomunidades.pt\/site\/wp-json\/wp\/v2\/types\/page"}],"author":[{"embeddable":true,"href":"http:\/\/www.conselhodascomunidades.pt\/site\/wp-json\/wp\/v2\/users\/1"}],"replies":[{"embeddable":true,"href":"http:\/\/www.conselhodascomunidades.pt\/site\/wp-json\/wp\/v2\/comments?post=10"}],"version-history":[{"count":3,"href":"http:\/\/www.conselhodascomunidades.pt\/site\/wp-json\/wp\/v2\/pages\/10\/revisions"}],"predecessor-version":[{"id":1806,"href":"http:\/\/www.conselhodascomunidades.pt\/site\/wp-json\/wp\/v2\/pages\/10\/revisions\/1806"}],"wp:attachment":[{"href":"http:\/\/www.conselhodascomunidades.pt\/site\/wp-json\/wp\/v2\/media?parent=10"}],"curies":[{"name":"wp","href":"https:\/\/api.w.org\/{rel}","templated":true}]}}