{"id":148,"date":"2019-02-16T07:24:23","date_gmt":"2019-02-16T10:24:23","guid":{"rendered":"http:\/\/www.conselhodascomunidades.pt\/site\/?page_id=148"},"modified":"2025-01-10T21:56:26","modified_gmt":"2025-01-11T00:56:26","slug":"148-2","status":"publish","type":"page","link":"http:\/\/www.conselhodascomunidades.pt\/site\/148-2\/","title":{"rendered":"Conselho Regional de \u00c1frica"},"content":{"rendered":"\n<hr class=\"wp-block-separator has-alpha-channel-opacity\"\/>\n\n\n\n<h2 class=\"wp-block-heading\">Sec\u00e7\u00e3o \u00c1frica do Sul<\/h2>\n\n\n\n<hr class=\"wp-block-separator has-alpha-channel-opacity\"\/>\n\n\n\n<div class=\"wp-block-media-text alignwide\" style=\"grid-template-columns:20% auto\"><figure class=\"wp-block-media-text__media\"><img loading=\"lazy\" decoding=\"async\" width=\"751\" height=\"1024\" src=\"http:\/\/www.conselhodascomunidades.pt\/site\/wp-content\/uploads\/2025\/01\/test-751x1024.jpg\" alt=\"\" class=\"wp-image-1825 size-full\" srcset=\"http:\/\/www.conselhodascomunidades.pt\/site\/wp-content\/uploads\/2025\/01\/test-751x1024.jpg 751w, http:\/\/www.conselhodascomunidades.pt\/site\/wp-content\/uploads\/2025\/01\/test-220x300.jpg 220w, http:\/\/www.conselhodascomunidades.pt\/site\/wp-content\/uploads\/2025\/01\/test-768x1047.jpg 768w, http:\/\/www.conselhodascomunidades.pt\/site\/wp-content\/uploads\/2025\/01\/test.jpg 856w\" sizes=\"auto, (max-width: 751px) 100vw, 751px\" \/><\/figure><div class=\"wp-block-media-text__content\">\n<p class=\"has-small-font-size\" style=\"text-transform:uppercase\"><strong>ALEXANDRE DOS SANTOS<\/strong><br>Joanesburgo<\/p>\n\n\n\n<p class=\"has-small-font-size\">alexsant@iafrica.com<\/p>\n<\/div><\/div>\n\n\n\n<hr class=\"wp-block-separator has-alpha-channel-opacity\"\/>\n\n\n\n<div class=\"wp-block-media-text alignwide\" style=\"grid-template-columns:20% auto\"><figure class=\"wp-block-media-text__media\"><img loading=\"lazy\" decoding=\"async\" width=\"463\" height=\"615\" src=\"http:\/\/www.conselhodascomunidades.pt\/site\/wp-content\/uploads\/2025\/01\/LIZ-PHOTO.png\" alt=\"\" class=\"wp-image-1821 size-full\" srcset=\"http:\/\/www.conselhodascomunidades.pt\/site\/wp-content\/uploads\/2025\/01\/LIZ-PHOTO.png 463w, http:\/\/www.conselhodascomunidades.pt\/site\/wp-content\/uploads\/2025\/01\/LIZ-PHOTO-226x300.png 226w\" sizes=\"auto, (max-width: 463px) 100vw, 463px\" \/><\/figure><div class=\"wp-block-media-text__content\">\n<p class=\"has-small-font-size\" style=\"text-transform:uppercase\"><strong>ELIZABETE SERR\u00c3O<\/strong><br>Pret\u00f3ria<\/p>\n\n\n\n<p class=\"has-small-font-size\">liz@deoliveiraserrao.com<br>delfa@deoliveiraserrao.com<\/p>\n<\/div><\/div>\n\n\n\n<hr class=\"wp-block-separator has-alpha-channel-opacity\"\/>\n\n\n\n<div class=\"wp-block-media-text alignwide\" style=\"grid-template-columns:20% auto\"><figure class=\"wp-block-media-text__media\"><img loading=\"lazy\" decoding=\"async\" width=\"150\" height=\"200\" src=\"http:\/\/www.conselhodascomunidades.pt\/site\/wp-content\/uploads\/2025\/01\/Rui-Santos-e1736556839923.png\" alt=\"\" class=\"wp-image-2065 size-full\"\/><\/figure><div class=\"wp-block-media-text__content\">\n<p class=\"has-small-font-size\" style=\"text-transform:uppercase\"><strong>RUI MANUEL RODRIGUES DOS SANTOS<\/strong><br>Cidade do Cabo<\/p>\n\n\n\n<p class=\"has-small-font-size\">vougamarine@telkomsa.net<\/p>\n<\/div><\/div>\n\n\n\n<hr class=\"wp-block-separator has-alpha-channel-opacity\"\/>\n\n\n\n<div class=\"wp-block-media-text alignwide\" style=\"grid-template-columns:20% auto\"><figure class=\"wp-block-media-text__media\"><img loading=\"lazy\" decoding=\"async\" width=\"512\" height=\"512\" src=\"http:\/\/www.conselhodascomunidades.pt\/site\/wp-content\/uploads\/2019\/05\/WhatsApp-Image-2019-05-21-at-20.55.53-1.jpeg\" alt=\"\" class=\"wp-image-625 size-full\" srcset=\"http:\/\/www.conselhodascomunidades.pt\/site\/wp-content\/uploads\/2019\/05\/WhatsApp-Image-2019-05-21-at-20.55.53-1.jpeg 512w, http:\/\/www.conselhodascomunidades.pt\/site\/wp-content\/uploads\/2019\/05\/WhatsApp-Image-2019-05-21-at-20.55.53-1-150x150.jpeg 150w, http:\/\/www.conselhodascomunidades.pt\/site\/wp-content\/uploads\/2019\/05\/WhatsApp-Image-2019-05-21-at-20.55.53-1-300x300.jpeg 300w\" sizes=\"auto, (max-width: 512px) 100vw, 512px\" \/><\/figure><div class=\"wp-block-media-text__content\">\n<p class=\"has-small-font-size\" style=\"text-transform:uppercase\"><strong>Vasco Pinto de Abreu<\/strong> <br> Joanesburgo <\/p>\n\n\n\n<p class=\"has-small-font-size\">vasco.abreu5@gmail.com<\/p>\n<\/div><\/div>\n\n\n\n<hr class=\"wp-block-separator has-css-opacity\"\/>\n\n\n\n<h2 class=\"wp-block-heading\">Sec\u00e7\u00e3o Angola<\/h2>\n\n\n\n<hr class=\"wp-block-separator has-alpha-channel-opacity\"\/>\n\n\n\n<div class=\"wp-block-media-text alignwide\" style=\"grid-template-columns:16% auto\"><figure class=\"wp-block-media-text__media\"><img loading=\"lazy\" decoding=\"async\" width=\"212\" height=\"224\" src=\"http:\/\/www.conselhodascomunidades.pt\/site\/wp-content\/uploads\/2025\/01\/Angola.jpg\" alt=\"\" class=\"wp-image-1819 size-full\"\/><\/figure><div class=\"wp-block-media-text__content\">\n<p class=\"has-small-font-size\" style=\"text-transform:uppercase\"><strong>Diogo Barbosa Leal<\/strong><br>ANGOLA<\/p>\n\n\n\n<p class=\"has-small-font-size\">djrbml@gmail.com<\/p>\n<\/div><\/div>\n\n\n\n<hr class=\"wp-block-separator has-css-opacity\"\/>\n\n\n\n<h2 class=\"wp-block-heading\">Sec\u00e7\u00e3o Cabo Verde<\/h2>\n\n\n\n<hr class=\"wp-block-separator has-alpha-channel-opacity\"\/>\n\n\n\n<div class=\"wp-block-media-text alignwide\" style=\"grid-template-columns:16% auto\"><figure class=\"wp-block-media-text__media\"><img loading=\"lazy\" decoding=\"async\" width=\"413\" height=\"458\" src=\"http:\/\/www.conselhodascomunidades.pt\/site\/wp-content\/uploads\/2025\/01\/CaboVerde.png\" alt=\"\" class=\"wp-image-1816 size-full\" srcset=\"http:\/\/www.conselhodascomunidades.pt\/site\/wp-content\/uploads\/2025\/01\/CaboVerde.png 413w, http:\/\/www.conselhodascomunidades.pt\/site\/wp-content\/uploads\/2025\/01\/CaboVerde-271x300.png 271w\" sizes=\"auto, (max-width: 413px) 100vw, 413px\" \/><\/figure><div class=\"wp-block-media-text__content\">\n<p class=\"has-small-font-size\" style=\"text-transform:uppercase\"><strong>Jos\u00e9 N\u00f3brega Ascenso<\/strong><br>Cabo Verde<\/p>\n\n\n\n<p class=\"has-small-font-size\">conselheiro.caboverde.ccp@gmail.com<\/p>\n<\/div><\/div>\n\n\n\n<hr class=\"wp-block-separator has-css-opacity\"\/>\n\n\n\n<h2 class=\"wp-block-heading\">Sec\u00e7\u00e3o Nam\u00edbia<\/h2>\n\n\n\n<hr class=\"wp-block-separator has-alpha-channel-opacity\"\/>\n\n\n\n<div class=\"wp-block-media-text alignwide\" style=\"grid-template-columns:16% auto\"><figure class=\"wp-block-media-text__media\"><img loading=\"lazy\" decoding=\"async\" width=\"229\" height=\"229\" src=\"http:\/\/www.conselhodascomunidades.pt\/site\/wp-content\/uploads\/2019\/05\/WhatsApp-Image-2019-05-15-at-19.39.54.jpeg\" alt=\"\" class=\"wp-image-521 size-full\" srcset=\"http:\/\/www.conselhodascomunidades.pt\/site\/wp-content\/uploads\/2019\/05\/WhatsApp-Image-2019-05-15-at-19.39.54.jpeg 229w, http:\/\/www.conselhodascomunidades.pt\/site\/wp-content\/uploads\/2019\/05\/WhatsApp-Image-2019-05-15-at-19.39.54-150x150.jpeg 150w\" sizes=\"auto, (max-width: 229px) 100vw, 229px\" \/><\/figure><div class=\"wp-block-media-text__content\">\n<p class=\"has-small-font-size\" style=\"text-transform:uppercase\"><strong>Manuel C\u00e2ndido Coelho<\/strong><br>Windhoek<\/p>\n\n\n\n<p class=\"has-small-font-size\">manuelc@africaonline.com.na<\/p>\n<\/div><\/div>\n\n\n\n<hr class=\"wp-block-separator has-css-opacity\"\/>\n","protected":false},"excerpt":{"rendered":"<p>Sec\u00e7\u00e3o \u00c1frica do Sul ALEXANDRE DOS SANTOSJoanesburgo alexsant@iafrica.com ELIZABETE SERR\u00c3OPret\u00f3ria liz@deoliveiraserrao.comdelfa@deoliveiraserrao.com RUI MANUEL RODRIGUES DOS SANTOSCidade do Cabo vougamarine@telkomsa.net Vasco Pinto de Abreu Joanesburgo vasco.abreu5@gmail.com Sec\u00e7\u00e3o Angola Diogo Barbosa LealANGOLA djrbml@gmail.com Sec\u00e7\u00e3o Cabo Verde Jos\u00e9 N\u00f3brega AscensoCabo Verde conselheiro.caboverde.ccp@gmail.com Sec\u00e7\u00e3o &hellip; <a href=\"http:\/\/www.conselhodascomunidades.pt\/site\/148-2\/\">Continue lendo <span class=\"meta-nav\">&rarr;<\/span><\/a><\/p>\n","protected":false},"author":1,"featured_media":0,"parent":0,"menu_order":0,"comment_status":"closed","ping_status":"closed","template":"","meta":{"footnotes":""},"class_list":["post-148","page","type-page","status-publish","hentry"],"_links":{"self":[{"href":"http:\/\/www.conselhodascomunidades.pt\/site\/wp-json\/wp\/v2\/pages\/148","targetHints":{"allow":["GET"]}}],"collection":[{"href":"http:\/\/www.conselhodascomunidades.pt\/site\/wp-json\/wp\/v2\/pages"}],"about":[{"href":"http:\/\/www.conselhodascomunidades.pt\/site\/wp-json\/wp\/v2\/types\/page"}],"author":[{"embeddable":true,"href":"http:\/\/www.conselhodascomunidades.pt\/site\/wp-json\/wp\/v2\/users\/1"}],"replies":[{"embeddable":true,"href":"http:\/\/www.conselhodascomunidades.pt\/site\/wp-json\/wp\/v2\/comments?post=148"}],"version-history":[{"count":21,"href":"http:\/\/www.conselhodascomunidades.pt\/site\/wp-json\/wp\/v2\/pages\/148\/revisions"}],"predecessor-version":[{"id":2067,"href":"http:\/\/www.conselhodascomunidades.pt\/site\/wp-json\/wp\/v2\/pages\/148\/revisions\/2067"}],"wp:attachment":[{"href":"http:\/\/www.conselhodascomunidades.pt\/site\/wp-json\/wp\/v2\/media?parent=148"}],"curies":[{"name":"wp","href":"https:\/\/api.w.org\/{rel}","templated":true}]}}