{"id":153,"date":"2019-02-16T07:31:52","date_gmt":"2019-02-16T10:31:52","guid":{"rendered":"http:\/\/www.conselhodascomunidades.pt\/site\/?page_id=153"},"modified":"2025-01-10T11:41:48","modified_gmt":"2025-01-10T14:41:48","slug":"conselho-regional-da-asia-e-oceania","status":"publish","type":"page","link":"http:\/\/www.conselhodascomunidades.pt\/site\/conselho-regional-da-asia-e-oceania\/","title":{"rendered":"CONSELHO REGIONAL DA \u00c1SIA E OCEANIA"},"content":{"rendered":"\n<h2 class=\"wp-block-heading\">Sec\u00e7\u00e3o Austr\u00e1lia<\/h2>\n\n\n\n<div class=\"wp-block-media-text alignwide\" style=\"grid-template-columns:21% auto\"><figure class=\"wp-block-media-text__media\"><img loading=\"lazy\" decoding=\"async\" width=\"960\" height=\"960\" src=\"http:\/\/www.conselhodascomunidades.pt\/site\/wp-content\/uploads\/2025\/01\/1000005326.jpg\" alt=\"\" class=\"wp-image-1829 size-full\" srcset=\"http:\/\/www.conselhodascomunidades.pt\/site\/wp-content\/uploads\/2025\/01\/1000005326.jpg 960w, http:\/\/www.conselhodascomunidades.pt\/site\/wp-content\/uploads\/2025\/01\/1000005326-300x300.jpg 300w, http:\/\/www.conselhodascomunidades.pt\/site\/wp-content\/uploads\/2025\/01\/1000005326-150x150.jpg 150w, http:\/\/www.conselhodascomunidades.pt\/site\/wp-content\/uploads\/2025\/01\/1000005326-768x768.jpg 768w\" sizes=\"auto, (max-width: 960px) 100vw, 960px\" \/><\/figure><div class=\"wp-block-media-text__content\">\n<p class=\"has-small-font-size\" style=\"text-transform:uppercase\"><strong>SARA FERNANDES<\/strong><br>Melbourne<br><a href=\"mailto:Sarafernandes.conselheiraccp@outlook.com\" target=\"_blank\" rel=\"noreferrer noopener\">sarafernandes.conselheiraccp@outlook.com<\/a><\/p>\n<\/div><\/div>\n\n\n\n<hr class=\"wp-block-separator has-css-opacity\"\/>\n\n\n\n<h2 class=\"wp-block-heading\">Sec\u00e7\u00e3o China\/Macau\/HK&nbsp;<\/h2>\n\n\n\n<div class=\"wp-block-media-text alignwide\" style=\"grid-template-columns:22% auto\"><figure class=\"wp-block-media-text__media\"><img loading=\"lazy\" decoding=\"async\" width=\"812\" height=\"1024\" src=\"http:\/\/www.conselhodascomunidades.pt\/site\/wp-content\/uploads\/2025\/01\/marilia.Imagem-812x1024.jpeg\" alt=\"\" class=\"wp-image-2039 size-full\" srcset=\"http:\/\/www.conselhodascomunidades.pt\/site\/wp-content\/uploads\/2025\/01\/marilia.Imagem-812x1024.jpeg 812w, http:\/\/www.conselhodascomunidades.pt\/site\/wp-content\/uploads\/2025\/01\/marilia.Imagem-238x300.jpeg 238w, http:\/\/www.conselhodascomunidades.pt\/site\/wp-content\/uploads\/2025\/01\/marilia.Imagem-768x969.jpeg 768w, http:\/\/www.conselhodascomunidades.pt\/site\/wp-content\/uploads\/2025\/01\/marilia.Imagem.jpeg 1118w\" sizes=\"auto, (max-width: 812px) 100vw, 812px\" \/><\/figure><div class=\"wp-block-media-text__content\">\n<p class=\"has-small-font-size\" style=\"text-transform:uppercase\"><strong>MAR\u00cdLIA GOMES COUTINHO<\/strong><br>Macau<br><a href=\"mailto:mariliagcc@ccpmacau.com\" target=\"_blank\" rel=\"noreferrer noopener\">mariliagcc@ccpmacau.com<\/a><\/p>\n<\/div><\/div>\n\n\n\n<div class=\"wp-block-media-text alignwide\" style=\"grid-template-columns:17% auto\"><figure class=\"wp-block-media-text__media\"><img loading=\"lazy\" decoding=\"async\" width=\"860\" height=\"1024\" src=\"http:\/\/www.conselhodascomunidades.pt\/site\/wp-content\/uploads\/2025\/01\/CCP-Macau-860x1024.jpg\" alt=\"\" class=\"wp-image-1968 size-full\" srcset=\"http:\/\/www.conselhodascomunidades.pt\/site\/wp-content\/uploads\/2025\/01\/CCP-Macau-860x1024.jpg 860w, http:\/\/www.conselhodascomunidades.pt\/site\/wp-content\/uploads\/2025\/01\/CCP-Macau-252x300.jpg 252w, http:\/\/www.conselhodascomunidades.pt\/site\/wp-content\/uploads\/2025\/01\/CCP-Macau-768x914.jpg 768w, http:\/\/www.conselhodascomunidades.pt\/site\/wp-content\/uploads\/2025\/01\/CCP-Macau.jpg 1242w\" sizes=\"auto, (max-width: 860px) 100vw, 860px\" \/><\/figure><div class=\"wp-block-media-text__content\">\n<p class=\"has-small-font-size\" style=\"text-transform:uppercase\"><strong>Lu\u00eds Nunes<\/strong><br>Macau<br>lannunes@ccpmacau.com<\/p>\n<\/div><\/div>\n\n\n\n<div class=\"wp-block-media-text alignwide\" style=\"grid-template-columns:20% auto\"><figure class=\"wp-block-media-text__media\"><img loading=\"lazy\" decoding=\"async\" width=\"287\" height=\"354\" src=\"http:\/\/www.conselhodascomunidades.pt\/site\/wp-content\/uploads\/2025\/01\/Rui-25x30-1.jpeg\" alt=\"\" class=\"wp-image-1832 size-full\" srcset=\"http:\/\/www.conselhodascomunidades.pt\/site\/wp-content\/uploads\/2025\/01\/Rui-25x30-1.jpeg 287w, http:\/\/www.conselhodascomunidades.pt\/site\/wp-content\/uploads\/2025\/01\/Rui-25x30-1-243x300.jpeg 243w\" sizes=\"auto, (max-width: 287px) 100vw, 287px\" \/><\/figure><div class=\"wp-block-media-text__content\">\n<p class=\"has-small-font-size\" style=\"text-transform:uppercase\"><strong>RUI MARCELO<\/strong><br>Macau<br>rmarcelo@ccpmacau.com<\/p>\n<\/div><\/div>\n\n\n\n<hr class=\"wp-block-separator has-css-opacity\"\/>\n\n\n\n<h2 class=\"wp-block-heading\">Sec\u00e7\u00e3o Timor Leste<\/h2>\n\n\n\n<div class=\"wp-block-media-text alignwide\" style=\"grid-template-columns:20% auto\"><figure class=\"wp-block-media-text__media\"><img loading=\"lazy\" decoding=\"async\" width=\"829\" height=\"1024\" src=\"http:\/\/www.conselhodascomunidades.pt\/site\/wp-content\/uploads\/2025\/01\/Filipe-Silva-829x1024.jpg\" alt=\"\" class=\"wp-image-1835 size-full\" srcset=\"http:\/\/www.conselhodascomunidades.pt\/site\/wp-content\/uploads\/2025\/01\/Filipe-Silva-829x1024.jpg 829w, http:\/\/www.conselhodascomunidades.pt\/site\/wp-content\/uploads\/2025\/01\/Filipe-Silva-243x300.jpg 243w, http:\/\/www.conselhodascomunidades.pt\/site\/wp-content\/uploads\/2025\/01\/Filipe-Silva-768x949.jpg 768w, http:\/\/www.conselhodascomunidades.pt\/site\/wp-content\/uploads\/2025\/01\/Filipe-Silva-1243x1536.jpg 1243w, http:\/\/www.conselhodascomunidades.pt\/site\/wp-content\/uploads\/2025\/01\/Filipe-Silva-1658x2048.jpg 1658w\" sizes=\"auto, (max-width: 829px) 100vw, 829px\" \/><\/figure><div class=\"wp-block-media-text__content\">\n<p class=\"has-small-font-size\" style=\"text-transform:uppercase\"><strong>FILIPE SILVA<\/strong><br>D\u00edli &#8211; Timor Leste<br>filipe.silva.ccp.tl@gmail.com<br>filmarsilva@gmail.com<\/p>\n<\/div><\/div>\n","protected":false},"excerpt":{"rendered":"<p>Sec\u00e7\u00e3o Austr\u00e1lia SARA FERNANDESMelbournesarafernandes.conselheiraccp@outlook.com Sec\u00e7\u00e3o China\/Macau\/HK&nbsp; MAR\u00cdLIA GOMES COUTINHOMacaumariliagcc@ccpmacau.com Lu\u00eds NunesMacaulannunes@ccpmacau.com RUI MARCELOMacaurmarcelo@ccpmacau.com Sec\u00e7\u00e3o Timor Leste FILIPE SILVAD\u00edli &#8211; Timor Lestefilipe.silva.ccp.tl@gmail.comfilmarsilva@gmail.com<\/p>\n","protected":false},"author":1,"featured_media":0,"parent":0,"menu_order":0,"comment_status":"closed","ping_status":"closed","template":"","meta":{"footnotes":""},"class_list":["post-153","page","type-page","status-publish","hentry"],"_links":{"self":[{"href":"http:\/\/www.conselhodascomunidades.pt\/site\/wp-json\/wp\/v2\/pages\/153","targetHints":{"allow":["GET"]}}],"collection":[{"href":"http:\/\/www.conselhodascomunidades.pt\/site\/wp-json\/wp\/v2\/pages"}],"about":[{"href":"http:\/\/www.conselhodascomunidades.pt\/site\/wp-json\/wp\/v2\/types\/page"}],"author":[{"embeddable":true,"href":"http:\/\/www.conselhodascomunidades.pt\/site\/wp-json\/wp\/v2\/users\/1"}],"replies":[{"embeddable":true,"href":"http:\/\/www.conselhodascomunidades.pt\/site\/wp-json\/wp\/v2\/comments?post=153"}],"version-history":[{"count":14,"href":"http:\/\/www.conselhodascomunidades.pt\/site\/wp-json\/wp\/v2\/pages\/153\/revisions"}],"predecessor-version":[{"id":2040,"href":"http:\/\/www.conselhodascomunidades.pt\/site\/wp-json\/wp\/v2\/pages\/153\/revisions\/2040"}],"wp:attachment":[{"href":"http:\/\/www.conselhodascomunidades.pt\/site\/wp-json\/wp\/v2\/media?parent=153"}],"curies":[{"name":"wp","href":"https:\/\/api.w.org\/{rel}","templated":true}]}}