{"id":162,"date":"2019-02-18T11:24:13","date_gmt":"2019-02-18T14:24:13","guid":{"rendered":"http:\/\/www.conselhodascomunidades.pt\/site\/?page_id=162"},"modified":"2024-11-13T08:10:47","modified_gmt":"2024-11-13T11:10:47","slug":"competencias","status":"publish","type":"page","link":"http:\/\/www.conselhodascomunidades.pt\/site\/competencias\/","title":{"rendered":"Compet\u00eancias"},"content":{"rendered":"\r\n<h2 class=\"wp-block-heading\"><strong>De acordo com o previsto no Artigo 38\u00ba da Lei 66-A de 2007, compete ao Conselho Permanente:<\/strong><\/h2>\r\n<p>.\u00a0 Eleger, anualmente, de entre os seus membros, o presidente, o vice-presidente e um secret\u00e1rio;<\/p>\r\n<p>.\u00a0 Aprovar a sua organiza\u00e7\u00e3o interna e o Regulamento interno do seu funcionamento;<\/p>\r\n<p>.\u00a0 Acompanhar a execu\u00e7\u00e3o das delibera\u00e7\u00f5es e recomenda\u00e7\u00f5es do Conselho;<\/p>\r\n<p>.\u00a0 Coordenar a execu\u00e7\u00e3o do programa de a\u00e7\u00e3o mandato pelo Plen\u00e1rio;<\/p>\r\n<p>.\u00a0\u00a0f) Elaborar o relat\u00f3rio de atividades anual e apresentar os relat\u00f3rios aprovados nas reuni\u00f5es do Conselho Regional sobre a situa\u00e7\u00e3o das comunidades portuguesas nas respetivas \u00e1reas de jurisdi\u00e7\u00e3o;<\/p>\r\n<p>.\u00a0 Emitir parecer sobre as pol\u00edticas relativas \u00e0s comunidades portuguesas;<\/p>\r\n<p>.\u00a0 Assegurar a representa\u00e7\u00e3o do Conselho em reuni\u00f5es internacionais e em outros \u00f3rg\u00e3os institucionais;<\/p>\r\n<p>.\u00a0 Dar parecer sobre a gest\u00e3o do or\u00e7amento do Conselho;<\/p>\r\n<p>.\u00a0 Tomar conhecimento de todas as consultas feitas ao Conselho;<\/p>\r\n<p>.\u00a0 Homologar e registar as sec\u00e7\u00f5es e subsec\u00e7\u00f5es locais definidas nos termos previstos no artigo 39.\u00ba-A da lei do CCP; e<\/p>\r\n<p>.\u00a0 Assegurar as liga\u00e7\u00f5es entre os Conselhos Regionais e as Sec\u00e7\u00f5es e Subsec\u00e7\u00f5es.<\/p>\r\n","protected":false},"excerpt":{"rendered":"<p>De acordo com o previsto no Artigo 38\u00ba da Lei 66-A de 2007, compete ao Conselho Permanente: .\u00a0 Eleger, anualmente, de entre os seus membros, o presidente, o vice-presidente e um secret\u00e1rio; .\u00a0 Aprovar a sua organiza\u00e7\u00e3o interna e o &hellip; <a href=\"http:\/\/www.conselhodascomunidades.pt\/site\/competencias\/\">Continue lendo <span class=\"meta-nav\">&rarr;<\/span><\/a><\/p>\n","protected":false},"author":1,"featured_media":0,"parent":0,"menu_order":0,"comment_status":"closed","ping_status":"closed","template":"","meta":{"footnotes":""},"class_list":["post-162","page","type-page","status-publish","hentry"],"_links":{"self":[{"href":"http:\/\/www.conselhodascomunidades.pt\/site\/wp-json\/wp\/v2\/pages\/162","targetHints":{"allow":["GET"]}}],"collection":[{"href":"http:\/\/www.conselhodascomunidades.pt\/site\/wp-json\/wp\/v2\/pages"}],"about":[{"href":"http:\/\/www.conselhodascomunidades.pt\/site\/wp-json\/wp\/v2\/types\/page"}],"author":[{"embeddable":true,"href":"http:\/\/www.conselhodascomunidades.pt\/site\/wp-json\/wp\/v2\/users\/1"}],"replies":[{"embeddable":true,"href":"http:\/\/www.conselhodascomunidades.pt\/site\/wp-json\/wp\/v2\/comments?post=162"}],"version-history":[{"count":3,"href":"http:\/\/www.conselhodascomunidades.pt\/site\/wp-json\/wp\/v2\/pages\/162\/revisions"}],"predecessor-version":[{"id":1773,"href":"http:\/\/www.conselhodascomunidades.pt\/site\/wp-json\/wp\/v2\/pages\/162\/revisions\/1773"}],"wp:attachment":[{"href":"http:\/\/www.conselhodascomunidades.pt\/site\/wp-json\/wp\/v2\/media?parent=162"}],"curies":[{"name":"wp","href":"https:\/\/api.w.org\/{rel}","templated":true}]}}