{"id":1944,"date":"2025-01-06T10:46:11","date_gmt":"2025-01-06T13:46:11","guid":{"rendered":"http:\/\/www.conselhodascomunidades.pt\/site\/?page_id=1944"},"modified":"2025-01-07T17:17:23","modified_gmt":"2025-01-07T20:17:23","slug":"comissao-juventude-composicao","status":"publish","type":"page","link":"http:\/\/www.conselhodascomunidades.pt\/site\/comissao-juventude-composicao\/","title":{"rendered":"COMISS\u00c3O JUVENTUDE &#8211; Composi\u00e7\u00e3o"},"content":{"rendered":"\n<hr class=\"wp-block-separator has-alpha-channel-opacity\"\/>\n\n\n\n<div data-wp-interactive=\"core\/file\" class=\"wp-block-file\"><object data-wp-bind--hidden=\"!state.hasPdfPreview\" hidden class=\"wp-block-file__embed\" data=\"http:\/\/www.conselhodascomunidades.pt\/site\/wp-content\/uploads\/2025\/01\/CJCCP-Composicao.pdf\" type=\"application\/pdf\" style=\"width:100%;height:600px\" aria-label=\"Incorporado de CJCCP - Composi\u00e7\u00e3o.\"><\/object><a id=\"wp-block-file--media-207db1ee-89df-4f29-9e43-506356b33ab9\" href=\"http:\/\/www.conselhodascomunidades.pt\/site\/wp-content\/uploads\/2025\/01\/CJCCP-Composicao.pdf\">CJCCP &#8211; Composi\u00e7\u00e3o<\/a><a href=\"http:\/\/www.conselhodascomunidades.pt\/site\/wp-content\/uploads\/2025\/01\/CJCCP-Composicao.pdf\" class=\"wp-block-file__button wp-element-button\" download aria-describedby=\"wp-block-file--media-207db1ee-89df-4f29-9e43-506356b33ab9\">Baixar<\/a><\/div>\n","protected":false},"excerpt":{"rendered":"","protected":false},"author":1,"featured_media":0,"parent":0,"menu_order":0,"comment_status":"closed","ping_status":"closed","template":"","meta":{"footnotes":""},"class_list":["post-1944","page","type-page","status-publish","hentry"],"_links":{"self":[{"href":"http:\/\/www.conselhodascomunidades.pt\/site\/wp-json\/wp\/v2\/pages\/1944","targetHints":{"allow":["GET"]}}],"collection":[{"href":"http:\/\/www.conselhodascomunidades.pt\/site\/wp-json\/wp\/v2\/pages"}],"about":[{"href":"http:\/\/www.conselhodascomunidades.pt\/site\/wp-json\/wp\/v2\/types\/page"}],"author":[{"embeddable":true,"href":"http:\/\/www.conselhodascomunidades.pt\/site\/wp-json\/wp\/v2\/users\/1"}],"replies":[{"embeddable":true,"href":"http:\/\/www.conselhodascomunidades.pt\/site\/wp-json\/wp\/v2\/comments?post=1944"}],"version-history":[{"count":2,"href":"http:\/\/www.conselhodascomunidades.pt\/site\/wp-json\/wp\/v2\/pages\/1944\/revisions"}],"predecessor-version":[{"id":1992,"href":"http:\/\/www.conselhodascomunidades.pt\/site\/wp-json\/wp\/v2\/pages\/1944\/revisions\/1992"}],"wp:attachment":[{"href":"http:\/\/www.conselhodascomunidades.pt\/site\/wp-json\/wp\/v2\/media?parent=1944"}],"curies":[{"name":"wp","href":"https:\/\/api.w.org\/{rel}","templated":true}]}}