{"id":1947,"date":"2025-01-06T10:47:11","date_gmt":"2025-01-06T13:47:11","guid":{"rendered":"http:\/\/www.conselhodascomunidades.pt\/site\/?page_id=1947"},"modified":"2025-03-17T10:06:25","modified_gmt":"2025-03-17T13:06:25","slug":"comissao-juventude-regulamentacao","status":"publish","type":"page","link":"http:\/\/www.conselhodascomunidades.pt\/site\/comissao-juventude-regulamentacao\/","title":{"rendered":"COMISS\u00c3O JUVENTUDE &#8211; Regulamenta\u00e7\u00e3o"},"content":{"rendered":"\n<hr class=\"wp-block-separator has-alpha-channel-opacity\"\/>\n\n\n\n<div data-wp-interactive=\"core\/file\" class=\"wp-block-file\"><object data-wp-bind--hidden=\"!state.hasPdfPreview\" hidden class=\"wp-block-file__embed\" data=\"http:\/\/www.conselhodascomunidades.pt\/site\/wp-content\/uploads\/2025\/03\/REGULAMENTO-CJCCP-E-ANEXO-I.pdf\" type=\"application\/pdf\" style=\"width:100%;height:600px\" aria-label=\"Incorporado de REGULAMENTO CJCCP E ANEXO I.\"><\/object><a id=\"wp-block-file--media-6be419a0-a749-4ff1-87fd-1eacb8508137\" href=\"http:\/\/www.conselhodascomunidades.pt\/site\/wp-content\/uploads\/2025\/03\/REGULAMENTO-CJCCP-E-ANEXO-I.pdf\">REGULAMENTO CJCCP E ANEXO I<\/a><a href=\"http:\/\/www.conselhodascomunidades.pt\/site\/wp-content\/uploads\/2025\/03\/REGULAMENTO-CJCCP-E-ANEXO-I.pdf\" class=\"wp-block-file__button wp-element-button\" download aria-describedby=\"wp-block-file--media-6be419a0-a749-4ff1-87fd-1eacb8508137\">Baixar<\/a><\/div>\n","protected":false},"excerpt":{"rendered":"","protected":false},"author":1,"featured_media":0,"parent":0,"menu_order":0,"comment_status":"closed","ping_status":"closed","template":"","meta":{"footnotes":""},"class_list":["post-1947","page","type-page","status-publish","hentry"],"_links":{"self":[{"href":"http:\/\/www.conselhodascomunidades.pt\/site\/wp-json\/wp\/v2\/pages\/1947","targetHints":{"allow":["GET"]}}],"collection":[{"href":"http:\/\/www.conselhodascomunidades.pt\/site\/wp-json\/wp\/v2\/pages"}],"about":[{"href":"http:\/\/www.conselhodascomunidades.pt\/site\/wp-json\/wp\/v2\/types\/page"}],"author":[{"embeddable":true,"href":"http:\/\/www.conselhodascomunidades.pt\/site\/wp-json\/wp\/v2\/users\/1"}],"replies":[{"embeddable":true,"href":"http:\/\/www.conselhodascomunidades.pt\/site\/wp-json\/wp\/v2\/comments?post=1947"}],"version-history":[{"count":2,"href":"http:\/\/www.conselhodascomunidades.pt\/site\/wp-json\/wp\/v2\/pages\/1947\/revisions"}],"predecessor-version":[{"id":2141,"href":"http:\/\/www.conselhodascomunidades.pt\/site\/wp-json\/wp\/v2\/pages\/1947\/revisions\/2141"}],"wp:attachment":[{"href":"http:\/\/www.conselhodascomunidades.pt\/site\/wp-json\/wp\/v2\/media?parent=1947"}],"curies":[{"name":"wp","href":"https:\/\/api.w.org\/{rel}","templated":true}]}}