{"id":1951,"date":"2025-01-06T10:48:10","date_gmt":"2025-01-06T13:48:10","guid":{"rendered":"http:\/\/www.conselhodascomunidades.pt\/site\/?page_id=1951"},"modified":"2025-01-07T17:16:29","modified_gmt":"2025-01-07T20:16:29","slug":"comissao-juventude-constituicao-deste-mandato","status":"publish","type":"page","link":"http:\/\/www.conselhodascomunidades.pt\/site\/comissao-juventude-constituicao-deste-mandato\/","title":{"rendered":"COMISS\u00c3O JUVENTUDE &#8211; Constitui\u00e7\u00e3o deste mandato"},"content":{"rendered":"\n<hr class=\"wp-block-separator has-alpha-channel-opacity\"\/>\n\n\n\n<div data-wp-interactive=\"core\/file\" class=\"wp-block-file\"><object data-wp-bind--hidden=\"!state.hasPdfPreview\" hidden class=\"wp-block-file__embed\" data=\"http:\/\/www.conselhodascomunidades.pt\/site\/wp-content\/uploads\/2025\/01\/CJCCP-Constituicao-deste-Mandato.pdf\" type=\"application\/pdf\" style=\"width:100%;height:600px\" aria-label=\"Incorporado de CJCCP - Constitui\u00e7\u00e3o deste Mandato.\"><\/object><a id=\"wp-block-file--media-fce2e5b4-aa29-4443-ac1a-7a0cf6399d68\" href=\"http:\/\/www.conselhodascomunidades.pt\/site\/wp-content\/uploads\/2025\/01\/CJCCP-Constituicao-deste-Mandato.pdf\">CJCCP &#8211; Constitui\u00e7\u00e3o deste Mandato<\/a><a href=\"http:\/\/www.conselhodascomunidades.pt\/site\/wp-content\/uploads\/2025\/01\/CJCCP-Constituicao-deste-Mandato.pdf\" class=\"wp-block-file__button wp-element-button\" download aria-describedby=\"wp-block-file--media-fce2e5b4-aa29-4443-ac1a-7a0cf6399d68\">Baixar<\/a><\/div>\n","protected":false},"excerpt":{"rendered":"","protected":false},"author":1,"featured_media":0,"parent":0,"menu_order":0,"comment_status":"closed","ping_status":"closed","template":"","meta":{"footnotes":""},"class_list":["post-1951","page","type-page","status-publish","hentry"],"_links":{"self":[{"href":"http:\/\/www.conselhodascomunidades.pt\/site\/wp-json\/wp\/v2\/pages\/1951","targetHints":{"allow":["GET"]}}],"collection":[{"href":"http:\/\/www.conselhodascomunidades.pt\/site\/wp-json\/wp\/v2\/pages"}],"about":[{"href":"http:\/\/www.conselhodascomunidades.pt\/site\/wp-json\/wp\/v2\/types\/page"}],"author":[{"embeddable":true,"href":"http:\/\/www.conselhodascomunidades.pt\/site\/wp-json\/wp\/v2\/users\/1"}],"replies":[{"embeddable":true,"href":"http:\/\/www.conselhodascomunidades.pt\/site\/wp-json\/wp\/v2\/comments?post=1951"}],"version-history":[{"count":3,"href":"http:\/\/www.conselhodascomunidades.pt\/site\/wp-json\/wp\/v2\/pages\/1951\/revisions"}],"predecessor-version":[{"id":1990,"href":"http:\/\/www.conselhodascomunidades.pt\/site\/wp-json\/wp\/v2\/pages\/1951\/revisions\/1990"}],"wp:attachment":[{"href":"http:\/\/www.conselhodascomunidades.pt\/site\/wp-json\/wp\/v2\/media?parent=1951"}],"curies":[{"name":"wp","href":"https:\/\/api.w.org\/{rel}","templated":true}]}}