{"id":1959,"date":"2025-01-06T10:53:05","date_gmt":"2025-01-06T13:53:05","guid":{"rendered":"http:\/\/www.conselhodascomunidades.pt\/site\/?page_id=1959"},"modified":"2025-01-06T10:53:41","modified_gmt":"2025-01-06T13:53:41","slug":"comissao-juventude","status":"publish","type":"page","link":"http:\/\/www.conselhodascomunidades.pt\/site\/comissao-juventude\/","title":{"rendered":"COMISS\u00c3O JUVENTUDE"},"content":{"rendered":"\n<hr class=\"wp-block-separator has-alpha-channel-opacity\"\/>\n\n\n\n<p><a href=\"http:\/\/www.conselhodascomunidades.pt\/site\/comissao-juventude-constituicao-deste-mandato\/\">Constitui\u00e7\u00e3o deste mandato<\/a><\/p>\n\n\n\n<p><a href=\"http:\/\/www.conselhodascomunidades.pt\/site\/comissao-juventude-composicao\/\">Composi\u00e7\u00e3o<\/a><\/p>\n\n\n\n<p><a href=\"http:\/\/www.conselhodascomunidades.pt\/site\/comissao-juventude-regulamentacao\/\">Regulamenta\u00e7\u00e3o<\/a><\/p>\n\n\n\n<p><a href=\"http:\/\/www.conselhodascomunidades.pt\/site\/comissao-juventude-atas\/\">Atas<\/a><\/p>\n\n\n\n<p><\/p>\n","protected":false},"excerpt":{"rendered":"<p>Constitui\u00e7\u00e3o deste mandato Composi\u00e7\u00e3o Regulamenta\u00e7\u00e3o Atas<\/p>\n","protected":false},"author":1,"featured_media":0,"parent":0,"menu_order":0,"comment_status":"closed","ping_status":"closed","template":"","meta":{"footnotes":""},"class_list":["post-1959","page","type-page","status-publish","hentry"],"_links":{"self":[{"href":"http:\/\/www.conselhodascomunidades.pt\/site\/wp-json\/wp\/v2\/pages\/1959","targetHints":{"allow":["GET"]}}],"collection":[{"href":"http:\/\/www.conselhodascomunidades.pt\/site\/wp-json\/wp\/v2\/pages"}],"about":[{"href":"http:\/\/www.conselhodascomunidades.pt\/site\/wp-json\/wp\/v2\/types\/page"}],"author":[{"embeddable":true,"href":"http:\/\/www.conselhodascomunidades.pt\/site\/wp-json\/wp\/v2\/users\/1"}],"replies":[{"embeddable":true,"href":"http:\/\/www.conselhodascomunidades.pt\/site\/wp-json\/wp\/v2\/comments?post=1959"}],"version-history":[{"count":2,"href":"http:\/\/www.conselhodascomunidades.pt\/site\/wp-json\/wp\/v2\/pages\/1959\/revisions"}],"predecessor-version":[{"id":1962,"href":"http:\/\/www.conselhodascomunidades.pt\/site\/wp-json\/wp\/v2\/pages\/1959\/revisions\/1962"}],"wp:attachment":[{"href":"http:\/\/www.conselhodascomunidades.pt\/site\/wp-json\/wp\/v2\/media?parent=1959"}],"curies":[{"name":"wp","href":"https:\/\/api.w.org\/{rel}","templated":true}]}}