{"id":274,"date":"2019-03-01T06:08:37","date_gmt":"2019-03-01T09:08:37","guid":{"rendered":"http:\/\/www.conselhodascomunidades.pt\/site\/?page_id=274"},"modified":"2025-07-22T09:07:08","modified_gmt":"2025-07-22T12:07:08","slug":"relatorio-anual-de-atividades-2","status":"publish","type":"page","link":"http:\/\/www.conselhodascomunidades.pt\/site\/relatorio-anual-de-atividades-2\/","title":{"rendered":"Relat\u00f3rio Anual de Atividades"},"content":{"rendered":"<p style=\"text-align: justify;\"><strong>O CONSELHO PERMANENTE do CCP, em cumprimento a um de seus deveres legais, emite anualmente, aquando de sua reuni\u00e3o presencial em Lisboa, um relat\u00f3rio de atividades do CCP durante o per\u00edodo anterior.<\/strong><\/p>\r\n<p style=\"text-align: justify;\"><strong>Assim, para dar ampla publicidade \u00e0s suas atividades, apresentam-se abaixo os relat\u00f3rios pertinentes aos per\u00edodos indicados em cada ficheiro.<\/strong><\/p>\r\n<ul>\r\n<li><a href=\"http:\/\/www.conselhodascomunidades.pt\/site\/wp-content\/uploads\/2025\/07\/CCP-Relatorio-Anual-de-Atividades-2024-2025.pdf\">Relat\u00f3rio Anual de Atividades &#8211; 2024-2025<\/a><\/li>\r\n<li><a href=\"http:\/\/www.conselhodascomunidades.pt\/site\/wp-content\/uploads\/2021\/11\/RELAT\u00d3RIO-GLOBAL-DE-ATIVIDADES-2016-2021-FINAL.pdf\"><span style=\"font-family: georgia, serif; font-size: large;\"><span style=\"color: #0000ff;\">Relat\u00f3rio Global de atividades do mandato 2016-2021<\/span><\/span><\/a><\/li>\r\n<li><a href=\"http:\/\/www.conselhodascomunidades.pt\/site\/wp-content\/uploads\/2022\/07\/Relat\u00f3rio-Anual-de-Atividades-CCP.pdf\">Relat\u00f3rio de atividades 2021-2022<\/a><\/li>\r\n<li><a href=\"http:\/\/www.conselhodascomunidades.pt\/site\/wp-content\/uploads\/2020\/07\/RELAT\u00d3RIO-DE-ACTIVIDADES-2019-2020.pdf\">Relat\u00f3rio de atividades 2019-2020<\/a><\/li>\r\n<li class=\"wp-block-file\"><a href=\"http:\/\/www.conselhodascomunidades.pt\/site\/wp-content\/uploads\/2019\/06\/Xerox-Scan.pdf\">Relat\u00f3rio de atividades 2018-2019<\/a><!-- \/wp:post-content -->\r\n\r\n<!-- wp:file {\"id\":166,\"href\":\"http:\/\/www.conselhodascomunidades.pt\/site\/wp-content\/uploads\/2019\/02\/RELAT\u00d3RIO-DE-ACTIVIDADES-2016-2017.pdf\"} --><\/li>\r\n<li><a href=\"http:\/\/www.conselhodascomunidades.pt\/site\/wp-content\/uploads\/2019\/02\/Relat\u00f3rio-de-atividades-2017-2018.pdf\">Relat\u00f3rio de atividades 2017-2018<\/a><\/li>\r\n<li class=\"wp-block-file\"><a href=\"http:\/\/www.conselhodascomunidades.pt\/site\/wp-content\/uploads\/2019\/02\/RELAT\u00d3RIO-DE-ACTIVIDADES-2016-2017.pdf\">Relat\u00f3rio de atividades 2016-2017<\/a><\/li>\r\n<\/ul>","protected":false},"excerpt":{"rendered":"<p>O CONSELHO PERMANENTE do CCP, em cumprimento a um de seus deveres legais, emite anualmente, aquando de sua reuni\u00e3o presencial em Lisboa, um relat\u00f3rio de atividades do CCP durante o per\u00edodo anterior. Assim, para dar ampla publicidade \u00e0s suas atividades, &hellip; <a href=\"http:\/\/www.conselhodascomunidades.pt\/site\/relatorio-anual-de-atividades-2\/\">Continue lendo <span class=\"meta-nav\">&rarr;<\/span><\/a><\/p>\n","protected":false},"author":1,"featured_media":0,"parent":0,"menu_order":0,"comment_status":"closed","ping_status":"closed","template":"","meta":{"footnotes":""},"class_list":["post-274","page","type-page","status-publish","hentry"],"_links":{"self":[{"href":"http:\/\/www.conselhodascomunidades.pt\/site\/wp-json\/wp\/v2\/pages\/274","targetHints":{"allow":["GET"]}}],"collection":[{"href":"http:\/\/www.conselhodascomunidades.pt\/site\/wp-json\/wp\/v2\/pages"}],"about":[{"href":"http:\/\/www.conselhodascomunidades.pt\/site\/wp-json\/wp\/v2\/types\/page"}],"author":[{"embeddable":true,"href":"http:\/\/www.conselhodascomunidades.pt\/site\/wp-json\/wp\/v2\/users\/1"}],"replies":[{"embeddable":true,"href":"http:\/\/www.conselhodascomunidades.pt\/site\/wp-json\/wp\/v2\/comments?post=274"}],"version-history":[{"count":11,"href":"http:\/\/www.conselhodascomunidades.pt\/site\/wp-json\/wp\/v2\/pages\/274\/revisions"}],"predecessor-version":[{"id":2233,"href":"http:\/\/www.conselhodascomunidades.pt\/site\/wp-json\/wp\/v2\/pages\/274\/revisions\/2233"}],"wp:attachment":[{"href":"http:\/\/www.conselhodascomunidades.pt\/site\/wp-json\/wp\/v2\/media?parent=274"}],"curies":[{"name":"wp","href":"https:\/\/api.w.org\/{rel}","templated":true}]}}