{"id":31,"date":"2019-02-12T10:39:02","date_gmt":"2019-02-12T13:39:02","guid":{"rendered":"http:\/\/cpccp1.hospedagemdesites.ws\/site\/?page_id=31"},"modified":"2025-01-10T10:11:36","modified_gmt":"2025-01-10T13:11:36","slug":"participacao-em-outros-conselhos","status":"publish","type":"page","link":"http:\/\/www.conselhodascomunidades.pt\/site\/participacao-em-outros-conselhos\/","title":{"rendered":"Participa\u00e7\u00e3o em Outros Conselhos"},"content":{"rendered":"<h1 style=\"font-weight: 400; text-align: center;\"><strong>Participa\u00e7\u00e3o em Outros Conselhos\u00a0<\/strong><\/h1>\n<hr \/>\n<p style=\"font-weight: 400;\"><strong>ASSENTOS EM OUTROS CONSELHOS<\/strong><\/p>\n<p style=\"font-weight: 400;\">\u00a0\u00a0\u00a0\u00a0\u00a0\u00a0\u00a0\u00a0\u00a0O CCP, ao abrigo de previs\u00f5es legais vigentes, tem assentos nos seguintes Conselhos:<\/p>\n<p style=\"font-weight: 400;\"><strong>1) CONSELHO ECON\u00d3MICO E SOCIAL\u00a0<\/strong><a href=\"http:\/\/www.ces.pt\/\" data-saferedirecturl=\"https:\/\/www.google.com\/url?q=http:\/\/www.ces.pt\/&amp;source=gmail&amp;ust=1736600229790000&amp;usg=AOvVaw0biDEUbV0zx27rEqU6v8ml\">www.ces.pt<\/a><\/p>\n<p style=\"font-weight: 400;\">. Ant\u00f3nio Paulo Marques \u2013 Fran\u00e7a e Manuel C\u00e2ndido Coelho \u2013 Nam\u00edbia\u00a0 (suplente);<\/p>\n<p style=\"font-weight: 400;\">. Rui Manuel Barata \u2013 Fran\u00e7a e Jos\u00e9 Fernando Campos \u2013 Venezuela (suplente).<\/p>\n<p style=\"font-weight: 400;\"><strong>2) CONSELHO NACIONAL DE EDUCA\u00c7\u00c3O\u00a0<\/strong><a href=\"http:\/\/www.cnedu.pt\/\" data-saferedirecturl=\"https:\/\/www.google.com\/url?q=http:\/\/www.cnedu.pt\/&amp;source=gmail&amp;ust=1736600229790000&amp;usg=AOvVaw0u_jktxFOuUJSDxtJC-E7K\">www.cnedu.pt<\/a><\/p>\n<p style=\"font-weight: 400;\">. Vitor Gabriel de Oliveira \u2013 Fran\u00e7a e Sandra Concei\u00e7\u00e3o Mano \u2013 Gr\u00e3-Bretanha (suplente).<\/p>\n<p style=\"font-weight: 400;\"><strong>3) CONSELHO DE OPINI\u00c3O DA RTP\u00a0<\/strong><u><a href=\"http:\/\/media.rtp.pt\/\" data-saferedirecturl=\"https:\/\/www.google.com\/url?q=http:\/\/media.rtp.pt&amp;source=gmail&amp;ust=1736600229790000&amp;usg=AOvVaw3ZrlzH-P5CzeFUNpy0IJRF\">http:\/\/media.rtp.pt<\/a>\u00a0(\u00f3rg\u00e3os sociais)<\/u><\/p>\n<p style=\"font-weight: 400;\">. Ant\u00f3nio Paulo Marques \u2013 Fran\u00e7a e Rui Manuel Barata \u2013 Fran\u00e7a &#8211; (suplente).<\/p>\n<p style=\"font-weight: 400;\"><strong>4) CONSELHO DA DI\u00c1SPORA A\u00c7ORIANA\u00a0<\/strong><\/p>\n<p style=\"font-weight: 400;\"><a href=\"https:\/\/acorianosnomundo.azores.gov.pt\/\" data-saferedirecturl=\"https:\/\/www.google.com\/url?q=https:\/\/acorianosnomundo.azores.gov.pt&amp;source=gmail&amp;ust=1736600229790000&amp;usg=AOvVaw3-ie4B1zBGnBQY1jUAxHHZ\">https:\/\/acorianosnomundo.azores.gov.pt<\/a><\/p>\n<p style=\"font-weight: 400;\">. M\u00e1rcia Vit\u00f3ria Sousa &#8211; EUA e Manuel Bettencourt \u2013 EUA (suplente).<\/p>\n<p style=\"font-weight: 400;\"><strong>5) CCSS (Conselho Consultivo Coordena\u00e7\u00e3o Int. de Seguran\u00e7a Social)<\/strong><\/p>\n<p style=\"font-weight: 400;\"><u><a href=\"https:\/\/diariodarepublica.pt\/dr\/detalhe\/decreto-regulamentar\/36-2012-553956\" data-saferedirecturl=\"https:\/\/www.google.com\/url?q=https:\/\/diariodarepublica.pt\/dr\/detalhe\/decreto-regulamentar\/36-2012-553956&amp;source=gmail&amp;ust=1736600229790000&amp;usg=AOvVaw1FCxP6bbHXVwEerWnbSEbt\">https:\/\/diariodarepublica.pt\/dr\/detalhe\/decreto-regulamentar\/36-2012-553956<\/a><\/u><\/p>\n<p style=\"font-weight: 400;\">. Beatriz Guedes \u2013 Brasil e Vasco P. de Abreu \u2013 \u00c1frica do Sul (suplente);<\/p>\n<p style=\"font-weight: 400;\">. Ant\u00f3nio Guerra Iria \u2013 Su\u00ed\u00e7a e Carlos Rui Marcelo \u2013 China (suplente).<\/p>\n<p style=\"font-weight: 400;\"><strong>6) CONSELHO CONSULTIVO DA JUVENTUDE<\/strong><\/p>\n<p style=\"font-weight: 400;\"><u><a href=\"https:\/\/diariodarepublica.pt\/dr\/legislacao-consolidada\/decreto-lei\/1996-69773265\" data-saferedirecturl=\"https:\/\/www.google.com\/url?q=https:\/\/diariodarepublica.pt\/dr\/legislacao-consolidada\/decreto-lei\/1996-69773265&amp;source=gmail&amp;ust=1736600229790000&amp;usg=AOvVaw2O3Vor4qCS0nrqlaQzbaxt\">https:\/\/diariodarepublica.pt\/dr\/legislacao-consolidada\/decreto-lei\/1996-69773265<\/a><\/u><\/p>\n<p style=\"font-weight: 400;\">. Daniel Ferreira Loureiro \u2013 Canad\u00e1 e Beatriz Guedes \u2013 Brasil (suplente).<\/p>\n<hr \/>\n<p style=\"font-weight: 400;\"><em><strong>OBS.:<\/strong>\u00a0O CCP demanda, e apresentou proposta para isso, o direito a 1 (um) assento na Comiss\u00e3o Nacional de Elei\u00e7\u00f5es (CNE \u2013\u00a0<a href=\"http:\/\/www.cne.pt\/\" data-saferedirecturl=\"https:\/\/www.google.com\/url?q=http:\/\/www.cne.pt\/&amp;source=gmail&amp;ust=1736600229790000&amp;usg=AOvVaw2nmliEMWBovPsUoRNlZwr9\">www.cne.pt<\/a>), especialmente ap\u00f3s as recentes altera\u00e7\u00f5es \u00e0s leis eleitorais para as Comunidades.\u00a0<\/em><\/p>\n","protected":false},"excerpt":{"rendered":"<p>Participa\u00e7\u00e3o em Outros Conselhos\u00a0 ASSENTOS EM OUTROS CONSELHOS \u00a0\u00a0\u00a0\u00a0\u00a0\u00a0\u00a0\u00a0\u00a0O CCP, ao abrigo de previs\u00f5es legais vigentes, tem assentos nos seguintes Conselhos: 1) CONSELHO ECON\u00d3MICO E SOCIAL\u00a0www.ces.pt . Ant\u00f3nio Paulo Marques \u2013 Fran\u00e7a e Manuel C\u00e2ndido Coelho \u2013 Nam\u00edbia\u00a0 (suplente); . &hellip; <a href=\"http:\/\/www.conselhodascomunidades.pt\/site\/participacao-em-outros-conselhos\/\">Continue lendo <span class=\"meta-nav\">&rarr;<\/span><\/a><\/p>\n","protected":false},"author":1,"featured_media":0,"parent":0,"menu_order":0,"comment_status":"closed","ping_status":"closed","template":"","meta":{"footnotes":""},"class_list":["post-31","page","type-page","status-publish","hentry"],"_links":{"self":[{"href":"http:\/\/www.conselhodascomunidades.pt\/site\/wp-json\/wp\/v2\/pages\/31","targetHints":{"allow":["GET"]}}],"collection":[{"href":"http:\/\/www.conselhodascomunidades.pt\/site\/wp-json\/wp\/v2\/pages"}],"about":[{"href":"http:\/\/www.conselhodascomunidades.pt\/site\/wp-json\/wp\/v2\/types\/page"}],"author":[{"embeddable":true,"href":"http:\/\/www.conselhodascomunidades.pt\/site\/wp-json\/wp\/v2\/users\/1"}],"replies":[{"embeddable":true,"href":"http:\/\/www.conselhodascomunidades.pt\/site\/wp-json\/wp\/v2\/comments?post=31"}],"version-history":[{"count":7,"href":"http:\/\/www.conselhodascomunidades.pt\/site\/wp-json\/wp\/v2\/pages\/31\/revisions"}],"predecessor-version":[{"id":2012,"href":"http:\/\/www.conselhodascomunidades.pt\/site\/wp-json\/wp\/v2\/pages\/31\/revisions\/2012"}],"wp:attachment":[{"href":"http:\/\/www.conselhodascomunidades.pt\/site\/wp-json\/wp\/v2\/media?parent=31"}],"curies":[{"name":"wp","href":"https:\/\/api.w.org\/{rel}","templated":true}]}}