{"id":40,"date":"2019-02-12T10:47:21","date_gmt":"2019-02-12T13:47:21","guid":{"rendered":"http:\/\/cpccp1.hospedagemdesites.ws\/site\/?page_id=40"},"modified":"2025-01-07T17:20:18","modified_gmt":"2025-01-07T20:20:18","slug":"conselheiros-em-mandato","status":"publish","type":"page","link":"http:\/\/www.conselhodascomunidades.pt\/site\/conselheiros-em-mandato\/","title":{"rendered":"Conselheiros em Mandato"},"content":{"rendered":"\r\n<h1>Conselheiros em Mandato<\/h1>\r\n<p style=\"font-weight: 400;\">O CCP \u00e9 composto\u00a0por um m\u00e1ximo de 90 membros, eleitos pelos cidad\u00e3os portugueses residentes\u00a0no estrangeiro que sejam eleitores para a Assembleia\u00a0da Rep\u00fablica.<\/p>\r\n<p style=\"font-weight: 400;\">Atualmente s\u00e3o 76 conselheiros\/as, cujos mandatos t\u00eam a dura\u00e7\u00e3o de quatro anos (2023-2027).<\/p>\r\n<p style=\"font-weight: 400;\"><strong>S\u00e3o deveres dos Conselheiros das Comunidades Portuguesas<\/strong><\/p>\r\n<ul>\r\n<li style=\"font-weight: 400;\">Comparecer nas reuni\u00f5es do Conselho onde tenham assento e das Comiss\u00f5es que se venham a criar e \u00e0s quais perten\u00e7am;<\/li>\r\n<li style=\"font-weight: 400;\">Contribuir para o bom funcionamento das referidas reuni\u00f5es, bem como participar nas respetivas vota\u00e7\u00f5es das delibera\u00e7\u00f5es;<\/li>\r\n<li style=\"font-weight: 400;\">Contribuir para o adequado desempenho das compet\u00eancias atribu\u00eddas ao Conselho;<\/li>\r\n<li style=\"font-weight: 400;\">Cooperar com institui\u00e7\u00f5es ou entidades dos pa\u00edses de acolhimento em mat\u00e9ria\u00a0de interesse das comunidades portuguesas;<\/li>\r\n<\/ul>\r\n<ul style=\"font-weight: 400;\">\r\n<li>Apresentar anualmente nas reuni\u00f5es do Conselho Regional um relat\u00f3rio das atividades e da situa\u00e7\u00e3o da comunidade na sua\/s \u00e1rea\/s de jurisdi\u00e7\u00e3o.<\/li>\r\n<\/ul>\r\n<p style=\"font-weight: 400;\"><strong>S\u00e3o direitos dos Conselheiros das Comunidades Portuguesas\u00a0<\/strong><\/p>\r\n<ul>\r\n<li style=\"font-weight: 400;\">Intervir em debates, apresentar propostas e votar;<\/li>\r\n<li style=\"font-weight: 400;\">Solicitar, por escrito, esclarecimentos aos titulares dos postos consulares nos c\u00edrculos eleitorais pelos quais foram eleitos;<\/li>\r\n<li style=\"font-weight: 400;\">Reunir semestralmente com os titulares das miss\u00f5es diplom\u00e1ticas e dos postos consulares;<\/li>\r\n<li style=\"font-weight: 400;\">Reunir, pelo menos uma vez por ano, na Embaixada de Portugal, com os t\u00e9cnicos e diplomatas do Minist\u00e9rio dos Neg\u00f3cios Estrangeiros para troca de informa\u00e7\u00f5es sobre quest\u00f5es de import\u00e2ncia para o pa\u00eds e para as comunidades portuguesas em dom\u00ednios como o ensino, temas sociais, economia, associativismo, cultura, entre outros;<\/li>\r\n<li style=\"font-weight: 400;\">Solicitar, por escrito, atrav\u00e9s do membro do Governo respons\u00e1vel pela \u00e1rea das comunidades, aos diversos servi\u00e7os dependentes do Estado Portugu\u00eas no estrangeiro, informa\u00e7\u00f5es sobre quest\u00f5es relacionadas com as comunidades portuguesas e emigra\u00e7\u00e3o;<\/li>\r\n<li style=\"font-weight: 400;\">Ser membro, por iner\u00eancia, dos Conselhos Consultivos dos postos consulares do c\u00edrculo eleitoral por onde s\u00e3o eleitos;<\/li>\r\n<li style=\"font-weight: 400;\">Dispor de um cart\u00e3o oficial de identifica\u00e7\u00e3o.<\/li>\r\n<\/ul>\r\n<div><b>Contatos dos Conselheiros<\/b><\/div>\r\n<ul>\r\n<li>Se quiser contatar diretamente uma conselheira ou um conselheiro dever\u00e1 aceder a essas informa\u00e7\u00f5es na composi\u00e7\u00e3o do Conselho Permanente\u00a0ou dos Conselhos Regionais.<\/li>\r\n<\/ul>\r\n","protected":false},"excerpt":{"rendered":"<p>Conselheiros em Mandato O CCP \u00e9 composto\u00a0por um m\u00e1ximo de 90 membros, eleitos pelos cidad\u00e3os portugueses residentes\u00a0no estrangeiro que sejam eleitores para a Assembleia\u00a0da Rep\u00fablica. Atualmente s\u00e3o 76 conselheiros\/as, cujos mandatos t\u00eam a dura\u00e7\u00e3o de quatro anos (2023-2027). S\u00e3o deveres &hellip; <a href=\"http:\/\/www.conselhodascomunidades.pt\/site\/conselheiros-em-mandato\/\">Continue lendo <span class=\"meta-nav\">&rarr;<\/span><\/a><\/p>\n","protected":false},"author":1,"featured_media":0,"parent":0,"menu_order":0,"comment_status":"closed","ping_status":"closed","template":"","meta":{"footnotes":""},"class_list":["post-40","page","type-page","status-publish","hentry"],"_links":{"self":[{"href":"http:\/\/www.conselhodascomunidades.pt\/site\/wp-json\/wp\/v2\/pages\/40","targetHints":{"allow":["GET"]}}],"collection":[{"href":"http:\/\/www.conselhodascomunidades.pt\/site\/wp-json\/wp\/v2\/pages"}],"about":[{"href":"http:\/\/www.conselhodascomunidades.pt\/site\/wp-json\/wp\/v2\/types\/page"}],"author":[{"embeddable":true,"href":"http:\/\/www.conselhodascomunidades.pt\/site\/wp-json\/wp\/v2\/users\/1"}],"replies":[{"embeddable":true,"href":"http:\/\/www.conselhodascomunidades.pt\/site\/wp-json\/wp\/v2\/comments?post=40"}],"version-history":[{"count":6,"href":"http:\/\/www.conselhodascomunidades.pt\/site\/wp-json\/wp\/v2\/pages\/40\/revisions"}],"predecessor-version":[{"id":1993,"href":"http:\/\/www.conselhodascomunidades.pt\/site\/wp-json\/wp\/v2\/pages\/40\/revisions\/1993"}],"wp:attachment":[{"href":"http:\/\/www.conselhodascomunidades.pt\/site\/wp-json\/wp\/v2\/media?parent=40"}],"curies":[{"name":"wp","href":"https:\/\/api.w.org\/{rel}","templated":true}]}}