{"id":45,"date":"2019-02-12T11:00:28","date_gmt":"2019-02-12T14:00:28","guid":{"rendered":"http:\/\/cpccp1.hospedagemdesites.ws\/site\/?page_id=45"},"modified":"2019-02-12T11:00:28","modified_gmt":"2019-02-12T14:00:28","slug":"conselho-permanente","status":"publish","type":"page","link":"http:\/\/www.conselhodascomunidades.pt\/site\/conselho-permanente\/","title":{"rendered":"Conselho Permanente"},"content":{"rendered":"\n<h2 class=\"wp-block-heading\"><strong>Compet\u00eancias\u00a0 \u00a0 \u00a0 \u00a0 \u00a0 \u00a0 \u00a0\u00a0<\/strong><\/h2>\n\n\n\n<p>&nbsp;Compete ao Conselho Permanente:<\/p>\n\n\n\n<p>. eleger, anualmente, de entre os seus membros, o presidente, o vice-presidente e um secret\u00e1rio;<\/p>\n\n\n\n<p>. aprovar a sua organiza\u00e7\u00e3o interna e o regulamento interno do seu funcionamento;<\/p>\n\n\n\n<p>. acompanhar a execu\u00e7\u00e3o das delibera\u00e7\u00f5es e recomenda\u00e7\u00f5es do Conselho;<\/p>\n\n\n\n<p>. coordenar a execu\u00e7\u00e3o do Plano de A\u00e7\u00e3o;<\/p>\n\n\n\n<p>. elaborar um relat\u00f3rio de actividades anual;<\/p>\n\n\n\n<p>. emitir parecer sobre as pol\u00edticas relativas \u00e0s comunidades portuguesas;<\/p>\n\n\n\n<p>. assegurar a representa\u00e7\u00e3o do Conselho em reuni\u00f5es internacionais e em outros \u00f3rg\u00e3os institucionais;<\/p>\n\n\n\n<p>. dar parecer sobre a gest\u00e3o do or\u00e7amento do Conselho;<\/p>\n\n\n\n<p>. tomar conhecimento de todas as consultas feitas ao Conselho;<\/p>\n\n\n\n<p>. homologar e registar as sec\u00e7\u00f5es e subsec\u00e7\u00f5es locais;<\/p>\n\n\n\n<p>. assegurar as liga\u00e7\u00f5es entre os conselhos regionais e as sec\u00e7\u00f5es e subsec\u00e7\u00f5es;<\/p>\n\n\n\n<p>As delibera\u00e7\u00f5es do CP\/CCP s\u00e3o tomadas por maioria simples dos votos dos membros presentes.<\/p>\n","protected":false},"excerpt":{"rendered":"<p>Compet\u00eancias\u00a0 \u00a0 \u00a0 \u00a0 \u00a0 \u00a0 \u00a0\u00a0 &nbsp;Compete ao Conselho Permanente: . eleger, anualmente, de entre os seus membros, o presidente, o vice-presidente e um secret\u00e1rio; . aprovar a sua organiza\u00e7\u00e3o interna e o regulamento interno do seu funcionamento; . &hellip; <a href=\"http:\/\/www.conselhodascomunidades.pt\/site\/conselho-permanente\/\">Continue lendo <span class=\"meta-nav\">&rarr;<\/span><\/a><\/p>\n","protected":false},"author":1,"featured_media":0,"parent":0,"menu_order":0,"comment_status":"closed","ping_status":"closed","template":"","meta":{"footnotes":""},"class_list":["post-45","page","type-page","status-publish","hentry"],"_links":{"self":[{"href":"http:\/\/www.conselhodascomunidades.pt\/site\/wp-json\/wp\/v2\/pages\/45","targetHints":{"allow":["GET"]}}],"collection":[{"href":"http:\/\/www.conselhodascomunidades.pt\/site\/wp-json\/wp\/v2\/pages"}],"about":[{"href":"http:\/\/www.conselhodascomunidades.pt\/site\/wp-json\/wp\/v2\/types\/page"}],"author":[{"embeddable":true,"href":"http:\/\/www.conselhodascomunidades.pt\/site\/wp-json\/wp\/v2\/users\/1"}],"replies":[{"embeddable":true,"href":"http:\/\/www.conselhodascomunidades.pt\/site\/wp-json\/wp\/v2\/comments?post=45"}],"version-history":[{"count":1,"href":"http:\/\/www.conselhodascomunidades.pt\/site\/wp-json\/wp\/v2\/pages\/45\/revisions"}],"predecessor-version":[{"id":46,"href":"http:\/\/www.conselhodascomunidades.pt\/site\/wp-json\/wp\/v2\/pages\/45\/revisions\/46"}],"wp:attachment":[{"href":"http:\/\/www.conselhodascomunidades.pt\/site\/wp-json\/wp\/v2\/media?parent=45"}],"curies":[{"name":"wp","href":"https:\/\/api.w.org\/{rel}","templated":true}]}}