{"id":52,"date":"2019-02-12T11:03:35","date_gmt":"2019-02-12T14:03:35","guid":{"rendered":"http:\/\/cpccp1.hospedagemdesites.ws\/site\/?page_id=52"},"modified":"2026-04-06T20:19:31","modified_gmt":"2026-04-06T23:19:31","slug":"atas","status":"publish","type":"page","link":"http:\/\/www.conselhodascomunidades.pt\/site\/atas\/","title":{"rendered":"Atas"},"content":{"rendered":"\n<h2 class=\"wp-block-heading\">2026<\/h2>\n\n\n\n<figure class=\"wp-block-table is-style-stripes\"><table><tbody><tr><td><a href=\"http:\/\/www.conselhodascomunidades.pt\/site\/wp-content\/uploads\/2026\/04\/Ata-19-Reuniao-CPCCP-6-Mar-2026-v3.0-Assinada.pdf\">19 Ata Reuni\u00e3o CPCCP<\/a><\/td><\/tr><tr><td><a href=\"http:\/\/www.conselhodascomunidades.pt\/site\/wp-content\/uploads\/2026\/04\/Ata-18-Reuniao-CPCCP-21-Fev-2026-v3.0-Assinada.pdf\">18 Ata Reuni\u00e3o CPCCP<\/a><\/td><\/tr><tr><td><a href=\"http:\/\/www.conselhodascomunidades.pt\/site\/wp-content\/uploads\/2026\/03\/Ata-17-Reuniao-CPCCP.pdf\">17 Ata Reuni\u00e3o CPCCP<\/a><\/td><\/tr><\/tbody><\/table><\/figure>\n\n\n\n<h2 class=\"wp-block-heading\">2025<\/h2>\n\n\n\n<figure class=\"wp-block-table is-style-stripes\"><table><tbody><tr><td><a href=\"http:\/\/www.conselhodascomunidades.pt\/site\/wp-content\/uploads\/2026\/01\/Ata-16-Reuniao-CPCCP-22-Dez-2025-v1.0-Assinada.pdf\">16 Ata Reuni\u00e3o CPCCP<\/a><\/td><\/tr><tr><td><a href=\"http:\/\/www.conselhodascomunidades.pt\/site\/wp-content\/uploads\/2026\/01\/Ata-15-Reuniao-CPCCP-8-Nov-2025.pdf\">15 Ata Reuni\u00e3o CPCCP<\/a><\/td><\/tr><tr><td><a href=\"http:\/\/www.conselhodascomunidades.pt\/site\/wp-content\/uploads\/2025\/11\/Ata-14-Reuniao-CPCCP-Lisboa-14-a-16-de-outubro-25-v.2.0-Assinada.pdf\">14 Ata Reuni\u00e3o CPCCP<\/a><\/td><\/tr><tr><td><a href=\"http:\/\/www.conselhodascomunidades.pt\/site\/wp-content\/uploads\/2025\/10\/Ata-13-Reuniao-CPCCP-20-Set-2025-v4.0-Assinada.pdf\">13 Ata Reuni\u00e3o CPCCP<\/a><\/td><\/tr><tr><td><a href=\"http:\/\/www.conselhodascomunidades.pt\/site\/wp-content\/uploads\/2025\/09\/Ata-12-Reuniao-CPCCP-Ext.pdf\">12 Ata Reuni\u00e3o CPCCP<\/a><\/td><\/tr><tr><td><a href=\"http:\/\/www.conselhodascomunidades.pt\/site\/wp-content\/uploads\/2025\/09\/Ata-11-Reuniao-CPCCP.pdf\">11 Ata Reuni\u00e3o CPCCP<\/a><\/td><\/tr><tr><td><a href=\"http:\/\/www.conselhodascomunidades.pt\/site\/wp-content\/uploads\/2025\/07\/Ata-10-Reuniao-CPCCP-Lisboa-07-a-09-de-julho-25.pdf\">Ata 10 Reuni\u00e3o CPCCP &#8211; Lisboa 07 a 09 de julho 25<\/a><\/td><\/tr><tr><td><a href=\"http:\/\/www.conselhodascomunidades.pt\/site\/wp-content\/uploads\/2025\/07\/Ata-9-Reuniao-CPCCP-21-Jun-2025-v3.0-Assinada.pdf\">09 Ata Reuni\u00e3o CPCCP<\/a><\/td><\/tr><tr><td><a href=\"http:\/\/www.conselhodascomunidades.pt\/site\/wp-content\/uploads\/2025\/06\/Ata-8-Reuniao-CPCCP-24-Mai-2025-v3.0-Assinada.pdf\">08 Ata Reuni\u00e3o CPCCP<\/a><\/td><\/tr><tr><td><a href=\"http:\/\/www.conselhodascomunidades.pt\/site\/wp-content\/uploads\/2025\/05\/Ata-7-Reuniao-CPCCP-26-Abr-25.pdf\">07 Ata Reuni\u00e3o CPCCP<\/a><\/td><\/tr><tr><td><a href=\"http:\/\/www.conselhodascomunidades.pt\/site\/wp-content\/uploads\/2025\/04\/Ata-6-Reuniao-CPCCP-15-Mar-2025-Final-Assinada.pdf\">06 Ata Reuni\u00e3o CPCCP<\/a><\/td><\/tr><tr><td><a href=\"http:\/\/www.conselhodascomunidades.pt\/site\/wp-content\/uploads\/2025\/03\/Ata-5-Reuniao-CPCCP-15-Fev-2025.pdf\">05 Ata Reuni\u00e3o CPCCP<\/a><\/td><\/tr><tr><td><a href=\"http:\/\/www.conselhodascomunidades.pt\/site\/wp-content\/uploads\/2025\/02\/Ata-4-Reuniao-CPCCP.pdf\">04 Ata Reuni\u00e3o CPCCP<\/a><\/td><\/tr><\/tbody><\/table><\/figure>\n\n\n\n<h2 class=\"wp-block-heading\">2024<\/h2>\n\n\n\n<figure class=\"wp-block-table is-style-stripes\"><table><tbody><tr><td><a href=\"http:\/\/www.conselhodascomunidades.pt\/site\/wp-content\/uploads\/2025\/02\/Ata-3-REUNIAO-CPCCP.pdf\">03 Ata Reuni\u00e3o CPCCP<\/a><\/td><\/tr><tr><td><a href=\"http:\/\/www.conselhodascomunidades.pt\/site\/wp-content\/uploads\/2025\/01\/Ata-2-Reuniao-CPCCP.pdf\">02 Ata Reunia\u0303o CPCCP<\/a><\/td><\/tr><tr><td><a href=\"http:\/\/www.conselhodascomunidades.pt\/site\/wp-content\/uploads\/2025\/01\/Ata-1a-Reuniao-CPCCP-Lisboa-out-24.pdf\">01 Ata Reunia\u0303o CPCCP &#8211; Lisboa &#8211; out 24<\/a><\/td><\/tr><\/tbody><\/table><\/figure>\n\n\n\n<h2 class=\"wp-block-heading\">2023<\/h2>\n\n\n\n<figure class=\"wp-block-table is-style-stripes\"><table><tbody><tr><td><a href=\"http:\/\/www.conselhodascomunidades.pt\/site\/wp-content\/uploads\/2024\/03\/82-Ata-da-Reuniao-CPCCP-online.pdf\">82 Ata Reuni\u00e3o CPCCP<\/a><\/td><\/tr><tr><td><a href=\"http:\/\/www.conselhodascomunidades.pt\/site\/wp-content\/uploads\/2024\/03\/ATA-REUNIAO-CPCCP-LISBOA-NOV-2023.pdf\">ATA REUNI\u00c3O LISBOA NOVEMBRO 2023<\/a><\/td><\/tr><tr><td><a href=\"http:\/\/www.conselhodascomunidades.pt\/site\/wp-content\/uploads\/2023\/11\/81-Ata-Reuniao-CPCCP-online.pdf\">81 Ata Reuni\u00e3o CPCCP<\/a><\/td><\/tr><tr><td><a href=\"http:\/\/www.conselhodascomunidades.pt\/site\/wp-content\/uploads\/2023\/11\/80-Ata-Reuniao-CPCCP-online.pdf\">80 Ata Reuni\u00e3o CPCCP<\/a><\/td><\/tr><tr><td><a href=\"http:\/\/www.conselhodascomunidades.pt\/site\/wp-content\/uploads\/2023\/10\/79-Ata-Reuniao-CPCCP-online.pdf\">79 Ata Reuni\u00e3o CPCCP<\/a><\/td><\/tr><tr><td><a href=\"http:\/\/www.conselhodascomunidades.pt\/site\/wp-content\/uploads\/2023\/10\/ATA-REUNIAO-LISBOA-JULHO-2023.pdf\">ATA REUNIA\u0303O LISBOA JULHO 2023<\/a><\/td><\/tr><tr><td><a href=\"http:\/\/www.conselhodascomunidades.pt\/site\/wp-content\/uploads\/2023\/08\/78-Ata-Reuni\u00e3o-CPCCP.pdf\">78 Ata Reuni\u00e3o CPCCP<\/a><\/td><\/tr><tr><td><a href=\"http:\/\/www.conselhodascomunidades.pt\/site\/wp-content\/uploads\/2023\/06\/77-Ata-Reuni\u00e3o-CPCCP.pdf\">77 Ata Reuni\u00e3o CPCCP<\/a><\/td><\/tr><tr><td><a href=\"http:\/\/www.conselhodascomunidades.pt\/site\/wp-content\/uploads\/2023\/06\/76-Ata-Reuni\u00e3o-CPCCP.pdf\">76 Ata Reuni\u00e3o CPCCP<\/a><\/td><\/tr><tr><td><a href=\"http:\/\/www.conselhodascomunidades.pt\/site\/wp-content\/uploads\/2023\/05\/75-Ata-Reuni\u00e3o-CPCCP.pdf\"> 75 Ata Reuni\u00e3o CPCCP <\/a><\/td><\/tr><tr><td><a href=\"http:\/\/www.conselhodascomunidades.pt\/site\/wp-content\/uploads\/2023\/05\/74-Ata-Reuni\u00e3o-CPCCP.pdf\">74 Ata Reuni\u00e3o CPCCP<\/a><\/td><\/tr><tr><td><a href=\"http:\/\/www.conselhodascomunidades.pt\/site\/wp-content\/uploads\/2023\/02\/73-Ata-Reuni\u00e3o-CPCCP.pdf\">73 Ata Reuni\u00e3o CPCCP<\/a><\/td><\/tr><\/tbody><\/table><\/figure>\n\n\n\n<h2 class=\"wp-block-heading\">2022<\/h2>\n\n\n\n<figure class=\"wp-block-table is-style-stripes\"><table><tbody><tr><td> <a href=\"http:\/\/www.conselhodascomunidades.pt\/site\/wp-content\/uploads\/2023\/02\/72-Ata-Reuni%C3%A3o-CPCCP1.pdf\">72 Ata Reuni\u00e3o CPCCP<\/a> <\/td><\/tr><tr><td><a href=\"http:\/\/www.conselhodascomunidades.pt\/site\/wp-content\/uploads\/2023\/02\/ATA-REUNI\u00c3O-EXTRAORDIN\u00c1RIA-EM-LISBOA-2022.pdf\">Ata Reuni\u00e3o Extraordin\u00e1ria CPCCP LISBOA 2022<\/a><\/td><\/tr><tr><td> <a href=\"http:\/\/www.conselhodascomunidades.pt\/site\/wp-content\/uploads\/2022\/12\/71-Ata-Reunia\u0303o-CPCCP-online.pdf\">71 Ata Reuni\u00e3o CPCCP <\/a><\/td><\/tr><tr><td><a href=\"http:\/\/www.conselhodascomunidades.pt\/site\/wp-content\/uploads\/2022\/11\/70-Ata-Reuni\u00e3o-CPCCP.pdf\">70 Ata Reuni\u00e3o CPCCP<\/a><\/td><\/tr><tr><td><a href=\"http:\/\/www.conselhodascomunidades.pt\/site\/wp-content\/uploads\/2022\/10\/69-Ata-Reunia\u0303o-CPCCP.pdf\">69 Ata Reuni\u00e3o CPCCP<\/a><\/td><\/tr><tr><td><a href=\"http:\/\/www.conselhodascomunidades.pt\/site\/wp-content\/uploads\/2022\/08\/68-Ata-reuni\u00e3o-CPCCP.pdf\">68 Ata Reuni\u00e3o CPCCP<\/a><\/td><\/tr><tr><td><a href=\"http:\/\/www.conselhodascomunidades.pt\/site\/wp-content\/uploads\/2022\/08\/Ata-Reuni\u00e3o-CPCCP-LISBOA-2022.pdf\">Ata Reuni\u00e3o CPCCP LISBOA 2022<\/a><\/td><\/tr><tr><td><a href=\"http:\/\/www.conselhodascomunidades.pt\/site\/wp-content\/uploads\/2022\/08\/67-Ata-reuni\u00e3o-CPCCP.pdf\">67 Ata Reuni\u00e3o CPCCP<\/a><\/td><\/tr><tr><td><a href=\"http:\/\/www.conselhodascomunidades.pt\/site\/wp-content\/uploads\/2022\/06\/ATA662022_220629_002007.pdf\">66 Ata Reuni\u00e3o CPCCP<\/a><\/td><\/tr><tr><td><a href=\"http:\/\/www.conselhodascomunidades.pt\/site\/wp-content\/uploads\/2022\/06\/ATA652022_220629_001952.pdf\">65 Ata Reuni\u00e3o CPCCP<\/a><\/td><\/tr><tr><td><a href=\"http:\/\/www.conselhodascomunidades.pt\/site\/wp-content\/uploads\/2022\/06\/64-Ata-reuni\u00e3o-CPCCP.pdf\">64 Ata Reuni\u00e3o CPCCP<\/a><\/td><\/tr><tr><td><a href=\"http:\/\/www.conselhodascomunidades.pt\/site\/wp-content\/uploads\/2022\/06\/63-Ata-reuni\u00e3o-CPCCP.pdf\">63 Ata Reuni\u00e3o CPCCP<\/a><\/td><\/tr><tr><td><a href=\"http:\/\/www.conselhodascomunidades.pt\/site\/wp-content\/uploads\/2022\/03\/IMG_20220308_0001.pdf\">62 Ata Reuni\u00e3o CPCCP<\/a><\/td><\/tr><tr><td><a href=\"http:\/\/www.conselhodascomunidades.pt\/site\/wp-content\/uploads\/2022\/03\/IMG_20220308_0002.pdf\">61 Ata Reuni\u00e3o CPCCP\ufeff<\/a><\/td><\/tr><\/tbody><\/table><\/figure>\n\n\n\n<h2 class=\"wp-block-heading\">2021<\/h2>\n\n\n\n<figure class=\"wp-block-table is-style-stripes\"><table><tbody><tr><td><a href=\"http:\/\/www.conselhodascomunidades.pt\/site\/wp-content\/uploads\/2022\/02\/60-Ata-Reunia\u0303o-CPCCP.pdf\">60 Ata Reuni\u00e3o CPCCP<\/a><\/td><\/tr><tr><td><a href=\"http:\/\/www.conselhodascomunidades.pt\/site\/wp-content\/uploads\/2022\/01\/Untitled.pdf\">59 Ata Reuni\u00e3o CPCCP<\/a><\/td><\/tr><tr><td><a href=\"http:\/\/www.conselhodascomunidades.pt\/site\/wp-content\/uploads\/2021\/12\/ATA-Lisboa-outubro-2021.pdf\">Ata Reuni\u00e3o CPCCP LISBOA 2021<\/a><\/td><\/tr><tr><td><a href=\"http:\/\/www.conselhodascomunidades.pt\/site\/wp-content\/uploads\/2021\/11\/58-Ata-reunia\u0303o-CPCCP.pdf\">58 Ata Reuni\u00e3o CPCCP<\/a><\/td><\/tr><tr><td><a href=\"http:\/\/www.conselhodascomunidades.pt\/site\/wp-content\/uploads\/2021\/09\/57-Ata-Reunia\u0303o-CPCCP.pdf\">57 Ata Reuni\u00e3o CPCCP<\/a><\/td><\/tr><tr><td><a href=\"http:\/\/www.conselhodascomunidades.pt\/site\/wp-content\/uploads\/2021\/08\/56-Ata-Reunia\u0303o-CPCCP.pdf\">56 Ata Reuni\u00e3o CPCCP<\/a><\/td><\/tr><tr><td><a href=\"http:\/\/www.conselhodascomunidades.pt\/site\/wp-content\/uploads\/2021\/08\/55-Ata-Reunia\u0303o-CPCCP.pdf\">55 Ata Reuni\u00e3o CPCCP<\/a><\/td><\/tr><tr><td><a href=\"http:\/\/www.conselhodascomunidades.pt\/site\/wp-content\/uploads\/2021\/08\/54-Ata-Reunia\u0303o-CPCCP.pdf\">54 Ata Reuni\u00e3o CPCCP<\/a><\/td><\/tr><tr><td><a href=\"http:\/\/www.conselhodascomunidades.pt\/site\/wp-content\/uploads\/2021\/05\/IMG_20210516_0001.pdf\">53 Ata Reuni\u00e3o CPCCP<\/a><\/td><\/tr><tr><td><a href=\"http:\/\/www.conselhodascomunidades.pt\/site\/wp-content\/uploads\/2021\/04\/52-Ata-Reuni\u00e3o-CPCCP.pdf\">52 Ata Reuni\u00e3o CPCCP<\/a><\/td><\/tr><tr><td><a href=\"http:\/\/www.conselhodascomunidades.pt\/site\/wp-content\/uploads\/2021\/03\/51-Ata-reuni\u00e3o-CPCCP.pdf\">51 Ata Reuni\u00e3o CPCCP<\/a><\/td><\/tr><tr><td><a href=\"http:\/\/www.conselhodascomunidades.pt\/site\/wp-content\/uploads\/2021\/03\/50-Ata-Reuni\u00e3o-CPCCP.pdf\">50 Ata Reuni\u00e3o CPCCP<\/a><br><\/td><\/tr><tr><td><a href=\"http:\/\/www.conselhodascomunidades.pt\/site\/wp-content\/uploads\/2021\/02\/CCPAta49.pdf\">49 Ata Reuni\u00e3o CPCCP<\/a><\/td><\/tr><\/tbody><\/table><\/figure>\n\n\n\n<h2 class=\"wp-block-heading\">2020<\/h2>\n\n\n\n<figure class=\"wp-block-table is-style-stripes\"><table><tbody><tr><td><a href=\"http:\/\/www.conselhodascomunidades.pt\/site\/wp-content\/uploads\/2021\/01\/IMG_20210119_0001.pdf\">48 Ata Reuni\u00e3o CPCCP<\/a><\/td><\/tr><tr><td><a href=\"http:\/\/www.conselhodascomunidades.pt\/site\/wp-content\/uploads\/2021\/01\/47-Ata-Reuni\u00e3o-CPCCP.pdf\">47 Ata Reuni\u00e3o CPCCP<\/a><\/td><\/tr><tr><td><a href=\"http:\/\/www.conselhodascomunidades.pt\/site\/wp-content\/uploads\/2020\/11\/46-Ata-Reuni\u00e3o-CPCCP.pdf\">46 Ata Reuni\u00e3o CPCCP<\/a> <\/td><\/tr><tr><td><a href=\"http:\/\/www.conselhodascomunidades.pt\/site\/wp-content\/uploads\/2020\/11\/Ata-CPCCP-Lisboa-22-24-de-setembro.pdf\">Ata CPCCP Lisboa 22-24 de setembro<\/a><\/td><\/tr><tr><td><a href=\"http:\/\/www.conselhodascomunidades.pt\/site\/wp-content\/uploads\/2020\/10\/Scan_0006.pdf\">45 Ata Reuni\u00e3o CPCCP<\/a><\/td><\/tr><tr><td><a href=\"http:\/\/www.conselhodascomunidades.pt\/site\/wp-content\/uploads\/2020\/09\/44AtaCCP.pdf\">44 Ata Reuni\u00e3o CPCCP<\/a><\/td><\/tr><tr><td><a href=\"http:\/\/www.conselhodascomunidades.pt\/site\/wp-content\/uploads\/2020\/09\/43AtaCCP.pdf\">43 Ata Reuni\u00e3o CPCCP<\/a><\/td><\/tr><tr><td><a href=\"http:\/\/www.conselhodascomunidades.pt\/site\/wp-content\/uploads\/2020\/07\/Ata42CPCCP.pdf\">42 Ata Reuni\u00e3o CPCCP<\/a><\/td><\/tr><tr><td><a href=\"http:\/\/www.conselhodascomunidades.pt\/site\/wp-content\/uploads\/2020\/06\/Scan.pdf\">41 Ata Reuni\u00e3o CPCCP<\/a><\/td><\/tr><tr><td><a href=\"http:\/\/www.conselhodascomunidades.pt\/site\/wp-content\/uploads\/2020\/05\/40_Ata_Reuni\u00e3o_CPCCP.pdf\">40 Ata Reuni\u00e3o CPCCP\ufeff<\/a><\/td><\/tr><tr><td><a href=\"http:\/\/www.conselhodascomunidades.pt\/site\/wp-content\/uploads\/2020\/04\/39-Ata-Reuni\u00e3o-CPCCP.pdf\">\ufeff39 Ata Reuni\u00e3o CPCCP<\/a><\/td><\/tr><tr><td><a href=\"http:\/\/www.conselhodascomunidades.pt\/site\/wp-content\/uploads\/2020\/02\/38-Ata-Reuni\u00e3o-CPCCP.pdf\">38 Ata Reuni\u00e3o CPCCP<\/a><\/td><\/tr><\/tbody><\/table><\/figure>\n\n\n\n<h2 class=\"wp-block-heading\">2019<\/h2>\n\n\n\n<figure class=\"wp-block-table is-style-stripes\"><table><tbody><tr><td><a href=\"http:\/\/www.conselhodascomunidades.pt\/site\/wp-content\/uploads\/2020\/02\/37-Ata-Reunia\u0303o-CPCCP.pdf\">37 Ata Reuni\u00e3o CPCCP<\/a><\/td><\/tr><tr><td><a href=\"http:\/\/www.conselhodascomunidades.pt\/site\/wp-content\/uploads\/2019\/12\/36-Ata-reunia\u0303o-CPCCP.pdf\">36 Ata Reuni\u00e3o CPCCP<\/a><\/td><\/tr><tr><td><a href=\"http:\/\/www.conselhodascomunidades.pt\/site\/wp-content\/uploads\/2019\/11\/35-Ata-Reuni\u00e3o-CPCCP.pdf\">35 Ata Reuni\u00e3o CPCCP<\/a><\/td><\/tr><tr><td><a href=\"http:\/\/www.conselhodascomunidades.pt\/site\/wp-content\/uploads\/2019\/11\/34-Ata-Reuni\u00e3o-CPCCP.pdf\">34 Ata Reuni\u00e3o CPCCP<\/a><\/td><\/tr><tr><td><a href=\"http:\/\/www.conselhodascomunidades.pt\/site\/wp-content\/uploads\/2019\/10\/33-Ata-Reuni\u00e3o-CPCCP.pdf\">33 Ata Reuni\u00e3o CPCCP<\/a><\/td><\/tr><tr><td><a href=\"http:\/\/www.conselhodascomunidades.pt\/site\/wp-content\/uploads\/2019\/10\/32-Ata-Reuni\u00e3o-CPCCP.pdf\">32 Ata Reuni\u00e3o CPCCP<\/a><\/td><\/tr><tr><td><a href=\"http:\/\/www.conselhodascomunidades.pt\/site\/wp-content\/uploads\/2019\/08\/Ata-CPCPP-Maio.pdf\">Ata CPCCP Lisboa 29-31 de maio<\/a><\/td><\/tr><tr><td><a href=\"http:\/\/www.conselhodascomunidades.pt\/site\/wp-content\/uploads\/2019\/05\/Scan-1.pdf\" target=\"_blank\" rel=\"noreferrer noopener\" aria-label=\"31 Ata Reuni\u00e3o CPCCP Abril (abre numa nova aba)\">31 Ata Reuni\u00e3o CPCCP Abril<\/a><\/td><\/tr><tr><td><a href=\"http:\/\/www.conselhodascomunidades.pt\/site\/wp-content\/uploads\/2019\/04\/30-Ata-Reuni\u00e3o-CPCCP.pdf\">30 Ata Reuni\u00e3o CPCCP mar\u00e7o<\/a><br><\/td><\/tr><tr><td><a href=\"http:\/\/www.conselhodascomunidades.pt\/site\/wp-content\/uploads\/2019\/04\/29-Ata-Reuni\u00e3o-CPCCP-fevereiro.pdf\">29 Ata Reuni\u00e3o CPCCP fevereiro<\/a><\/td><\/tr><tr><td><a href=\"http:\/\/www.conselhodascomunidades.pt\/site\/wp-content\/uploads\/2019\/02\/28-Ata-Reuni\u00e3o-CPCCP-janeiro.pdf\" target=\"_blank\" rel=\"noreferrer noopener\" aria-label=\"28 Ata Reuni\u00e3o CPCCP janeiro (abre em uma nova aba)\">28 Ata Reuni\u00e3o CPCCP janeiro<\/a><\/td><\/tr><\/tbody><\/table><\/figure>\n\n\n\n<h2 class=\"wp-block-heading\">2018<\/h2>\n\n\n\n<figure class=\"wp-block-table is-style-stripes\"><table><tbody><tr><td><a href=\"http:\/\/www.conselhodascomunidades.pt\/site\/wp-content\/uploads\/2019\/02\/27-Ata-Reuni\u00e3o-CPCCP-dezembro.pdf\" target=\"_blank\" rel=\"noreferrer noopener\" aria-label=\"27 - Ata Reuni\u00e3o CPCCP dezembro (abre em uma nova aba)\">27 &#8211; Ata Reuni\u00e3o CPCCP dezembro<\/a><\/td><\/tr><tr><td><a href=\"http:\/\/www.conselhodascomunidades.pt\/site\/wp-content\/uploads\/2019\/02\/26-Ata-Reuni\u00e3o-CPCCP-novembro.pdf\" target=\"_blank\" rel=\"noreferrer noopener\" aria-label=\"26 - Ata Reuni\u00e3o CPCCP novembro (abre em uma nova aba)\">26 &#8211; Ata Reuni\u00e3o CPCCP novembro<\/a><\/td><\/tr><tr><td><a href=\"http:\/\/www.conselhodascomunidades.pt\/site\/wp-content\/uploads\/2019\/02\/25-Ata-Reuni\u00e3o-CPCCP-outubro.pdf\" target=\"_blank\" rel=\"noreferrer noopener\" aria-label=\"25 - Ata Reuni\u00e3o CPCCP outubro (abre em uma nova aba)\">25 &#8211; Ata Reuni\u00e3o CPCCP outubro<\/a><\/td><\/tr><tr><td><a href=\"http:\/\/www.conselhodascomunidades.pt\/site\/wp-content\/uploads\/2019\/02\/24-Ata-Reuni\u00e3o-CPCCP-setembro.pdf\" target=\"_blank\" rel=\"noreferrer noopener\" aria-label=\"24 - Ata Reuni\u00e3o CPCCP setembro (abre em uma nova aba)\">24 &#8211; Ata Reuni\u00e3o CPCCP setembro<\/a><\/td><\/tr><tr><td><a href=\"http:\/\/www.conselhodascomunidades.pt\/site\/wp-content\/uploads\/2019\/02\/23-Ata-Reuni\u00e3o-CPCCP-julho.pdf\" target=\"_blank\" rel=\"noreferrer noopener\" aria-label=\"23 - Ata Reuni\u00e3o CPCCP julho (abre em uma nova aba)\">23 &#8211; Ata Reuni\u00e3o CPCCP julho<\/a><\/td><\/tr><tr><td><a href=\"http:\/\/www.conselhodascomunidades.pt\/site\/wp-content\/uploads\/2019\/02\/Ata-CPCCP-Lisboa-14-16-de-maio.pdf\" target=\"_blank\" rel=\"noreferrer noopener\" aria-label=\"Ata CPCCP Lisboa 14 - 16 de maio (abre em uma nova aba)\">Ata CPCCP Lisboa 14 &#8211; 16 de maio<\/a><\/td><\/tr><tr><td><a href=\"http:\/\/www.conselhodascomunidades.pt\/site\/wp-content\/uploads\/2019\/02\/22-Ata-Reuni\u00e3o-CPCCP-abril.pdf\" target=\"_blank\" rel=\"noreferrer noopener\" aria-label=\"22 - Ata Reuni\u00e3o CPCCP abril (abre em uma nova aba)\">22 &#8211; Ata Reuni\u00e3o CPCCP abril<\/a><\/td><\/tr><tr><td><a href=\"http:\/\/www.conselhodascomunidades.pt\/site\/wp-content\/uploads\/2019\/02\/20-Ata-Reuni\u00e3o-CPCCP-fevereiro.pdf\" target=\"_blank\" rel=\"noreferrer noopener\" aria-label=\"20 - Ata Reuni\u00e3o CPCCP fevereiro (abre em uma nova aba)\">20 &#8211; Ata Reuni\u00e3o CPCCP fevereiro<\/a><\/td><\/tr><tr><td><a href=\"http:\/\/www.conselhodascomunidades.pt\/site\/wp-content\/uploads\/2019\/02\/19-Ata-Reuni\u00e3o-CPCCP-janeiro.pdf\" target=\"_blank\" rel=\"noreferrer noopener\" aria-label=\"19 - Ata Reuni\u00e3o CPCCP janeiro (abre em uma nova aba)\">19 &#8211; Ata Reuni\u00e3o CPCCP janeiro<\/a><\/td><\/tr><\/tbody><\/table><\/figure>\n\n\n\n<h2 class=\"wp-block-heading\">2017<\/h2>\n\n\n\n<figure class=\"wp-block-table is-style-stripes\"><table><tbody><tr><td><a href=\"http:\/\/www.conselhodascomunidades.pt\/site\/wp-content\/uploads\/2019\/02\/18-Ata-Reuni\u00e3o-CPCCP-dezembro.pdf\" target=\"_blank\" rel=\"noreferrer noopener\" aria-label=\"18 - Ata Reuni\u00e3o CPCCP dezembro (abre em uma nova aba)\">18 &#8211; Ata Reuni\u00e3o CPCCP dezembro<\/a><\/td><\/tr><tr><td><a href=\"http:\/\/www.conselhodascomunidades.pt\/site\/wp-content\/uploads\/2019\/02\/17-Ata-Reuni\u00e3o-CPCCP-novembro.pdf\" target=\"_blank\" rel=\"noreferrer noopener\" aria-label=\"17 - Ata Reuni\u00e3o CPCCP novembro (abre em uma nova aba)\">17 &#8211; Ata Reuni\u00e3o CPCCP novembro<\/a><\/td><\/tr><tr><td><a href=\"http:\/\/www.conselhodascomunidades.pt\/site\/wp-content\/uploads\/2019\/02\/16-Ata-Reuni\u00e3o-CPCCP-outubro.pdf\" target=\"_blank\" rel=\"noreferrer noopener\" aria-label=\"16 - Ata Reuni\u00e3o CPCCP outubro (abre em uma nova aba)\">16 &#8211; Ata Reuni\u00e3o CPCCP outubro<\/a><\/td><\/tr><tr><td><a href=\"http:\/\/www.conselhodascomunidades.pt\/site\/wp-content\/uploads\/2019\/02\/15-Ata-Reuni\u00e3o-CPCCP-setembro.pdf\" target=\"_blank\" rel=\"noreferrer noopener\" aria-label=\"15 - Ata Reuni\u00e3o CPCCP setembro (abre em uma nova aba)\">15 &#8211; Ata Reuni\u00e3o CPCCP setembro<\/a><\/td><\/tr><tr><td><a href=\"http:\/\/www.conselhodascomunidades.pt\/site\/wp-content\/uploads\/2019\/02\/14-Ata-Reuni\u00e3o-CPCCP-julho.pdf\" target=\"_blank\" rel=\"noreferrer noopener\" aria-label=\"14 - Ata Reuni\u00e3o CPCCP julho (abre em uma nova aba)\">14 &#8211; Ata Reuni\u00e3o CPCCP julho<\/a><\/td><\/tr><tr><td><a href=\"http:\/\/www.conselhodascomunidades.pt\/site\/wp-content\/uploads\/2019\/02\/13-Ata-Reuni\u00e3o-CPCCP-junho.pdf\" target=\"_blank\" rel=\"noreferrer noopener\" aria-label=\"13 - Ata Reuni\u00e3o CPCCP junho (abre em uma nova aba)\">13 &#8211; Ata Reuni\u00e3o CPCCP junho<\/a><\/td><\/tr><tr><td><a href=\"http:\/\/www.conselhodascomunidades.pt\/site\/wp-content\/uploads\/2019\/02\/12-Ata-Reuni\u00e3o-CPCCP-maio.pdf\" target=\"_blank\" rel=\"noreferrer noopener\" aria-label=\"12 - Ata Reuni\u00e3o CPCCP maio (abre em uma nova aba)\">12 &#8211; Ata Reuni\u00e3o CPCCP maio<\/a><\/td><\/tr><tr><td><a href=\"http:\/\/www.conselhodascomunidades.pt\/site\/wp-content\/uploads\/2019\/02\/Ata-CPCCP-Lisboa-26-28-Abril.pdf\" target=\"_blank\" rel=\"noreferrer noopener\" aria-label=\"Ata CPCCP Lisboa 26-28 Abril (abre em uma nova aba)\">Ata CPCCP Lisboa 26-28 Abril<\/a><\/td><\/tr><tr><td><a href=\"http:\/\/www.conselhodascomunidades.pt\/site\/wp-content\/uploads\/2019\/02\/11-Ata-Reuni\u00e3o-CPCCP-mar\u00e7o.pdf\" target=\"_blank\" rel=\"noreferrer noopener\" aria-label=\"11 - Ata Reuni\u00e3o CPCCP mar\u00e7o (abre em uma nova aba)\">11 &#8211; Ata Reuni\u00e3o CPCCP mar\u00e7o<\/a><\/td><\/tr><tr><td><a href=\"http:\/\/www.conselhodascomunidades.pt\/site\/wp-content\/uploads\/2019\/02\/10-Ata-Reuni\u00e3o-CPCCP-janeiro.pdf\" target=\"_blank\" rel=\"noreferrer noopener\" aria-label=\"10 - Ata Reuni\u00e3o CPCCP janeiro (abre em uma nova aba)\">10 &#8211; Ata Reuni\u00e3o CPCCP janeiro<\/a><\/td><\/tr><\/tbody><\/table><\/figure>\n\n\n\n<h2 class=\"wp-block-heading has-text-align-left\">2016<\/h2>\n\n\n\n<figure class=\"wp-block-table is-style-stripes\"><table><tbody><tr><td><a href=\"http:\/\/www.conselhodascomunidades.pt\/site\/wp-content\/uploads\/2019\/02\/9-Ata-Reuni\u00e3o-CPCCP-dezembro.pdf\" target=\"_blank\" rel=\"noreferrer noopener\" aria-label=\"9 - Ata Reuni\u00e3o CPCCP dezembro (abre em uma nova aba)\">9 &#8211; Ata Reuni\u00e3o CPCCP dezembro<\/a><\/td><\/tr><tr><td><a href=\"http:\/\/www.conselhodascomunidades.pt\/site\/wp-content\/uploads\/2019\/02\/8-Ata-Reuni\u00e3o-CPCCP-novembro.pdf\" target=\"_blank\" rel=\"noreferrer noopener\" aria-label=\"8 - Ata Reuni\u00e3o CPCCP novembro (abre em uma nova aba)\">8 &#8211; Ata Reuni\u00e3o CPCCP novembro<\/a><\/td><\/tr><tr><td><a href=\"http:\/\/www.conselhodascomunidades.pt\/site\/wp-content\/uploads\/2019\/02\/7-Ata-Reuni\u00e3o-CPCCP-outubro.pdf\" target=\"_blank\" rel=\"noreferrer noopener\" aria-label=\"7 - Ata Reuni\u00e3o CPCCP outubro (abre em uma nova aba)\">7 &#8211; Ata Reuni\u00e3o CPCCP outubro<\/a><\/td><\/tr><tr><td><a href=\"http:\/\/www.conselhodascomunidades.pt\/site\/wp-content\/uploads\/2019\/02\/6-Ata-Reuni\u00e3o-CPCCP-setembro.pdf\" target=\"_blank\" rel=\"noreferrer noopener\" aria-label=\"6 - Ata Reuni\u00e3o CPCCP setembro (abre em uma nova aba)\">6 &#8211; Ata Reuni\u00e3o CPCCP setembro<\/a><\/td><\/tr><tr><td><a href=\"http:\/\/www.conselhodascomunidades.pt\/site\/wp-content\/uploads\/2019\/02\/5-Ata-Reuni\u00e3o-CPCCP-agosto.pdf\" target=\"_blank\" rel=\"noreferrer noopener\" aria-label=\"5 - Ata Reuni\u00e3o CPCCP agosto (abre em uma nova aba)\">5 &#8211; Ata Reuni\u00e3o CPCCP agosto<\/a><\/td><\/tr><tr><td><a rel=\"noreferrer noopener\" aria-label=\"Atas Reuni\u00e3o CPCCP Julho (abre em uma nova aba)\" href=\"http:\/\/www.conselhodascomunidades.pt\/site\/wp-content\/uploads\/2019\/02\/3-e-4-Atas-Reuni\u00e3o-CPCCP-julho.pdf\" target=\"_blank\">3 e 4 &#8211; Atas Reuni\u00e3o CPCCP Julho<\/a><\/td><\/tr><tr><td><a rel=\"noreferrer noopener\" aria-label=\"Ata Reuni\u00e3o CPCCP Abril (abre em uma nova aba)\" href=\"http:\/\/www.conselhodascomunidades.pt\/site\/wp-content\/uploads\/2019\/02\/2-Ata-Reuni\u00e3o-CPCCP-abril.pdf\" target=\"_blank\">2 &#8211; Ata Reuni\u00e3o CPCCP Abril<\/a><\/td><\/tr><tr><td><a rel=\"noreferrer noopener\" aria-label=\"Ata Reuni\u00e3o-Elei\u00e7\u00e3o CPCCP abril (abre em uma nova aba)\" href=\"http:\/\/www.conselhodascomunidades.pt\/site\/wp-content\/uploads\/2019\/02\/Ata-Reuni\u00e3o-Elei\u00e7\u00e3o-CPCCP-abril.pdf\" target=\"_blank\">1 &#8211; Ata Reuni\u00e3o-Elei\u00e7\u00e3o CPCCP abril<\/a><\/td><\/tr><\/tbody><\/table><\/figure>\n\n\n\n<p><\/p>\n","protected":false},"excerpt":{"rendered":"<p>2026 19 Ata Reuni\u00e3o CPCCP 18 Ata Reuni\u00e3o CPCCP 17 Ata Reuni\u00e3o CPCCP 2025 16 Ata Reuni\u00e3o CPCCP 15 Ata Reuni\u00e3o CPCCP 14 Ata Reuni\u00e3o CPCCP 13 Ata Reuni\u00e3o CPCCP 12 Ata Reuni\u00e3o CPCCP 11 Ata Reuni\u00e3o CPCCP Ata 10 &hellip; <a href=\"http:\/\/www.conselhodascomunidades.pt\/site\/atas\/\">Continue lendo <span class=\"meta-nav\">&rarr;<\/span><\/a><\/p>\n","protected":false},"author":1,"featured_media":0,"parent":0,"menu_order":0,"comment_status":"closed","ping_status":"closed","template":"","meta":{"footnotes":""},"class_list":["post-52","page","type-page","status-publish","hentry"],"_links":{"self":[{"href":"http:\/\/www.conselhodascomunidades.pt\/site\/wp-json\/wp\/v2\/pages\/52","targetHints":{"allow":["GET"]}}],"collection":[{"href":"http:\/\/www.conselhodascomunidades.pt\/site\/wp-json\/wp\/v2\/pages"}],"about":[{"href":"http:\/\/www.conselhodascomunidades.pt\/site\/wp-json\/wp\/v2\/types\/page"}],"author":[{"embeddable":true,"href":"http:\/\/www.conselhodascomunidades.pt\/site\/wp-json\/wp\/v2\/users\/1"}],"replies":[{"embeddable":true,"href":"http:\/\/www.conselhodascomunidades.pt\/site\/wp-json\/wp\/v2\/comments?post=52"}],"version-history":[{"count":97,"href":"http:\/\/www.conselhodascomunidades.pt\/site\/wp-json\/wp\/v2\/pages\/52\/revisions"}],"predecessor-version":[{"id":2322,"href":"http:\/\/www.conselhodascomunidades.pt\/site\/wp-json\/wp\/v2\/pages\/52\/revisions\/2322"}],"wp:attachment":[{"href":"http:\/\/www.conselhodascomunidades.pt\/site\/wp-json\/wp\/v2\/media?parent=52"}],"curies":[{"name":"wp","href":"https:\/\/api.w.org\/{rel}","templated":true}]}}