{"id":67,"date":"2019-02-12T12:14:28","date_gmt":"2019-02-12T15:14:28","guid":{"rendered":"http:\/\/cpccp1.hospedagemdesites.ws\/site\/?page_id=67"},"modified":"2019-02-12T12:14:28","modified_gmt":"2019-02-12T15:14:28","slug":"conselhos-regionais","status":"publish","type":"page","link":"http:\/\/www.conselhodascomunidades.pt\/site\/conselhos-regionais\/","title":{"rendered":"Conselhos Regionais"},"content":{"rendered":"\n<p><strong>CONSELHOS REGIONAIS<\/strong><\/p>\n\n\n\n<p>&nbsp;O CCP re\u00fane sob a forma de Conselhos Regionais, num total de cinco, \nagrupando cada um deles os membros oriundos dos continentes, partes de \ncontinentes ou grupos de continentes, conforme o seguinte:<\/p>\n\n\n\n<p>a) Conselho Regional das Comunidades Portuguesas em \u00c1frica;<\/p>\n\n\n\n<p>b) Conselho Regional das Comunidades Portuguesas na \u00c1sia e Oce\u00e2nia;<\/p>\n\n\n\n<p>c) Conselho Regional das Comunidades Portuguesas na Am\u00e9rica do Norte;<\/p>\n\n\n\n<p>d) Conselho Regional das Comunidades Portuguesas na Am\u00e9rica Central e na Am\u00e9rica do Sul;<\/p>\n\n\n\n<p>e) Conselho Regional das Comunidades Portuguesas na Europa.<\/p>\n\n\n\n<p>Os Conselhos Regionais aprovam a respetiva organiza\u00e7\u00e3o interna e re\u00fanem ordinariamente uma vez por ano. Compete-lhes:<\/p>\n\n\n\n<p>. eleger os membros da mesa;<\/p>\n\n\n\n<p>. eleger os membros do Conselho permanente, de acordo com o disposto no artigo 37 da Lei 66-A;<\/p>\n\n\n\n<p>. eleger os conselheiros para as comiss\u00f5es tem\u00e1ticas conforme artigo 34 da referida Lei;<\/p>\n\n\n\n<p>. pronunciar-se sobre mat\u00e9rias relacionadas com as comunidades portuguesas situadas na respetiva \u00e1rea geogr\u00e1fica;<\/p>\n\n\n\n<p>. organizar, para facultar ao Conselho Permanente, o invent\u00e1rio \ncompleto das potencialidades culturais, art\u00edsticas e econ\u00f3micas das \ncomunidades instaladas na sua \u00e1rea.<\/p>\n","protected":false},"excerpt":{"rendered":"<p>CONSELHOS REGIONAIS &nbsp;O CCP re\u00fane sob a forma de Conselhos Regionais, num total de cinco, agrupando cada um deles os membros oriundos dos continentes, partes de continentes ou grupos de continentes, conforme o seguinte: a) Conselho Regional das Comunidades Portuguesas &hellip; <a href=\"http:\/\/www.conselhodascomunidades.pt\/site\/conselhos-regionais\/\">Continue lendo <span class=\"meta-nav\">&rarr;<\/span><\/a><\/p>\n","protected":false},"author":1,"featured_media":0,"parent":0,"menu_order":0,"comment_status":"closed","ping_status":"closed","template":"","meta":{"footnotes":""},"class_list":["post-67","page","type-page","status-publish","hentry"],"_links":{"self":[{"href":"http:\/\/www.conselhodascomunidades.pt\/site\/wp-json\/wp\/v2\/pages\/67","targetHints":{"allow":["GET"]}}],"collection":[{"href":"http:\/\/www.conselhodascomunidades.pt\/site\/wp-json\/wp\/v2\/pages"}],"about":[{"href":"http:\/\/www.conselhodascomunidades.pt\/site\/wp-json\/wp\/v2\/types\/page"}],"author":[{"embeddable":true,"href":"http:\/\/www.conselhodascomunidades.pt\/site\/wp-json\/wp\/v2\/users\/1"}],"replies":[{"embeddable":true,"href":"http:\/\/www.conselhodascomunidades.pt\/site\/wp-json\/wp\/v2\/comments?post=67"}],"version-history":[{"count":1,"href":"http:\/\/www.conselhodascomunidades.pt\/site\/wp-json\/wp\/v2\/pages\/67\/revisions"}],"predecessor-version":[{"id":68,"href":"http:\/\/www.conselhodascomunidades.pt\/site\/wp-json\/wp\/v2\/pages\/67\/revisions\/68"}],"wp:attachment":[{"href":"http:\/\/www.conselhodascomunidades.pt\/site\/wp-json\/wp\/v2\/media?parent=67"}],"curies":[{"name":"wp","href":"https:\/\/api.w.org\/{rel}","templated":true}]}}