{"id":70,"date":"2019-02-12T12:18:03","date_gmt":"2019-02-12T15:18:03","guid":{"rendered":"http:\/\/cpccp1.hospedagemdesites.ws\/site\/?page_id=70"},"modified":"2025-05-13T09:35:47","modified_gmt":"2025-05-13T12:35:47","slug":"africa-cra","status":"publish","type":"page","link":"http:\/\/www.conselhodascomunidades.pt\/site\/africa-cra\/","title":{"rendered":"\u00c1frica (CRA)"},"content":{"rendered":"\n<h4 class=\"wp-block-heading\"><a rel=\"noopener noreferrer\" href=\"http:\/\/www.conselhodascomunidades.pt\/site\/wp-content\/uploads\/2019\/05\/Scan.pdf\" target=\"_blank\">Regulamento<\/a><\/h4>\n\n\n\n<hr class=\"wp-block-separator has-css-opacity\"\/>\n\n\n\n<h4 class=\"wp-block-heading\"><a href=\"http:\/\/www.conselhodascomunidades.pt\/site\/148-2\/\">Composi\u00e7\u00e3o e Sec\u00e7\u00f5es<\/a><br><\/h4>\n\n\n\n<hr class=\"wp-block-separator has-css-opacity\"\/>\n\n\n\n<h4 class=\"wp-block-heading\">Documentos<\/h4>\n\n\n\n<hr class=\"wp-block-separator has-css-opacity\"\/>\n\n\n\n<div class=\"wp-block-file\"><a id=\"wp-block-file--media-3aa2e1ea-cd35-4114-9be5-4fba9600885e\" href=\"http:\/\/www.conselhodascomunidades.pt\/site\/wp-content\/uploads\/2025\/05\/ATA-CRA-2025.pdf\">ATA CRA 2025<\/a><a href=\"http:\/\/www.conselhodascomunidades.pt\/site\/wp-content\/uploads\/2025\/05\/ATA-CRA-2025.pdf\" class=\"wp-block-file__button wp-element-button\" download aria-describedby=\"wp-block-file--media-3aa2e1ea-cd35-4114-9be5-4fba9600885e\">Baixar<\/a><\/div>\n\n\n\n<div class=\"wp-block-file\"><a id=\"wp-block-file--media-e18191d9-c406-4c34-8415-4cd51ea82de5\" href=\"http:\/\/www.conselhodascomunidades.pt\/site\/wp-content\/uploads\/2025\/05\/ata-CRA-OUT-24.pdf\">ata CRA OUT 24<\/a><a href=\"http:\/\/www.conselhodascomunidades.pt\/site\/wp-content\/uploads\/2025\/05\/ata-CRA-OUT-24.pdf\" class=\"wp-block-file__button wp-element-button\" download aria-describedby=\"wp-block-file--media-e18191d9-c406-4c34-8415-4cd51ea82de5\">Baixar<\/a><\/div>\n\n\n\n<hr class=\"wp-block-separator has-css-opacity\"\/>\n\n\n\n<h2 class=\"wp-block-heading\"><a href=\"http:\/\/www.conselhodascomunidades.pt\/site\/africa-cra\/2\/\">Atas do mandato passado<\/a><\/h2>\n\n\n\n<hr class=\"wp-block-separator has-css-opacity\"\/>\n\n\n\n<!--nextpage-->\n\n\n\n<h2 class=\"wp-block-heading\">Atas do mandato passado<\/h2>\n\n\n\n<div class=\"wp-block-file\"><a href=\"http:\/\/www.conselhodascomunidades.pt\/site\/wp-content\/uploads\/2022\/06\/CRA-ATA-REUNI\u00c3O-2022-merge.pdf\">CRA ATA REUNI\u00c3O 2022<\/a><a href=\"http:\/\/www.conselhodascomunidades.pt\/site\/wp-content\/uploads\/2022\/06\/CRA-ATA-REUNI\u00c3O-2022-merge.pdf\" class=\"wp-block-file__button wp-element-button\" download>Baixar<\/a><\/div>\n\n\n\n<div class=\"wp-block-file\"><a href=\"http:\/\/www.conselhodascomunidades.pt\/site\/wp-content\/uploads\/2020\/03\/ATACRA2020.pdf\">CRA ATA REUNI\u00c3O 2020<\/a><a href=\"http:\/\/www.conselhodascomunidades.pt\/site\/wp-content\/uploads\/2020\/03\/ATACRA2020.pdf\" class=\"wp-block-file__button wp-element-button\" download>Baixar<\/a><\/div>\n\n\n\n<div class=\"wp-block-file\"><a href=\"http:\/\/www.conselhodascomunidades.pt\/site\/wp-content\/uploads\/2019\/05\/CCP-minutes-meeting-CRA.pdf\">CRA ATA REUNI\u00c3O 2019<\/a><a href=\"http:\/\/www.conselhodascomunidades.pt\/site\/wp-content\/uploads\/2019\/05\/CCP-minutes-meeting-CRA.pdf\" class=\"wp-block-file__button wp-element-button\" download>Baixar<\/a><\/div>\n\n\n\n<div class=\"wp-block-file\"><a href=\"http:\/\/www.conselhodascomunidades.pt\/site\/wp-content\/uploads\/2019\/05\/1\u00aa-Reunia\u0303o-Regional-do-Conselho-das-Comunidades.pdf\">CRA ATA REUNI\u00c3O 2016<\/a><a href=\"http:\/\/www.conselhodascomunidades.pt\/site\/wp-content\/uploads\/2019\/05\/1\u00aa-Reunia\u0303o-Regional-do-Conselho-das-Comunidades.pdf\" class=\"wp-block-file__button wp-element-button\" download>Baixar<\/a><\/div>\n\n\n\n<hr class=\"wp-block-separator has-css-opacity\"\/>\n\n\n\n<p><\/p>\n","protected":false},"excerpt":{"rendered":"<p>Regulamento Composi\u00e7\u00e3o e Sec\u00e7\u00f5es Documentos Atas do mandato passado<\/p>\n","protected":false},"author":1,"featured_media":0,"parent":0,"menu_order":0,"comment_status":"closed","ping_status":"closed","template":"","meta":{"footnotes":""},"class_list":["post-70","page","type-page","status-publish","hentry"],"_links":{"self":[{"href":"http:\/\/www.conselhodascomunidades.pt\/site\/wp-json\/wp\/v2\/pages\/70","targetHints":{"allow":["GET"]}}],"collection":[{"href":"http:\/\/www.conselhodascomunidades.pt\/site\/wp-json\/wp\/v2\/pages"}],"about":[{"href":"http:\/\/www.conselhodascomunidades.pt\/site\/wp-json\/wp\/v2\/types\/page"}],"author":[{"embeddable":true,"href":"http:\/\/www.conselhodascomunidades.pt\/site\/wp-json\/wp\/v2\/users\/1"}],"replies":[{"embeddable":true,"href":"http:\/\/www.conselhodascomunidades.pt\/site\/wp-json\/wp\/v2\/comments?post=70"}],"version-history":[{"count":21,"href":"http:\/\/www.conselhodascomunidades.pt\/site\/wp-json\/wp\/v2\/pages\/70\/revisions"}],"predecessor-version":[{"id":2186,"href":"http:\/\/www.conselhodascomunidades.pt\/site\/wp-json\/wp\/v2\/pages\/70\/revisions\/2186"}],"wp:attachment":[{"href":"http:\/\/www.conselhodascomunidades.pt\/site\/wp-json\/wp\/v2\/media?parent=70"}],"curies":[{"name":"wp","href":"https:\/\/api.w.org\/{rel}","templated":true}]}}