{"id":72,"date":"2019-02-12T12:20:40","date_gmt":"2019-02-12T15:20:40","guid":{"rendered":"http:\/\/cpccp1.hospedagemdesites.ws\/site\/?page_id=72"},"modified":"2026-01-17T22:20:42","modified_gmt":"2026-01-18T01:20:42","slug":"asia-e-oceania-crao","status":"publish","type":"page","link":"http:\/\/www.conselhodascomunidades.pt\/site\/asia-e-oceania-crao\/","title":{"rendered":"\u00c1sia e Oceania (CRAO)"},"content":{"rendered":"\n<h4 class=\"wp-block-heading\"><a rel=\"noopener noreferrer\" href=\"https:\/\/www.portaldascomunidades.mne.pt\/images\/GADG\/Regulamento_Interno_do_Conselho_Regional_das_Comunidades_Portuguesas_na_\u00c1sia_e_Oce\u00e2nia.pdf\" target=\"_blank\">Regulamento<\/a><\/h4>\n\n\n\n<hr class=\"wp-block-separator has-css-opacity\"\/>\n\n\n\n<h4 class=\"wp-block-heading\"><a href=\"http:\/\/www.conselhodascomunidades.pt\/site\/conselho-regional-da-asia-e-oceania\/\">Composi\u00e7\u00e3o e Sec\u00e7\u00f5es<\/a><\/h4>\n\n\n\n<hr class=\"wp-block-separator has-css-opacity\"\/>\n\n\n\n<h4 class=\"wp-block-heading\"> Documentos<\/h4>\n\n\n\n<p><a href=\"http:\/\/www.conselhodascomunidades.pt\/site\/wp-content\/uploads\/2026\/01\/7.Acta-da-Reuniao-do-CRAO-23-Set-2025-v2.0-Assinada.pdf\">7.Acta da Reuni\u00e3o do CRAO<\/a><\/p>\n\n\n\n<p><a href=\"http:\/\/www.conselhodascomunidades.pt\/site\/wp-content\/uploads\/2026\/01\/6.Acta-da-Reuniao-do-CRAO-11-Abr-2025-Extraordinaria-v2.0-Assinada.pdf\">6.Acta da Reuni\u00e3o do CRAO<\/a><\/p>\n\n\n\n<p><a href=\"http:\/\/www.conselhodascomunidades.pt\/site\/wp-content\/uploads\/2025\/04\/5-.Acta-da-Reuniao-Presencial-do-CRAO-20_21-Mar-2025-v2.0-Assinada.pdf\">5.Acta da Reuni\u00e3o do CRAO<\/a><\/p>\n\n\n\n<p><a href=\"http:\/\/www.conselhodascomunidades.pt\/site\/wp-content\/uploads\/2025\/04\/4-.Acta-da-Reuniao-do-CRAO-11-Fev-2025-v4.0-Assinada.pdf\">4.Acta da Reuni\u00e3o do CRAO<\/a><\/p>\n\n\n\n<p><a href=\"http:\/\/www.conselhodascomunidades.pt\/site\/wp-content\/uploads\/2025\/02\/3.Acta-da-Reuniao-do-CRAO-2-Dez-2024-v4.0-Assinada.pdf\">3.Acta da Reuni\u00e3o do CRAO<\/a><\/p>\n\n\n\n<p><a href=\"http:\/\/www.conselhodascomunidades.pt\/site\/wp-content\/uploads\/2025\/02\/2.Acta-da-Reuniao-do-CRAO-9-Out-2024-v4.0-Assinada.pdf\">2.Acta da Reuni\u00e3o do CRAO<\/a><\/p>\n\n\n\n<p><a href=\"http:\/\/www.conselhodascomunidades.pt\/site\/wp-content\/uploads\/2025\/02\/1.Acta-da-Reuniao-do-CRAO-3-Set-2024-v4.0-Assinada-1.pdf\">1.Acta da Reuni\u00e3o do CRAO<\/a><\/p>\n\n\n\n<hr class=\"wp-block-separator has-css-opacity\"\/>\n\n\n\n<div class=\"wp-block-buttons is-layout-flex wp-block-buttons-is-layout-flex\">\n<div class=\"wp-block-button\"><a class=\"wp-block-button__link wp-element-button\" href=\"http:\/\/www.conselhodascomunidades.pt\/site\/asia-e-oceania-crao\/2\/\">Atas do mandato passado<\/a><\/div>\n<\/div>\n\n\n\n<!--nextpage-->\n\n\n\n<div class=\"wp-block-file\"><a href=\"http:\/\/www.conselhodascomunidades.pt\/site\/wp-content\/uploads\/2023\/02\/20220623ResumoReuniaoOn-lineSECP-Macau.pdf\"> CRAO ATA REUNI\u00c3O 2022<\/a><a href=\"http:\/\/www.conselhodascomunidades.pt\/site\/wp-content\/uploads\/2023\/02\/20220623ResumoReuniaoOn-lineSECP-Macau.pdf\" class=\"wp-block-file__button wp-element-button\" download>Baixar<\/a><\/div>\n\n\n\n<hr class=\"wp-block-separator has-css-opacity\"\/>\n\n\n\n<div class=\"wp-block-file\"><a href=\"http:\/\/www.conselhodascomunidades.pt\/site\/wp-content\/uploads\/2021\/09\/ATA-reunia\u0303o-CRAO-2021.pdf\">CRAO ATA REUNI\u00c3O 2021<\/a><a href=\"http:\/\/www.conselhodascomunidades.pt\/site\/wp-content\/uploads\/2021\/09\/ATA-reunia\u0303o-CRAO-2021.pdf\" class=\"wp-block-file__button wp-element-button\" download>Baixar<\/a><\/div>\n\n\n\n<hr class=\"wp-block-separator has-css-opacity\"\/>\n\n\n\n<div class=\"wp-block-file\"><a href=\"http:\/\/www.conselhodascomunidades.pt\/site\/wp-content\/uploads\/2023\/02\/20200616AtaReuniaoInternetCR-AO-online.pdf\"> CRAO ATA REUNI\u00c3O 2020<br><\/a><a href=\"http:\/\/www.conselhodascomunidades.pt\/site\/wp-content\/uploads\/2023\/02\/20200616AtaReuniaoInternetCR-AO-online.pdf\" class=\"wp-block-file__button wp-element-button\" download>Baixar<\/a><\/div>\n\n\n\n<hr class=\"wp-block-separator has-css-opacity\"\/>\n\n\n\n<div class=\"wp-block-file\"><a href=\"http:\/\/www.conselhodascomunidades.pt\/site\/wp-content\/uploads\/2019\/05\/2019ActasCRAO.pdf\">CRAO ATA REUNI\u00c3O 2019<\/a><a href=\"http:\/\/www.conselhodascomunidades.pt\/site\/wp-content\/uploads\/2019\/05\/2019ActasCRAO.pdf\" class=\"wp-block-file__button wp-element-button\" download>Baixar<\/a><\/div>\n\n\n\n<hr class=\"wp-block-separator has-css-opacity\"\/>\n\n\n\n<div class=\"wp-block-file\"><a href=\"http:\/\/www.conselhodascomunidades.pt\/site\/wp-content\/uploads\/2019\/05\/2018ActasCRAO.pdf\">CRAO ATA REUNI\u00c3O 2018<\/a><a href=\"http:\/\/www.conselhodascomunidades.pt\/site\/wp-content\/uploads\/2019\/05\/2018ActasCRAO.pdf\" class=\"wp-block-file__button wp-element-button\" download>Baixar<\/a><\/div>\n\n\n\n<hr class=\"wp-block-separator has-css-opacity\"\/>\n\n\n\n<div class=\"wp-block-file\"><a href=\"http:\/\/www.conselhodascomunidades.pt\/site\/wp-content\/uploads\/2023\/02\/2017ActasCRAO.pdf\"> <br>CRAO ATA REUNI\u00c3O 2017<\/a><a href=\"http:\/\/www.conselhodascomunidades.pt\/site\/wp-content\/uploads\/2023\/02\/2017ActasCRAO.pdf\" class=\"wp-block-file__button wp-element-button\" download>Baixar<\/a><\/div>\n\n\n\n<hr class=\"wp-block-separator has-css-opacity\"\/>\n\n\n\n<div class=\"wp-block-file\"><a href=\"http:\/\/www.conselhodascomunidades.pt\/site\/wp-content\/uploads\/2019\/05\/2016ActasCRAO.pdf\">CRAO ATA REUNI\u00c3O 2016<\/a><a href=\"http:\/\/www.conselhodascomunidades.pt\/site\/wp-content\/uploads\/2019\/05\/2016ActasCRAO.pdf\" class=\"wp-block-file__button wp-element-button\" download>Baixar<\/a><\/div>\n\n\n\n<p><\/p>\n","protected":false},"excerpt":{"rendered":"<p>Regulamento Composi\u00e7\u00e3o e Sec\u00e7\u00f5es Documentos 7.Acta da Reuni\u00e3o do CRAO 6.Acta da Reuni\u00e3o do CRAO 5.Acta da Reuni\u00e3o do CRAO 4.Acta da Reuni\u00e3o do CRAO 3.Acta da Reuni\u00e3o do CRAO 2.Acta da Reuni\u00e3o do CRAO 1.Acta da Reuni\u00e3o do CRAO<\/p>\n","protected":false},"author":1,"featured_media":0,"parent":0,"menu_order":0,"comment_status":"closed","ping_status":"closed","template":"","meta":{"footnotes":""},"class_list":["post-72","page","type-page","status-publish","hentry"],"_links":{"self":[{"href":"http:\/\/www.conselhodascomunidades.pt\/site\/wp-json\/wp\/v2\/pages\/72","targetHints":{"allow":["GET"]}}],"collection":[{"href":"http:\/\/www.conselhodascomunidades.pt\/site\/wp-json\/wp\/v2\/pages"}],"about":[{"href":"http:\/\/www.conselhodascomunidades.pt\/site\/wp-json\/wp\/v2\/types\/page"}],"author":[{"embeddable":true,"href":"http:\/\/www.conselhodascomunidades.pt\/site\/wp-json\/wp\/v2\/users\/1"}],"replies":[{"embeddable":true,"href":"http:\/\/www.conselhodascomunidades.pt\/site\/wp-json\/wp\/v2\/comments?post=72"}],"version-history":[{"count":17,"href":"http:\/\/www.conselhodascomunidades.pt\/site\/wp-json\/wp\/v2\/pages\/72\/revisions"}],"predecessor-version":[{"id":2288,"href":"http:\/\/www.conselhodascomunidades.pt\/site\/wp-json\/wp\/v2\/pages\/72\/revisions\/2288"}],"wp:attachment":[{"href":"http:\/\/www.conselhodascomunidades.pt\/site\/wp-json\/wp\/v2\/media?parent=72"}],"curies":[{"name":"wp","href":"https:\/\/api.w.org\/{rel}","templated":true}]}}