{"id":74,"date":"2019-02-12T12:21:32","date_gmt":"2019-02-12T15:21:32","guid":{"rendered":"http:\/\/cpccp1.hospedagemdesites.ws\/site\/?page_id=74"},"modified":"2026-04-02T08:58:06","modified_gmt":"2026-04-02T11:58:06","slug":"america-do-norte-cran","status":"publish","type":"page","link":"http:\/\/www.conselhodascomunidades.pt\/site\/america-do-norte-cran\/","title":{"rendered":"Am\u00e9rica do Norte (CRAN)"},"content":{"rendered":"\n<h4 class=\"wp-block-heading\"><a rel=\"noopener noreferrer\" href=\"https:\/\/www.portaldascomunidades.mne.pt\/images\/GADG\/Regulamento_Interno_do_Conselho_Regional_das_Comunidades_Portuguesas_na_Am\u00e9rica_do_Norte.pdf\" target=\"_blank\">Regulamento<\/a><\/h4>\n\n\n\n<hr class=\"wp-block-separator has-css-opacity\"\/>\n\n\n\n<h4 class=\"wp-block-heading\"><a href=\"http:\/\/www.conselhodascomunidades.pt\/site\/conselho-regional-da-america-do-norte\/\">Composi\u00e7\u00e3o e Sec\u00e7\u00f5es<\/a><\/h4>\n\n\n\n<hr class=\"wp-block-separator has-css-opacity\"\/>\n\n\n\n<h4 class=\"wp-block-heading\">Documentos<\/h4>\n\n\n\n<p><a href=\"http:\/\/www.conselhodascomunidades.pt\/site\/wp-content\/uploads\/2026\/04\/CRAN-Ata-Reuniao-06Feb2026.pdf\">11.Acta Reuni\u00e3o do CRAN &#8211; 06Fev2026<\/a><\/p>\n\n\n\n<p><a href=\"http:\/\/www.conselhodascomunidades.pt\/site\/wp-content\/uploads\/2026\/02\/CRAN-Ata-Reuniao-06Jan2026.pdf\">10.Acta Reuni\u00e3o do CRAN &#8211; 06Jan2026<\/a><\/p>\n\n\n\n<p><a href=\"http:\/\/www.conselhodascomunidades.pt\/site\/wp-content\/uploads\/2026\/02\/CRAN-Ata-Reuniao-13Nov2025.pdf\">9.Acta Reuni\u00e3o do CRAN &#8211; 13Nov2025<\/a><\/p>\n\n\n\n<p><a href=\"http:\/\/www.conselhodascomunidades.pt\/site\/wp-content\/uploads\/2026\/02\/CRAN-Ata-Reuniao-25Jun2025.pdf\">8.Acta Reuni\u00e3o do CRAN &#8211; 25Jun2025<\/a><\/p>\n\n\n\n<p><a href=\"http:\/\/www.conselhodascomunidades.pt\/site\/wp-content\/uploads\/2025\/07\/CRAN-Ata-Reuniao-01.pdf\">7.Acta Reuni\u00e3o do CRAN &#8211; 01-2025<\/a><\/p>\n\n\n\n<p><a href=\"http:\/\/www.conselhodascomunidades.pt\/site\/wp-content\/uploads\/2025\/05\/CRAN-Ata-Reuniao-22Mar2025.pdf\">6.Acta da Reuni\u00e3o do CRAN<\/a><\/p>\n\n\n\n<p><a href=\"http:\/\/www.conselhodascomunidades.pt\/site\/wp-content\/uploads\/2025\/04\/CRAN-Ata-Reuniao-06Mar2025.pdf\">5.Acta da Reuni\u00e3o do CRAN<\/a><\/p>\n\n\n\n<p><a href=\"http:\/\/www.conselhodascomunidades.pt\/site\/wp-content\/uploads\/2025\/04\/CRAN-Ata-Reuniao-06Feb2025.pdf\">4.Acta da Reuni\u00e3o do CRAN<\/a><\/p>\n\n\n\n<p><a href=\"http:\/\/www.conselhodascomunidades.pt\/site\/wp-content\/uploads\/2025\/02\/CRAN-Ata-Reuniao-09Jan2025.docx.pdf\">3.Acta da Reuni\u00e3o do CRAN<\/a><\/p>\n\n\n\n<p><a href=\"http:\/\/www.conselhodascomunidades.pt\/site\/wp-content\/uploads\/2025\/02\/CRAN-Ata-Reuniao-05Dec2024.docx.pdf\">2.Acta da Reuni\u00e3o do CRAN<\/a><\/p>\n\n\n\n<p><a href=\"http:\/\/www.conselhodascomunidades.pt\/site\/wp-content\/uploads\/2025\/02\/CRAN-Ata-Reuniao-07Nov2024.docx.pdf\">1.Acta da Reuni\u00e3o do CRAN<\/a><\/p>\n\n\n\n<hr class=\"wp-block-separator has-css-opacity\"\/>\n\n\n\n<div class=\"wp-block-columns is-layout-flex wp-container-core-columns-is-layout-9d6595d7 wp-block-columns-is-layout-flex\">\n<div class=\"wp-block-column is-layout-flow wp-block-column-is-layout-flow\" style=\"flex-basis:100%\">\n<div class=\"wp-block-buttons is-layout-flex wp-block-buttons-is-layout-flex\">\n<div class=\"wp-block-button\"><a class=\"wp-block-button__link wp-element-button\" href=\"http:\/\/www.conselhodascomunidades.pt\/site\/america-do-norte-cran\/2\/\">Atas do mandato passado<\/a><\/div>\n<\/div>\n<\/div>\n<\/div>\n\n\n\n<!--nextpage-->\n\n\n\n<h2 class=\"wp-block-heading\">Atas do mandato passado<\/h2>\n\n\n\n<div class=\"wp-block-file\"><a href=\"http:\/\/www.conselhodascomunidades.pt\/site\/wp-content\/uploads\/2021\/09\/ATA-Reunia\u0303o-CRAN-2021.pdf\">CRAN ATA REUNI\u00c3O 2021<\/a><a href=\"http:\/\/www.conselhodascomunidades.pt\/site\/wp-content\/uploads\/2021\/09\/ATA-Reunia\u0303o-CRAN-2021.pdf\" class=\"wp-block-file__button wp-element-button\" download>Baixar<\/a><\/div>\n\n\n\n<div class=\"wp-block-file\"><a href=\"http:\/\/www.conselhodascomunidades.pt\/site\/wp-content\/uploads\/2020\/04\/ACTA16-7.03.20M.REAL-CRAN_SUN.latest.rev_.pdf\">CRAN ATA REUNI\u00c3O 2020<\/a><a href=\"http:\/\/www.conselhodascomunidades.pt\/site\/wp-content\/uploads\/2020\/04\/ACTA16-7.03.20M.REAL-CRAN_SUN.latest.rev_.pdf\" class=\"wp-block-file__button wp-element-button\" download>Baixar<\/a><\/div>\n\n\n\n<div class=\"wp-block-file\"><a href=\"http:\/\/www.conselhodascomunidades.pt\/site\/wp-content\/uploads\/2019\/05\/CRAN.Acta-16.mar_.16.2019-.pdf\">CRAN ATA REUNI\u00c3O 2019<\/a><a href=\"http:\/\/www.conselhodascomunidades.pt\/site\/wp-content\/uploads\/2019\/05\/CRAN.Acta-16.mar_.16.2019-.pdf\" class=\"wp-block-file__button wp-element-button\" download>Baixar<\/a><\/div>\n\n\n\n<p><\/p>\n","protected":false},"excerpt":{"rendered":"<p>Regulamento Composi\u00e7\u00e3o e Sec\u00e7\u00f5es Documentos 11.Acta Reuni\u00e3o do CRAN &#8211; 06Fev2026 10.Acta Reuni\u00e3o do CRAN &#8211; 06Jan2026 9.Acta Reuni\u00e3o do CRAN &#8211; 13Nov2025 8.Acta Reuni\u00e3o do CRAN &#8211; 25Jun2025 7.Acta Reuni\u00e3o do CRAN &#8211; 01-2025 6.Acta da Reuni\u00e3o do CRAN &hellip; <a href=\"http:\/\/www.conselhodascomunidades.pt\/site\/america-do-norte-cran\/\">Continue lendo <span class=\"meta-nav\">&rarr;<\/span><\/a><\/p>\n","protected":false},"author":1,"featured_media":0,"parent":0,"menu_order":0,"comment_status":"closed","ping_status":"closed","template":"","meta":{"footnotes":""},"class_list":["post-74","page","type-page","status-publish","hentry"],"_links":{"self":[{"href":"http:\/\/www.conselhodascomunidades.pt\/site\/wp-json\/wp\/v2\/pages\/74","targetHints":{"allow":["GET"]}}],"collection":[{"href":"http:\/\/www.conselhodascomunidades.pt\/site\/wp-json\/wp\/v2\/pages"}],"about":[{"href":"http:\/\/www.conselhodascomunidades.pt\/site\/wp-json\/wp\/v2\/types\/page"}],"author":[{"embeddable":true,"href":"http:\/\/www.conselhodascomunidades.pt\/site\/wp-json\/wp\/v2\/users\/1"}],"replies":[{"embeddable":true,"href":"http:\/\/www.conselhodascomunidades.pt\/site\/wp-json\/wp\/v2\/comments?post=74"}],"version-history":[{"count":22,"href":"http:\/\/www.conselhodascomunidades.pt\/site\/wp-json\/wp\/v2\/pages\/74\/revisions"}],"predecessor-version":[{"id":2316,"href":"http:\/\/www.conselhodascomunidades.pt\/site\/wp-json\/wp\/v2\/pages\/74\/revisions\/2316"}],"wp:attachment":[{"href":"http:\/\/www.conselhodascomunidades.pt\/site\/wp-json\/wp\/v2\/media?parent=74"}],"curies":[{"name":"wp","href":"https:\/\/api.w.org\/{rel}","templated":true}]}}