{"id":78,"date":"2019-02-12T12:22:45","date_gmt":"2019-02-12T15:22:45","guid":{"rendered":"http:\/\/cpccp1.hospedagemdesites.ws\/site\/?page_id=78"},"modified":"2025-09-27T15:52:43","modified_gmt":"2025-09-27T18:52:43","slug":"europa-cre","status":"publish","type":"page","link":"http:\/\/www.conselhodascomunidades.pt\/site\/europa-cre\/","title":{"rendered":"Europa (CRE)"},"content":{"rendered":"\n<h4 class=\"wp-block-heading\"><a rel=\"noopener noreferrer\" href=\"http:\/\/www.conselhodascomunidades.pt\/site\/wp-content\/uploads\/2019\/05\/Regulamento-do-CRE.pdf\" target=\"_blank\">Regulamento<\/a><\/h4>\n\n\n\n<hr class=\"wp-block-separator has-css-opacity\"\/>\n\n\n\n<h4 class=\"wp-block-heading\"><a href=\"http:\/\/www.conselhodascomunidades.pt\/site\/conselho-regional-da-europa\/\">\ufeffComposi\u00e7\u00e3o e Sec\u00e7\u00f5es<\/a><\/h4>\n\n\n\n<hr class=\"wp-block-separator has-css-opacity\"\/>\n\n\n\n<h4 class=\"wp-block-heading\">Documentos<\/h4>\n\n\n\n<hr class=\"wp-block-separator has-css-opacity\"\/>\n\n\n\n<div class=\"wp-block-file\"><a id=\"wp-block-file--media-c2669071-01a2-4bca-bfa7-c38bf9a7e6a4\" href=\"http:\/\/www.conselhodascomunidades.pt\/site\/wp-content\/uploads\/2025\/09\/CRCPE-Acta-20-21-Marco-2025-Lisboa.pdf\">CRCPE Acta 20 21 Marco 2025 Lisboa<\/a><a href=\"http:\/\/www.conselhodascomunidades.pt\/site\/wp-content\/uploads\/2025\/09\/CRCPE-Acta-20-21-Marco-2025-Lisboa.pdf\" class=\"wp-block-file__button wp-element-button\" download aria-describedby=\"wp-block-file--media-c2669071-01a2-4bca-bfa7-c38bf9a7e6a4\">Baixar<\/a><\/div>\n\n\n\n<div class=\"wp-block-file\"><a id=\"wp-block-file--media-6ad87ed6-af2f-46b7-b345-e3db6f2bffc6\" href=\"http:\/\/www.conselhodascomunidades.pt\/site\/wp-content\/uploads\/2025\/04\/Reuniao-CRCPE-Fevereiro-2025_Acta.docx\">Reuni\u00e3o CRCPE Fevereiro 2025_Acta<\/a><a href=\"http:\/\/www.conselhodascomunidades.pt\/site\/wp-content\/uploads\/2025\/04\/Reuniao-CRCPE-Fevereiro-2025_Acta.docx\" class=\"wp-block-file__button wp-element-button\" download aria-describedby=\"wp-block-file--media-6ad87ed6-af2f-46b7-b345-e3db6f2bffc6\">Baixar<\/a><\/div>\n\n\n\n<div class=\"wp-block-file\"><a id=\"wp-block-file--media-fb1c244c-15ab-4038-895c-2c62e545004a\" href=\"http:\/\/www.conselhodascomunidades.pt\/site\/wp-content\/uploads\/2025\/04\/Reuniao-CRCPE-Janeiro-2025_Acta.docx\">Reuni\u00e3o CRCPE Janeiro 2025_Acta<\/a><a href=\"http:\/\/www.conselhodascomunidades.pt\/site\/wp-content\/uploads\/2025\/04\/Reuniao-CRCPE-Janeiro-2025_Acta.docx\" class=\"wp-block-file__button wp-element-button\" download aria-describedby=\"wp-block-file--media-fb1c244c-15ab-4038-895c-2c62e545004a\">Baixar<\/a><\/div>\n\n\n\n<div class=\"wp-block-file\"><a id=\"wp-block-file--media-9ff4070e-1b11-40dd-9bda-dfe29790a8b8\" href=\"http:\/\/www.conselhodascomunidades.pt\/site\/wp-content\/uploads\/2025\/03\/CRCPE-Acta-12_2024.pdf\">CRCPE Acta 12_2024<\/a><a href=\"http:\/\/www.conselhodascomunidades.pt\/site\/wp-content\/uploads\/2025\/03\/CRCPE-Acta-12_2024.pdf\" class=\"wp-block-file__button wp-element-button\" download aria-describedby=\"wp-block-file--media-9ff4070e-1b11-40dd-9bda-dfe29790a8b8\">Baixar<\/a><\/div>\n\n\n\n<div class=\"wp-block-file\"><a id=\"wp-block-file--media-56c1fc7f-1017-46e6-bb4b-1241a7007120\" href=\"http:\/\/www.conselhodascomunidades.pt\/site\/wp-content\/uploads\/2025\/03\/CRCPE-Acta-11_2024.pdf\">CRCPE Acta 11_2024<\/a><a href=\"http:\/\/www.conselhodascomunidades.pt\/site\/wp-content\/uploads\/2025\/03\/CRCPE-Acta-11_2024.pdf\" class=\"wp-block-file__button wp-element-button\" download aria-describedby=\"wp-block-file--media-56c1fc7f-1017-46e6-bb4b-1241a7007120\">Baixar<\/a><\/div>\n\n\n\n<div class=\"wp-block-group\"><div class=\"wp-block-group__inner-container is-layout-constrained wp-block-group-is-layout-constrained\">\n<div class=\"wp-block-file\"><a id=\"wp-block-file--media-10028d5f-92d8-446b-9d73-cdd6384647d6\" href=\"http:\/\/www.conselhodascomunidades.pt\/site\/wp-content\/uploads\/2025\/03\/CRCPE-Acta-10_2024-1.pdf\">CRCPE Acta 10_2024<\/a><a href=\"http:\/\/www.conselhodascomunidades.pt\/site\/wp-content\/uploads\/2025\/03\/CRCPE-Acta-10_2024-1.pdf\" class=\"wp-block-file__button wp-element-button\" download aria-describedby=\"wp-block-file--media-10028d5f-92d8-446b-9d73-cdd6384647d6\">Baixar<\/a><\/div>\n<\/div><\/div>\n\n\n\n<!--nextpage-->\n\n\n\n<h2 class=\"wp-block-heading\">Atas do mandato passado<\/h2>\n\n\n\n<div class=\"wp-block-file\"><a href=\"http:\/\/www.conselhodascomunidades.pt\/site\/wp-content\/uploads\/2023\/05\/CRE-ATA-REUNI\u00c3O-2023.pdf\">CRE ATA REUNI\u00c3O 2023<\/a><a href=\"http:\/\/www.conselhodascomunidades.pt\/site\/wp-content\/uploads\/2023\/05\/CRE-ATA-REUNI\u00c3O-2023.pdf\" class=\"wp-block-file__button wp-element-button\" download>Baixar<\/a><\/div>\n\n\n\n<div class=\"wp-block-file\"><a href=\"http:\/\/www.conselhodascomunidades.pt\/site\/wp-content\/uploads\/2022\/06\/Ata_6.a_reuni\u00e3o_ordin\u00e1ria_CRCPE_CCP.pdf\">CRE ATA REUNI\u00c3O 2022<\/a><a href=\"http:\/\/www.conselhodascomunidades.pt\/site\/wp-content\/uploads\/2022\/06\/Ata_6.a_reuni\u00e3o_ordin\u00e1ria_CRCPE_CCP.pdf\" class=\"wp-block-file__button wp-element-button\" download>Baixar<\/a><\/div>\n\n\n\n<div class=\"wp-block-file\"><a href=\"http:\/\/www.conselhodascomunidades.pt\/site\/wp-content\/uploads\/2021\/09\/ATA-Reunia\u0303o-CRE-2021.pdf\">CRE ATA REUNI\u00c3O 2021<\/a><a href=\"http:\/\/www.conselhodascomunidades.pt\/site\/wp-content\/uploads\/2021\/09\/ATA-Reunia\u0303o-CRE-2021.pdf\" class=\"wp-block-file__button wp-element-button\" download>Baixar<\/a><\/div>\n\n\n\n<div class=\"wp-block-file\"><a href=\"http:\/\/www.conselhodascomunidades.pt\/site\/wp-content\/uploads\/2020\/03\/Ata-CRE-2020.pdf\">CRE ATA REUNI\u00c3O 2020<\/a><a href=\"http:\/\/www.conselhodascomunidades.pt\/site\/wp-content\/uploads\/2020\/03\/Ata-CRE-2020.pdf\" class=\"wp-block-file__button wp-element-button\" download>Baixar<\/a><\/div>\n\n\n\n<div class=\"wp-block-file\"><a href=\"http:\/\/www.conselhodascomunidades.pt\/site\/wp-content\/uploads\/2019\/05\/Ata-3.a-Reunia\u0303o-ordina\u0301ria-do-CRE-1.pdf\">CRE ATA REUNI\u00c3O 2019<\/a><a href=\"http:\/\/www.conselhodascomunidades.pt\/site\/wp-content\/uploads\/2019\/05\/Ata-3.a-Reunia\u0303o-ordina\u0301ria-do-CRE-1.pdf\" class=\"wp-block-file__button wp-element-button\" download>Baixar<\/a><\/div>\n\n\n\n<div class=\"wp-block-file\"><a href=\"http:\/\/www.conselhodascomunidades.pt\/site\/wp-content\/uploads\/2019\/05\/Ata_2a_Reunia\u0303o_CCP_Europa_Marc\u0327o2018-1.pdf\">CRE ATA REUNI\u00c3O 2018<\/a><a href=\"http:\/\/www.conselhodascomunidades.pt\/site\/wp-content\/uploads\/2019\/05\/Ata_2a_Reunia\u0303o_CCP_Europa_Marc\u0327o2018-1.pdf\" class=\"wp-block-file__button wp-element-button\" download>Baixar<\/a><\/div>\n\n\n\n<div class=\"wp-block-file\"><a href=\"http:\/\/www.conselhodascomunidades.pt\/site\/wp-content\/uploads\/2019\/05\/ATA-da-primeira-reuniao-CRECP-Marco2017-1.pdf\">CRE ATA REUNI\u00c3O 2017<\/a><a href=\"http:\/\/www.conselhodascomunidades.pt\/site\/wp-content\/uploads\/2019\/05\/ATA-da-primeira-reuniao-CRECP-Marco2017-1.pdf\" class=\"wp-block-file__button wp-element-button\" download>Baixar<\/a><\/div>\n","protected":false},"excerpt":{"rendered":"<p>Regulamento \ufeffComposi\u00e7\u00e3o e Sec\u00e7\u00f5es Documentos<\/p>\n","protected":false},"author":1,"featured_media":0,"parent":0,"menu_order":0,"comment_status":"closed","ping_status":"closed","template":"","meta":{"footnotes":""},"class_list":["post-78","page","type-page","status-publish","hentry"],"_links":{"self":[{"href":"http:\/\/www.conselhodascomunidades.pt\/site\/wp-json\/wp\/v2\/pages\/78","targetHints":{"allow":["GET"]}}],"collection":[{"href":"http:\/\/www.conselhodascomunidades.pt\/site\/wp-json\/wp\/v2\/pages"}],"about":[{"href":"http:\/\/www.conselhodascomunidades.pt\/site\/wp-json\/wp\/v2\/types\/page"}],"author":[{"embeddable":true,"href":"http:\/\/www.conselhodascomunidades.pt\/site\/wp-json\/wp\/v2\/users\/1"}],"replies":[{"embeddable":true,"href":"http:\/\/www.conselhodascomunidades.pt\/site\/wp-json\/wp\/v2\/comments?post=78"}],"version-history":[{"count":22,"href":"http:\/\/www.conselhodascomunidades.pt\/site\/wp-json\/wp\/v2\/pages\/78\/revisions"}],"predecessor-version":[{"id":2271,"href":"http:\/\/www.conselhodascomunidades.pt\/site\/wp-json\/wp\/v2\/pages\/78\/revisions\/2271"}],"wp:attachment":[{"href":"http:\/\/www.conselhodascomunidades.pt\/site\/wp-json\/wp\/v2\/media?parent=78"}],"curies":[{"name":"wp","href":"https:\/\/api.w.org\/{rel}","templated":true}]}}