{"id":88,"date":"2019-02-12T12:30:17","date_gmt":"2019-02-12T15:30:17","guid":{"rendered":"http:\/\/cpccp1.hospedagemdesites.ws\/site\/?page_id=88"},"modified":"2025-07-28T16:09:50","modified_gmt":"2025-07-28T19:09:50","slug":"questoes-sociais","status":"publish","type":"page","link":"http:\/\/www.conselhodascomunidades.pt\/site\/questoes-sociais\/","title":{"rendered":"Quest\u00f5es Sociais e Econ\u00f3micas e Fluxos Migrat\u00f3rios\ufeff"},"content":{"rendered":"\n<h2 class=\"wp-block-heading\">Regulamento<\/h2>\n\n\n\n<hr class=\"wp-block-separator has-css-opacity\"\/>\n\n\n\n<p><a href=\"https:\/\/www.portaldascomunidades.mne.pt\/images\/GADG\/REGULAMENTO_INTERNO_CSEFM.pdf\" target=\"_blank\" rel=\"noreferrer noopener\" aria-label=\"Arquivo em PDF (abre em uma nova aba)\">Arquivo em PDF<\/a><\/p>\n\n\n\n<hr class=\"wp-block-separator has-css-opacity\"\/>\n\n\n\n<h2 class=\"wp-block-heading\">Composi\u00e7\u00e3o<\/h2>\n\n\n\n<hr class=\"wp-block-separator has-css-opacity\"\/>\n\n\n\n<ul class=\"wp-block-list\">\n<li>Hil\u00e1rio da Cunha (Coordenador) &#8211; Espanha<\/li>\n\n\n\n<li>Ant\u00f3nio Davide da Gra\u00e7a (Secret\u00e1rio) &#8211; Brasil<\/li>\n\n\n\n<li>Cust\u00f3dio Port\u00e1sio &#8211; Luxemburgo<\/li>\n\n\n\n<li>Elizabete Gomes Serr\u00e3o &#8211; \u00c1frica do Sul<\/li>\n\n\n\n<li>Martin D&#8217;Oliveira &#8211; Argentina<\/li>\n\n\n\n<li>Paulo Pereira &#8211; Estados Unidos da Am\u00e9rica<\/li>\n\n\n\n<li>Rita Santos &#8211; China\/Macau<\/li>\n<\/ul>\n\n\n\n<h2 class=\"wp-block-heading\">Documentos<\/h2>\n\n\n\n<hr class=\"wp-block-separator has-css-opacity\"\/>\n\n\n\n<div class=\"wp-block-file\"><a id=\"wp-block-file--media-bf734e4b-1a06-4d71-91e8-93e8a10bf221\" href=\"http:\/\/www.conselhodascomunidades.pt\/site\/wp-content\/uploads\/2025\/07\/Conclusoes-e-Propostas-CTQSEFM-2025.pdf\">Conclus\u00f5es e Propostas CTQSEFM 2025<\/a><a href=\"http:\/\/www.conselhodascomunidades.pt\/site\/wp-content\/uploads\/2025\/07\/Conclusoes-e-Propostas-CTQSEFM-2025.pdf\" class=\"wp-block-file__button wp-element-button\" download aria-describedby=\"wp-block-file--media-bf734e4b-1a06-4d71-91e8-93e8a10bf221\">Baixar<\/a><\/div>\n\n\n\n<div class=\"wp-block-file\"><a id=\"wp-block-file--media-abf2d526-cf69-4f39-8350-9da2b2e0b97f\" href=\"http:\/\/www.conselhodascomunidades.pt\/site\/wp-content\/uploads\/2025\/06\/Acta-Comissao-Tematica-para-Questoes-Sociais-Economicas-e-dos-Fluxos-Migratorio-20250412.pdf\">Acta Comiss\u00e3o Tem\u00e1tica para Quest\u00f5es Sociais Economicas e dos Fluxos Migrat\u00f3rio 02\/2025<\/a><a href=\"http:\/\/www.conselhodascomunidades.pt\/site\/wp-content\/uploads\/2025\/06\/Acta-Comissao-Tematica-para-Questoes-Sociais-Economicas-e-dos-Fluxos-Migratorio-20250412.pdf\" class=\"wp-block-file__button wp-element-button\" download aria-describedby=\"wp-block-file--media-abf2d526-cf69-4f39-8350-9da2b2e0b97f\">Baixar<\/a><\/div>\n\n\n\n<div class=\"wp-block-file\"><a id=\"wp-block-file--media-4ebf8b52-7a67-4933-8e7f-c344c59dc93c\" href=\"http:\/\/www.conselhodascomunidades.pt\/site\/wp-content\/uploads\/2025\/06\/Acta-Comissao-Tematica-para-Questoes-Sociais-Economicas-e-dos-Fluxos-Migratorio-20250315.pdf\">Acta Comiss\u00e3o Tem\u00e1tica para Quest\u00f5es Sociais Economicas e dos Fluxos Migrat\u00f3rio 01\/2025<\/a><a href=\"http:\/\/www.conselhodascomunidades.pt\/site\/wp-content\/uploads\/2025\/06\/Acta-Comissao-Tematica-para-Questoes-Sociais-Economicas-e-dos-Fluxos-Migratorio-20250315.pdf\" class=\"wp-block-file__button wp-element-button\" download aria-describedby=\"wp-block-file--media-4ebf8b52-7a67-4933-8e7f-c344c59dc93c\">Baixar<\/a><\/div>\n\n\n\n<div class=\"wp-block-file\"><a id=\"wp-block-file--media-de67ab72-cfa5-41d7-965b-0a06a04f509b\" href=\"http:\/\/www.conselhodascomunidades.pt\/site\/wp-content\/uploads\/2025\/06\/Acta-Comissao-Tematica-para-Questoes-Sociais-Economicas-e-dos-Fluxos-Migratorio-20241130.pdf\">Acta Comiss\u00e3o Tem\u00e1tica para Quest\u00f5es Sociais Economicas e dos Fluxos Migrat\u00f3rio 02\/2024<\/a><a href=\"http:\/\/www.conselhodascomunidades.pt\/site\/wp-content\/uploads\/2025\/06\/Acta-Comissao-Tematica-para-Questoes-Sociais-Economicas-e-dos-Fluxos-Migratorio-20241130.pdf\" class=\"wp-block-file__button wp-element-button\" download aria-describedby=\"wp-block-file--media-de67ab72-cfa5-41d7-965b-0a06a04f509b\">Baixar<\/a><\/div>\n\n\n\n<div class=\"wp-block-file\"><a id=\"wp-block-file--media-cc996480-c7fd-4410-bb31-affebb9077b2\" href=\"http:\/\/www.conselhodascomunidades.pt\/site\/wp-content\/uploads\/2025\/06\/Acta-Comissao-Tematica-para-Questoes-Sociais-Economicas-e-dos-Fluxos-Migratorio-20241009-10.pdf\">Acta Comiss\u00e3o Tem\u00e1tica para Quest\u00f5es Sociais Economicas e dos Fluxos Migrat\u00f3rio  01\/2024<\/a><a href=\"http:\/\/www.conselhodascomunidades.pt\/site\/wp-content\/uploads\/2025\/06\/Acta-Comissao-Tematica-para-Questoes-Sociais-Economicas-e-dos-Fluxos-Migratorio-20241009-10.pdf\" class=\"wp-block-file__button wp-element-button\" download aria-describedby=\"wp-block-file--media-cc996480-c7fd-4410-bb31-affebb9077b2\">Baixar<\/a><\/div>\n\n\n\n<div class=\"wp-block-file\"><a href=\"http:\/\/www.conselhodascomunidades.pt\/site\/wp-content\/uploads\/2023\/05\/ATA-CT-QSEFM-2022.pdf\"> <br>CTSEFM ATA REUNI\u00c3O 2022 <\/a><a href=\"http:\/\/www.conselhodascomunidades.pt\/site\/wp-content\/uploads\/2023\/05\/ATA-CT-QSEFM-2022.pdf\" class=\"wp-block-file__button wp-element-button\" download>Baixar<\/a><\/div>\n\n\n\n<div class=\"wp-block-file\"><a href=\"http:\/\/www.conselhodascomunidades.pt\/site\/wp-content\/uploads\/2021\/09\/Ata-e-Concluso\u0303es-CTQSEFM.pdf\">CTSEFM ATA REUNI\u00c3O 2021<\/a><a href=\"http:\/\/www.conselhodascomunidades.pt\/site\/wp-content\/uploads\/2021\/09\/Ata-e-Concluso\u0303es-CTQSEFM.pdf\" class=\"wp-block-file__button wp-element-button\" download>Baixar<\/a><\/div>\n\n\n\n<div class=\"wp-block-file\"><a href=\"http:\/\/www.conselhodascomunidades.pt\/site\/wp-content\/uploads\/2019\/05\/ATA-CT-QSEFM-2019_2.pdf\">CTSEFM ATA REUNI\u00c3O 2019<\/a><a href=\"http:\/\/www.conselhodascomunidades.pt\/site\/wp-content\/uploads\/2019\/05\/ATA-CT-QSEFM-2019_2.pdf\" class=\"wp-block-file__button wp-element-button\" download>Baixar<\/a><\/div>\n\n\n\n<div class=\"wp-block-file\"><a href=\"http:\/\/www.conselhodascomunidades.pt\/site\/wp-content\/uploads\/2019\/05\/ATA-CT-QSEFM-2018.pdf\">CTSEFM ATA REUNI\u00c3O 2018<\/a><a href=\"http:\/\/www.conselhodascomunidades.pt\/site\/wp-content\/uploads\/2019\/05\/ATA-CT-QSEFM-2018.pdf\" class=\"wp-block-file__button wp-element-button\" download>Baixar<\/a><\/div>\n","protected":false},"excerpt":{"rendered":"<p>Regulamento Arquivo em PDF Composi\u00e7\u00e3o Documentos<\/p>\n","protected":false},"author":1,"featured_media":0,"parent":0,"menu_order":0,"comment_status":"closed","ping_status":"closed","template":"","meta":{"footnotes":""},"class_list":["post-88","page","type-page","status-publish","hentry"],"_links":{"self":[{"href":"http:\/\/www.conselhodascomunidades.pt\/site\/wp-json\/wp\/v2\/pages\/88","targetHints":{"allow":["GET"]}}],"collection":[{"href":"http:\/\/www.conselhodascomunidades.pt\/site\/wp-json\/wp\/v2\/pages"}],"about":[{"href":"http:\/\/www.conselhodascomunidades.pt\/site\/wp-json\/wp\/v2\/types\/page"}],"author":[{"embeddable":true,"href":"http:\/\/www.conselhodascomunidades.pt\/site\/wp-json\/wp\/v2\/users\/1"}],"replies":[{"embeddable":true,"href":"http:\/\/www.conselhodascomunidades.pt\/site\/wp-json\/wp\/v2\/comments?post=88"}],"version-history":[{"count":14,"href":"http:\/\/www.conselhodascomunidades.pt\/site\/wp-json\/wp\/v2\/pages\/88\/revisions"}],"predecessor-version":[{"id":2242,"href":"http:\/\/www.conselhodascomunidades.pt\/site\/wp-json\/wp\/v2\/pages\/88\/revisions\/2242"}],"wp:attachment":[{"href":"http:\/\/www.conselhodascomunidades.pt\/site\/wp-json\/wp\/v2\/media?parent=88"}],"curies":[{"name":"wp","href":"https:\/\/api.w.org\/{rel}","templated":true}]}}