{"id":92,"date":"2019-02-12T12:33:14","date_gmt":"2019-02-12T15:33:14","guid":{"rendered":"http:\/\/cpccp1.hospedagemdesites.ws\/site\/?page_id=92"},"modified":"2025-07-28T16:08:40","modified_gmt":"2025-07-28T19:08:40","slug":"ensinodeportugues","status":"publish","type":"page","link":"http:\/\/www.conselhodascomunidades.pt\/site\/ensinodeportugues\/","title":{"rendered":"Ensino de Portugu\u00eas no Estrangeiro, Cultura, Associativismo e Comunica\u00e7\u00e3o Social"},"content":{"rendered":"\n<hr class=\"wp-block-separator has-css-opacity\"\/>\n\n\n\n<h2 class=\"wp-block-heading\">Regulamento<\/h2>\n\n\n\n<div class=\"wp-block-file\"><a id=\"wp-block-file--media-7ba4df07-337a-49de-9239-d32857de1f43\" href=\"http:\/\/www.conselhodascomunidades.pt\/site\/wp-content\/uploads\/2025\/03\/Regulamento-Interno-Comissao_Revisto.docx\">Regulamento Interno Comissa\u0303o<\/a><a href=\"http:\/\/www.conselhodascomunidades.pt\/site\/wp-content\/uploads\/2025\/03\/Regulamento-Interno-Comissao_Revisto.docx\" class=\"wp-block-file__button wp-element-button\" download aria-describedby=\"wp-block-file--media-7ba4df07-337a-49de-9239-d32857de1f43\">Baixar<\/a><\/div>\n\n\n\n<hr class=\"wp-block-separator has-css-opacity\"\/>\n\n\n\n<h2 class=\"wp-block-heading\">Composi\u00e7\u00e3o<\/h2>\n\n\n\n<hr class=\"wp-block-separator has-css-opacity\"\/>\n\n\n\n<ul class=\"wp-block-list\">\n<li>Sandro Mano Ferreira (Coordenadora) &#8211; Reino Unido<\/li>\n\n\n\n<li>Filipe da Silva (Secret\u00e1rio) &#8211; Timor Leste<\/li>\n\n\n\n<li>Jos\u00e9 Alberto Fernandes &#8211; Venezuela<\/li>\n\n\n\n<li>Armandino Torr\u00e3o &#8211; Brasil<\/li>\n\n\n\n<li>Diogo Leal &#8211; Angola<\/li>\n\n\n\n<li>Laurentino Esteves &#8211; Canad\u00e1<\/li>\n\n\n\n<li>Ant\u00f3nio Oliveira &#8211; Fran\u00e7a<\/li>\n<\/ul>\n\n\n\n<hr class=\"wp-block-separator has-css-opacity\"\/>\n\n\n\n<h2 class=\"wp-block-heading\">Documentos<\/h2>\n\n\n\n<hr class=\"wp-block-separator has-css-opacity\"\/>\n\n\n\n<div class=\"wp-block-file\"><a id=\"wp-block-file--media-32642e9f-faf9-47a5-9dab-9e9510934fa0\" href=\"http:\/\/www.conselhodascomunidades.pt\/site\/wp-content\/uploads\/2025\/07\/Conclusoes-Parecer-CEPECAS-2025.docx\">Conclus\u00f5es &#8211; Parecer CEPECAS 2025<\/a><a href=\"http:\/\/www.conselhodascomunidades.pt\/site\/wp-content\/uploads\/2025\/07\/Conclusoes-Parecer-CEPECAS-2025.docx\" class=\"wp-block-file__button wp-element-button\" download aria-describedby=\"wp-block-file--media-32642e9f-faf9-47a5-9dab-9e9510934fa0\">Baixar<\/a><\/div>\n\n\n\n<div class=\"wp-block-file\"><a id=\"wp-block-file--media-f376b8bf-55fe-4aa5-9a0f-fcf03813b206\" href=\"http:\/\/www.conselhodascomunidades.pt\/site\/wp-content\/uploads\/2025\/07\/Ata-n.o-6-da-CEPECACS_Simplificada1.docx\">Ata n.\u00ba 6 da CEPECACS<\/a><a href=\"http:\/\/www.conselhodascomunidades.pt\/site\/wp-content\/uploads\/2025\/07\/Ata-n.o-6-da-CEPECACS_Simplificada1.docx\" class=\"wp-block-file__button wp-element-button\" download aria-describedby=\"wp-block-file--media-f376b8bf-55fe-4aa5-9a0f-fcf03813b206\">Baixar<\/a><\/div>\n\n\n\n<div class=\"wp-block-file\"><a id=\"wp-block-file--media-4511e107-49f1-4c10-80d2-df70eb176f2e\" href=\"http:\/\/www.conselhodascomunidades.pt\/site\/wp-content\/uploads\/2025\/07\/Ata-n.o-5-da-CEPECACS.docx\">Ata n.\u00ba 5 da CEPECACS<\/a><a href=\"http:\/\/www.conselhodascomunidades.pt\/site\/wp-content\/uploads\/2025\/07\/Ata-n.o-5-da-CEPECACS.docx\" class=\"wp-block-file__button wp-element-button\" download aria-describedby=\"wp-block-file--media-4511e107-49f1-4c10-80d2-df70eb176f2e\">Baixar<\/a><\/div>\n\n\n\n<div class=\"wp-block-file\"><a id=\"wp-block-file--media-2912ec92-01c2-4c51-8891-14f83cb5923b\" href=\"http:\/\/www.conselhodascomunidades.pt\/site\/wp-content\/uploads\/2025\/04\/Ata-n.o-4-da-CEPECACS_FINAL.docx\">Ata n.\u00ba 4 da CEPECACS<\/a><a href=\"http:\/\/www.conselhodascomunidades.pt\/site\/wp-content\/uploads\/2025\/04\/Ata-n.o-4-da-CEPECACS_FINAL.docx\" class=\"wp-block-file__button wp-element-button\" download aria-describedby=\"wp-block-file--media-2912ec92-01c2-4c51-8891-14f83cb5923b\">Baixar<\/a><\/div>\n\n\n\n<div class=\"wp-block-file\"><a id=\"wp-block-file--media-555173fb-20c4-410a-b1b9-fcc052bcca7f\" href=\"http:\/\/www.conselhodascomunidades.pt\/site\/wp-content\/uploads\/2025\/04\/Ata-n.o-3-da-CEPECACS_11-JAN-2025.docx\">Ata n.\u00ba 3 da CEPECACS<\/a><a href=\"http:\/\/www.conselhodascomunidades.pt\/site\/wp-content\/uploads\/2025\/04\/Ata-n.o-3-da-CEPECACS_11-JAN-2025.docx\" class=\"wp-block-file__button wp-element-button\" download aria-describedby=\"wp-block-file--media-555173fb-20c4-410a-b1b9-fcc052bcca7f\">Baixar<\/a><\/div>\n\n\n\n<div class=\"wp-block-file\"><a id=\"wp-block-file--media-73a864e2-986a-4a30-bb49-e2b021b60284\" href=\"http:\/\/www.conselhodascomunidades.pt\/site\/wp-content\/uploads\/2025\/03\/Ata-N.o2-da-CEPECACS.docx\">Ata N.\u00ba2 da CEPECACS<\/a><a href=\"http:\/\/www.conselhodascomunidades.pt\/site\/wp-content\/uploads\/2025\/03\/Ata-N.o2-da-CEPECACS.docx\" class=\"wp-block-file__button wp-element-button\" download aria-describedby=\"wp-block-file--media-73a864e2-986a-4a30-bb49-e2b021b60284\">Baixar<\/a><\/div>\n\n\n\n<div class=\"wp-block-file\"><a id=\"wp-block-file--media-00311d34-bbfb-4219-be47-54ab2322a6af\" href=\"http:\/\/www.conselhodascomunidades.pt\/site\/wp-content\/uploads\/2025\/03\/ATA-CEPECACS-N.1.docx\">Ata N\u00ba1 da CEPECACS<\/a><a href=\"http:\/\/www.conselhodascomunidades.pt\/site\/wp-content\/uploads\/2025\/03\/ATA-CEPECACS-N.1.docx\" class=\"wp-block-file__button wp-element-button\" download aria-describedby=\"wp-block-file--media-00311d34-bbfb-4219-be47-54ab2322a6af\">Baixar<\/a><\/div>\n\n\n\n<div class=\"wp-block-file\"><a href=\"http:\/\/www.conselhodascomunidades.pt\/site\/wp-content\/uploads\/2023\/05\/CEPECACS-Parecer-05-2022.pdf\"> CTEPECACS REUNI\u00c3O 2022<\/a><a href=\"http:\/\/www.conselhodascomunidades.pt\/site\/wp-content\/uploads\/2023\/05\/CEPECACS-Parecer-05-2022.pdf\" class=\"wp-block-file__button wp-element-button\" download>Baixar<\/a><\/div>\n\n\n\n<div class=\"wp-block-file\"><a href=\"http:\/\/www.conselhodascomunidades.pt\/site\/wp-content\/uploads\/2021\/09\/CEPECACS-Parecer.pdf\">CTEPECACS REUNI\u00c3O 2021<\/a><a href=\"http:\/\/www.conselhodascomunidades.pt\/site\/wp-content\/uploads\/2021\/09\/CEPECACS-Parecer.pdf\" class=\"wp-block-file__button wp-element-button\" download>Baixar<\/a><\/div>\n\n\n\n<div class=\"wp-block-file\"><a href=\"http:\/\/www.conselhodascomunidades.pt\/site\/wp-content\/uploads\/2019\/05\/ACTA-CEPECACS-06-07-MAY-2019.pdf\">CTEPECACS REUNI\u00c3O 2019<\/a><a href=\"http:\/\/www.conselhodascomunidades.pt\/site\/wp-content\/uploads\/2019\/05\/ACTA-CEPECACS-06-07-MAY-2019.pdf\" class=\"wp-block-file__button wp-element-button\" download>Baixar<\/a><\/div>\n\n\n\n<div class=\"wp-block-file\"><a href=\"http:\/\/www.conselhodascomunidades.pt\/site\/wp-content\/uploads\/2019\/05\/2-ACTA-CEPECACS-19-20-SET-2018.pdf\">CTEPECACS REUNI\u00c3O 2018<\/a><a href=\"http:\/\/www.conselhodascomunidades.pt\/site\/wp-content\/uploads\/2019\/05\/2-ACTA-CEPECACS-19-20-SET-2018.pdf\" class=\"wp-block-file__button wp-element-button\" download>Baixar<\/a><\/div>\n\n\n\n<div class=\"wp-block-file\"><a href=\"http:\/\/www.conselhodascomunidades.pt\/site\/wp-content\/uploads\/2019\/05\/1-ACTA-CEPECACS-16-17-OUT-2017.pdf\">CTEPECACS REUNI\u00c3O 2017<\/a><a href=\"http:\/\/www.conselhodascomunidades.pt\/site\/wp-content\/uploads\/2019\/05\/1-ACTA-CEPECACS-16-17-OUT-2017.pdf\" class=\"wp-block-file__button wp-element-button\" download>Baixar<\/a><\/div>\n","protected":false},"excerpt":{"rendered":"<p>Regulamento Composi\u00e7\u00e3o Documentos<\/p>\n","protected":false},"author":1,"featured_media":0,"parent":0,"menu_order":0,"comment_status":"closed","ping_status":"closed","template":"","meta":{"footnotes":""},"class_list":["post-92","page","type-page","status-publish","hentry"],"_links":{"self":[{"href":"http:\/\/www.conselhodascomunidades.pt\/site\/wp-json\/wp\/v2\/pages\/92","targetHints":{"allow":["GET"]}}],"collection":[{"href":"http:\/\/www.conselhodascomunidades.pt\/site\/wp-json\/wp\/v2\/pages"}],"about":[{"href":"http:\/\/www.conselhodascomunidades.pt\/site\/wp-json\/wp\/v2\/types\/page"}],"author":[{"embeddable":true,"href":"http:\/\/www.conselhodascomunidades.pt\/site\/wp-json\/wp\/v2\/users\/1"}],"replies":[{"embeddable":true,"href":"http:\/\/www.conselhodascomunidades.pt\/site\/wp-json\/wp\/v2\/comments?post=92"}],"version-history":[{"count":19,"href":"http:\/\/www.conselhodascomunidades.pt\/site\/wp-json\/wp\/v2\/pages\/92\/revisions"}],"predecessor-version":[{"id":2241,"href":"http:\/\/www.conselhodascomunidades.pt\/site\/wp-json\/wp\/v2\/pages\/92\/revisions\/2241"}],"wp:attachment":[{"href":"http:\/\/www.conselhodascomunidades.pt\/site\/wp-json\/wp\/v2\/media?parent=92"}],"curies":[{"name":"wp","href":"https:\/\/api.w.org\/{rel}","templated":true}]}}