{"id":95,"date":"2019-02-12T12:36:01","date_gmt":"2019-02-12T15:36:01","guid":{"rendered":"http:\/\/cpccp1.hospedagemdesites.ws\/site\/?page_id=95"},"modified":"2025-09-27T15:51:24","modified_gmt":"2025-09-27T18:51:24","slug":"questoes-consulares","status":"publish","type":"page","link":"http:\/\/www.conselhodascomunidades.pt\/site\/questoes-consulares\/","title":{"rendered":"Quest\u00f5es Consulares de Participa\u00e7\u00e3o C\u00edvica"},"content":{"rendered":"\n<h2 class=\"wp-block-heading\">&nbsp;Regulamento<\/h2>\n\n\n\n<hr class=\"wp-block-separator has-css-opacity\"\/>\n\n\n\n<p><a href=\"https:\/\/www.portaldascomunidades.mne.pt\/images\/GADG\/Regulamento_CCPCP_2015_2019.pdf\" target=\"_blank\" rel=\"noreferrer noopener\" aria-label=\"Arquivo em PDF (abre em uma nova aba)\">Arquivo em PDF<\/a><\/p>\n\n\n\n<hr class=\"wp-block-separator has-css-opacity\"\/>\n\n\n\n<h2 class=\"wp-block-heading\">&nbsp;<em>Composi\u00e7\u00e3o<\/em><\/h2>\n\n\n\n<hr class=\"wp-block-separator has-css-opacity\"\/>\n\n\n\n<ul class=\"wp-block-list\">\n<li> Rui Ribeiro Barata (Coordenador) &#8211; Fran\u00e7a<\/li>\n\n\n\n<li>Alexandre dos Santos (Secret\u00e1rio) &#8211; \u00c1frica do Sul<\/li>\n\n\n\n<li>C\u00e2ndida Melo &#8211; Alemanha<\/li>\n\n\n\n<li>Jos\u00e9 Duarte Alves &#8211; Brasil<\/li>\n\n\n\n<li>Maria de F\u00e1tima Pontes &#8211; Venezuela<\/li>\n\n\n\n<li>M\u00e1rcia Sousa &#8211; Estados Unidos da Am\u00e9rica<\/li>\n\n\n\n<li>Sara Fernandes &#8211; Austr\u00e1lia<\/li>\n<\/ul>\n\n\n\n<hr class=\"wp-block-separator has-css-opacity\"\/>\n\n\n\n<h2 class=\"wp-block-heading\">Documentos<\/h2>\n\n\n\n<div class=\"wp-block-file\"><a id=\"wp-block-file--media-2c38089f-6059-4a31-8f26-139be4adf13a\" href=\"http:\/\/www.conselhodascomunidades.pt\/site\/wp-content\/uploads\/2025\/07\/Conclusoes-CACPCP-2025.pdf\">Conclus\u00f5es CACPCP 2025<\/a><a href=\"http:\/\/www.conselhodascomunidades.pt\/site\/wp-content\/uploads\/2025\/07\/Conclusoes-CACPCP-2025.pdf\" class=\"wp-block-file__button wp-element-button\" download aria-describedby=\"wp-block-file--media-2c38089f-6059-4a31-8f26-139be4adf13a\">Baixar<\/a><\/div>\n\n\n\n<div class=\"wp-block-file\"><a id=\"wp-block-file--media-1495075d-bbdf-4ea1-b162-68f7cb6c1e6b\" href=\"http:\/\/www.conselhodascomunidades.pt\/site\/wp-content\/uploads\/2025\/05\/Acta-5_CT-Assuntos-Consulares-e-participacao-civica-e-politica-14-02-20251.docx.pdf\">Acta 5_CT Assuntos Consulares e participacao civica e politica 14-02-2025(1).docx<\/a><a href=\"http:\/\/www.conselhodascomunidades.pt\/site\/wp-content\/uploads\/2025\/05\/Acta-5_CT-Assuntos-Consulares-e-participacao-civica-e-politica-14-02-20251.docx.pdf\" class=\"wp-block-file__button wp-element-button\" download aria-describedby=\"wp-block-file--media-1495075d-bbdf-4ea1-b162-68f7cb6c1e6b\">Baixar<\/a><\/div>\n\n\n\n<div class=\"wp-block-file\"><a id=\"wp-block-file--media-7b2c1262-fba1-4e38-878c-201d008ce926\" href=\"http:\/\/www.conselhodascomunidades.pt\/site\/wp-content\/uploads\/2025\/03\/Acta-4_CT-Assuntos-Consulares-e-participacao-civica-e-politica-21-01-2025.pdf\">Acta 4_CT Assuntos Consulares e participacao civica e politica 21-01-2025<\/a><a href=\"http:\/\/www.conselhodascomunidades.pt\/site\/wp-content\/uploads\/2025\/03\/Acta-4_CT-Assuntos-Consulares-e-participacao-civica-e-politica-21-01-2025.pdf\" class=\"wp-block-file__button wp-element-button\" download aria-describedby=\"wp-block-file--media-7b2c1262-fba1-4e38-878c-201d008ce926\">Baixar<\/a><\/div>\n\n\n\n<div class=\"wp-block-file\"><a id=\"wp-block-file--media-51f17a39-6982-416a-bb75-b37ab592f4c0\" href=\"http:\/\/www.conselhodascomunidades.pt\/site\/wp-content\/uploads\/2025\/03\/Acta-3_CT-Assuntos-Consulares-e-participacao-civica-e-politica-11-12-2024.pdf\">Acta 3_CT Assuntos Consulares e participacao civica e politica 11-12-2024<\/a><a href=\"http:\/\/www.conselhodascomunidades.pt\/site\/wp-content\/uploads\/2025\/03\/Acta-3_CT-Assuntos-Consulares-e-participacao-civica-e-politica-11-12-2024.pdf\" class=\"wp-block-file__button wp-element-button\" download aria-describedby=\"wp-block-file--media-51f17a39-6982-416a-bb75-b37ab592f4c0\">Baixar<\/a><\/div>\n\n\n\n<div class=\"wp-block-file\"><a id=\"wp-block-file--media-318b5f3c-db47-4a3e-838f-ee0ee64672ab\" href=\"http:\/\/www.conselhodascomunidades.pt\/site\/wp-content\/uploads\/2025\/03\/Acta-2_CT-Assuntos-Consulares-e-Participacao-Civica-e-Politica-CCP-12-11-2024.pdf\">Acta 2_CT Assuntos Consulares e Participacao Civica e Politica &#8211; CCP 12-11-2024<\/a><a href=\"http:\/\/www.conselhodascomunidades.pt\/site\/wp-content\/uploads\/2025\/03\/Acta-2_CT-Assuntos-Consulares-e-Participacao-Civica-e-Politica-CCP-12-11-2024.pdf\" class=\"wp-block-file__button wp-element-button\" download aria-describedby=\"wp-block-file--media-318b5f3c-db47-4a3e-838f-ee0ee64672ab\">Baixar<\/a><\/div>\n\n\n\n<div class=\"wp-block-file\"><a id=\"wp-block-file--media-92fab836-0067-41d9-8bb3-420dbaa0078a\" href=\"http:\/\/www.conselhodascomunidades.pt\/site\/wp-content\/uploads\/2025\/03\/ACTA-1-CT-Assuntos-Consulares-e-Participacao-Civica-Politica-CCP-09-10-2024.pdf\">ACTA 1 CT Assuntos Consulares e Participacao Civica Politica &#8211; CCP 09-10-2024<\/a><a href=\"http:\/\/www.conselhodascomunidades.pt\/site\/wp-content\/uploads\/2025\/03\/ACTA-1-CT-Assuntos-Consulares-e-Participacao-Civica-Politica-CCP-09-10-2024.pdf\" class=\"wp-block-file__button wp-element-button\" download aria-describedby=\"wp-block-file--media-92fab836-0067-41d9-8bb3-420dbaa0078a\">Baixar<\/a><\/div>\n\n\n\n<hr class=\"wp-block-separator has-css-opacity\"\/>\n\n\n\n<div class=\"wp-block-file\"><a href=\"http:\/\/www.conselhodascomunidades.pt\/site\/wp-content\/uploads\/2021\/09\/Parecer-CT-Assuntos-Consuares-e-Participac\u0327a\u0303o-Civica-2021.pdf\">CTCPCP ATA REUNI\u00c3O 2021<\/a><a href=\"http:\/\/www.conselhodascomunidades.pt\/site\/wp-content\/uploads\/2021\/09\/Parecer-CT-Assuntos-Consuares-e-Participac\u0327a\u0303o-Civica-2021.pdf\" class=\"wp-block-file__button wp-element-button\" download>Baixar<\/a><\/div>\n\n\n\n<div class=\"wp-block-file\"><a href=\"http:\/\/www.conselhodascomunidades.pt\/site\/wp-content\/uploads\/2019\/05\/ACTA-21-CCPCP-16-E-17-10-2017.pdf\">CTCPCP ATA REUNI\u00c3O 2017<\/a><a href=\"http:\/\/www.conselhodascomunidades.pt\/site\/wp-content\/uploads\/2019\/05\/ACTA-21-CCPCP-16-E-17-10-2017.pdf\" class=\"wp-block-file__button wp-element-button\" download>Baixar<\/a><\/div>\n","protected":false},"excerpt":{"rendered":"<p>&nbsp;Regulamento Arquivo em PDF &nbsp;Composi\u00e7\u00e3o Documentos<\/p>\n","protected":false},"author":1,"featured_media":0,"parent":0,"menu_order":0,"comment_status":"closed","ping_status":"closed","template":"","meta":{"footnotes":""},"class_list":["post-95","page","type-page","status-publish","hentry"],"_links":{"self":[{"href":"http:\/\/www.conselhodascomunidades.pt\/site\/wp-json\/wp\/v2\/pages\/95","targetHints":{"allow":["GET"]}}],"collection":[{"href":"http:\/\/www.conselhodascomunidades.pt\/site\/wp-json\/wp\/v2\/pages"}],"about":[{"href":"http:\/\/www.conselhodascomunidades.pt\/site\/wp-json\/wp\/v2\/types\/page"}],"author":[{"embeddable":true,"href":"http:\/\/www.conselhodascomunidades.pt\/site\/wp-json\/wp\/v2\/users\/1"}],"replies":[{"embeddable":true,"href":"http:\/\/www.conselhodascomunidades.pt\/site\/wp-json\/wp\/v2\/comments?post=95"}],"version-history":[{"count":17,"href":"http:\/\/www.conselhodascomunidades.pt\/site\/wp-json\/wp\/v2\/pages\/95\/revisions"}],"predecessor-version":[{"id":2270,"href":"http:\/\/www.conselhodascomunidades.pt\/site\/wp-json\/wp\/v2\/pages\/95\/revisions\/2270"}],"wp:attachment":[{"href":"http:\/\/www.conselhodascomunidades.pt\/site\/wp-json\/wp\/v2\/media?parent=95"}],"curies":[{"name":"wp","href":"https:\/\/api.w.org\/{rel}","templated":true}]}}