{"id":98,"date":"2019-02-12T12:37:52","date_gmt":"2019-02-12T15:37:52","guid":{"rendered":"http:\/\/cpccp1.hospedagemdesites.ws\/site\/?page_id=98"},"modified":"2025-08-06T10:20:58","modified_gmt":"2025-08-06T13:20:58","slug":"conclusoesdascomissoes","status":"publish","type":"page","link":"http:\/\/www.conselhodascomunidades.pt\/site\/conclusoesdascomissoes\/","title":{"rendered":"Conclus\u00f5es das Comiss\u00f5es Tem\u00e1ticas aprovadas pelo Conselho Permanente"},"content":{"rendered":"\r\n<p style=\"font-weight: 400; text-align: justify;\">De acordo com o previsto na Lei n\u00ba 66-A, em seu artigo 34\u00ba, 3, &#8220;as comiss\u00f5es tem\u00e1ticas t\u00eam por miss\u00e3o elaborar relat\u00f3rios e estudos sobre mat\u00e9rias espec\u00edficas das suas \u00e1reas a submeter ao plen\u00e1rio ou a reuni\u00e3o do conselho permanente&#8221;.<\/p>\r\n<p style=\"font-weight: 400; text-align: justify;\">Por isso, e em suas reuni\u00f5es anuais, as CTs do CCP produzem seus Pareceres e os submetem ao Conselho Permanente que, ap\u00f3s sua reflex\u00e3o e manifesta\u00e7\u00e3o, encaminha-os \u00e0s autoridades e \u00f3rg\u00e3os de soberania.<\/p>\r\n<p style=\"font-weight: 400; text-align: justify;\">Abaixo as conclus\u00f5es deste mandato:<\/p>\r\n<p><strong>2025<\/strong><\/p>\r\n<p><a href=\"http:\/\/www.conselhodascomunidades.pt\/site\/wp-content\/uploads\/2025\/08\/CONCLUSOES-CTs-2025.pdf\">CONCLUS\u00d5ES REUNI\u00d5ES CT\u00a0<\/a><\/p>\r\n<h2 class=\"wp-block-heading\">2021<\/h2>\r\n<p><a href=\"http:\/\/www.conselhodascomunidades.pt\/site\/wp-content\/uploads\/2021\/09\/CONCLUSO\u0303ES-REUNIO\u0303ES-CT-2021.pdf\">CONCLUS\u00d5ES REUNI\u00d5ES CT 2021<\/a><\/p>\r\n<h2>2018<\/h2>\r\n\r\n\r\n\r\n<table class=\"wp-block-table is-style-stripes\">\r\n<tbody>\r\n<tr>\r\n<td><a href=\"http:\/\/www.conselhodascomunidades.pt\/site\/wp-content\/uploads\/2019\/02\/CONCLUS\u00d5ES-REUNI\u00d5ES-CT-2018.pdf\" target=\"_blank\" rel=\"noreferrer noopener\" aria-label=\"CONCLUS\u00d5ES REUNI\u00d5ES CT 2018 (abre em uma nova aba)\">CONCLUS\u00d5ES REUNI\u00d5ES CT 2018<\/a><\/td>\r\n<\/tr>\r\n<\/tbody>\r\n<\/table>\r\n\r\n\r\n\r\n<h2 class=\"wp-block-heading\">2017<\/h2>\r\n\r\n\r\n\r\n<table class=\"wp-block-table has-fixed-layout is-style-stripes\">\r\n<tbody>\r\n<tr>\r\n<td><a href=\"http:\/\/www.conselhodascomunidades.pt\/site\/wp-content\/uploads\/2019\/02\/CONCLUS\u00d5ES-CT3-2017.pdf\" target=\"_blank\" rel=\"noreferrer noopener\" aria-label=\"CONCLUS\u00d5ES CT3 2017 (abre em uma nova aba)\">CONCLUS\u00d5ES CT3 2017<\/a><\/td>\r\n<\/tr>\r\n<tr>\r\n<td><a href=\"http:\/\/www.conselhodascomunidades.pt\/site\/wp-content\/uploads\/2019\/02\/CONCLUS\u00d5ES-CT2-2017.pdf\" target=\"_blank\" rel=\"noreferrer noopener\" aria-label=\"CONCLUS\u00d5ES CT2 2017 (abre em uma nova aba)\">CONCLUS\u00d5ES CT2 2017<\/a><\/td>\r\n<\/tr>\r\n<tr>\r\n<td><a href=\"http:\/\/www.conselhodascomunidades.pt\/site\/wp-content\/uploads\/2019\/02\/CONCLUS\u00d5ES-CT1-2017.pdf\" target=\"_blank\" rel=\"noreferrer noopener\" aria-label=\"CONCLUS\u00d5ES CT1 2017 (abre em uma nova aba)\">CONCLUS\u00d5ES CT1 2017<\/a><\/td>\r\n<\/tr>\r\n<\/tbody>\r\n<\/table>\r\n","protected":false},"excerpt":{"rendered":"<p>De acordo com o previsto na Lei n\u00ba 66-A, em seu artigo 34\u00ba, 3, &#8220;as comiss\u00f5es tem\u00e1ticas t\u00eam por miss\u00e3o elaborar relat\u00f3rios e estudos sobre mat\u00e9rias espec\u00edficas das suas \u00e1reas a submeter ao plen\u00e1rio ou a reuni\u00e3o do conselho permanente&#8221;. &hellip; <a href=\"http:\/\/www.conselhodascomunidades.pt\/site\/conclusoesdascomissoes\/\">Continue lendo <span class=\"meta-nav\">&rarr;<\/span><\/a><\/p>\n","protected":false},"author":1,"featured_media":457,"parent":0,"menu_order":0,"comment_status":"closed","ping_status":"closed","template":"","meta":{"footnotes":""},"class_list":["post-98","page","type-page","status-publish","has-post-thumbnail","hentry"],"_links":{"self":[{"href":"http:\/\/www.conselhodascomunidades.pt\/site\/wp-json\/wp\/v2\/pages\/98","targetHints":{"allow":["GET"]}}],"collection":[{"href":"http:\/\/www.conselhodascomunidades.pt\/site\/wp-json\/wp\/v2\/pages"}],"about":[{"href":"http:\/\/www.conselhodascomunidades.pt\/site\/wp-json\/wp\/v2\/types\/page"}],"author":[{"embeddable":true,"href":"http:\/\/www.conselhodascomunidades.pt\/site\/wp-json\/wp\/v2\/users\/1"}],"replies":[{"embeddable":true,"href":"http:\/\/www.conselhodascomunidades.pt\/site\/wp-json\/wp\/v2\/comments?post=98"}],"version-history":[{"count":8,"href":"http:\/\/www.conselhodascomunidades.pt\/site\/wp-json\/wp\/v2\/pages\/98\/revisions"}],"predecessor-version":[{"id":2252,"href":"http:\/\/www.conselhodascomunidades.pt\/site\/wp-json\/wp\/v2\/pages\/98\/revisions\/2252"}],"wp:featuredmedia":[{"embeddable":true,"href":"http:\/\/www.conselhodascomunidades.pt\/site\/wp-json\/wp\/v2\/media\/457"}],"wp:attachment":[{"href":"http:\/\/www.conselhodascomunidades.pt\/site\/wp-json\/wp\/v2\/media?parent=98"}],"curies":[{"name":"wp","href":"https:\/\/api.w.org\/{rel}","templated":true}]}}