{"id":989,"date":"2020-11-21T11:38:32","date_gmt":"2020-11-21T14:38:32","guid":{"rendered":"http:\/\/www.conselhodascomunidades.pt\/site\/?page_id=989"},"modified":"2021-12-22T05:53:29","modified_gmt":"2021-12-22T08:53:29","slug":"entrevistas","status":"publish","type":"page","link":"http:\/\/www.conselhodascomunidades.pt\/site\/entrevistas\/","title":{"rendered":"Entrevistas (v\u00eddeos)"},"content":{"rendered":"\n<h3 class=\"wp-block-heading\" style=\"text-align:center\">Maria Manuela Aguiar<br>Antiga Secret\u00e1ria de Estado das Comunidades Portuguesas<br><\/h3>\n\n\n\n<center> <iframe loading=\"lazy\" src=\"https:\/\/www.youtube.com\/embed\/KmJuj71iYjs\" allow=\"accelerometer; autoplay; clipboard-write; encrypted-media; gyroscope; picture-in-picture\" allowfullscreen=\"\" width=\"560\" height=\"315\" frameborder=\"0\"><\/iframe><\/center>\n\n\n\n<h3 class=\"wp-block-heading\" style=\"text-align:center\"><br>Jos\u00e9 Machado<br>Presidente do Conselho Permanente do CCP entre 2000 e 2003<\/h3>\n\n\n\n<center> <iframe loading=\"lazy\" src=\"https:\/\/www.youtube.com\/embed\/6J2P4eD_ASs\" allow=\"accelerometer; autoplay; clipboard-write; encrypted-media; gyroscope; picture-in-picture\" allowfullscreen=\"\" width=\"560\" height=\"315\" frameborder=\"0\"><\/iframe><\/center>\n\n\n\n<h3 class=\"wp-block-heading\" style=\"text-align:center\"><br>Carlos Pereira<br>Presidente do Conselho Permanente do CCP entre 2005 e 2008 <\/h3>\n\n\n\n<center> <iframe loading=\"lazy\" src=\"https:\/\/www.youtube.com\/embed\/vKaClOGa1ZU\" allow=\"accelerometer; autoplay; clipboard-write; encrypted-media; gyroscope; picture-in-picture\" allowfullscreen=\"\" width=\"560\" height=\"315\" frameborder=\"0\"><\/iframe><\/center>\n\n\n\n<h3 class=\"wp-block-heading\" style=\"text-align:center\"><br>Jos\u00e9 Xavier<br>Presidente do Conselho Regional das Comunidades Portuguesas na Europa do CCP entre 2003 e 2008 <\/h3>\n\n\n\n<center> <iframe loading=\"lazy\" src=\"https:\/\/www.youtube.com\/embed\/SA2M80RrGdI\" allow=\"accelerometer; autoplay; clipboard-write; encrypted-media; gyroscope; picture-in-picture\" allowfullscreen=\"\" width=\"560\" height=\"315\" frameborder=\"0\"><\/iframe><\/center>\n\n\n\n<h3 class=\"wp-block-heading\" style=\"text-align:center\"><br>Carlos Gon\u00e7alves<br>Deputado pelo c\u00edrculo da Europa<\/h3>\n\n\n\n<center> <iframe loading=\"lazy\" src=\"https:\/\/www.youtube.com\/embed\/Zy3crcNF6l0\" allow=\"accelerometer; autoplay; clipboard-write; encrypted-media; gyroscope; picture-in-picture\" allowfullscreen=\"\" width=\"560\" height=\"315\" frameborder=\"0\"><\/iframe><\/center>\n\n\n\n<h3 class=\"wp-block-heading\" style=\"text-align:center\"><br>Eduardo Neves Moreira<br>Presidente do Conselho Permanente do CCP entre 1997 e 1999 <br>Antigo Deputado pelo c\u00edrculo fora da Europa <\/h3>\n\n\n\n<center> <iframe loading=\"lazy\" src=\"https:\/\/www.youtube.com\/embed\/E4EUsXLCMU8\" allow=\"accelerometer; autoplay; clipboard-write; encrypted-media; gyroscope; picture-in-picture\" allowfullscreen=\"\" width=\"560\" height=\"315\" frameborder=\"0\"><\/iframe><\/center>\n\n\n\n<h3 class=\"wp-block-heading\" style=\"text-align:center\"><br>Victor Caio Roque <br>Antigo Deputado pelos c\u00edrculos da Europa e fora da Europa <\/h3>\n\n\n\n<center> <iframe loading=\"lazy\" src=\"https:\/\/www.youtube.com\/embed\/ItB1ZV_fnL8\" allow=\"accelerometer; autoplay; clipboard-write; encrypted-media; gyroscope; picture-in-picture\" allowfullscreen=\"\" width=\"560\" height=\"315\" frameborder=\"0\"><\/iframe><\/center>\n\n\n\n<h3 class=\"wp-block-heading\" style=\"text-align:center\"><br>Ant\u00f3nio de Almeida e Silva<br>Presidente do Conselho Permanente do CCP entre 2003 e 2005<\/h3>\n\n\n\n<center> <iframe loading=\"lazy\" src=\"https:\/\/www.youtube.com\/embed\/_RHMSpui0j8\" allow=\"accelerometer; autoplay; clipboard-write; encrypted-media; gyroscope; picture-in-picture\" allowfullscreen=\"\" width=\"560\" height=\"315\" frameborder=\"0\"><\/iframe><\/center>\n\n\n\n<h3 class=\"wp-block-heading\" style=\"text-align:center\"><br>Jos\u00e9 Ces\u00e1rio<br>Deputado pelo c\u00edrculo Fora da Europa<\/h3>\n\n\n\n<center> <iframe loading=\"lazy\" src=\"https:\/\/www.youtube.com\/embed\/eu7emonxow8\" allow=\"accelerometer; autoplay; clipboard-write; encrypted-media; gyroscope; picture-in-picture\" allowfullscreen=\"\" width=\"560\" height=\"315\" frameborder=\"0\"><\/iframe><\/center>\n\n\n\n<h3 class=\"wp-block-heading\" style=\"text-align:center\"><br>Paulo Pisco<br>Deputado pelo c\u00edrculo da Europa<\/h3>\n\n\n\n<center> <iframe loading=\"lazy\" src=\"https:\/\/www.youtube.com\/embed\/HOG7FkiG3mM\" allow=\"accelerometer; autoplay; clipboard-write; encrypted-media; gyroscope; picture-in-picture\" allowfullscreen=\"\" width=\"560\" height=\"315\" frameborder=\"0\"><\/iframe><\/center>\n\n\n\n<h3 class=\"wp-block-heading\" style=\"text-align:center\"><br>Fernando Gomes<br>Presidente do Conselho Permanente do CCP entre 2008 e 2015<\/h3>\n\n\n\n<center> <iframe loading=\"lazy\" src=\"https:\/\/www.youtube.com\/embed\/QDJcbXMw8S0\" allow=\"accelerometer; autoplay; clipboard-write; encrypted-media; gyroscope; picture-in-picture\" allowfullscreen=\"\" width=\"560\" height=\"315\" frameborder=\"0\"><\/iframe><\/center>\n\n\n\n<h3 class=\"wp-block-heading\" style=\"text-align:center\"><br>Jos\u00e9 Pereira Coutinho<br>Deputado em Macau<br> Antigo Conselheiro das Comunidades Portuguesas<\/h3>\n\n\n\n<center> <iframe loading=\"lazy\" src=\"https:\/\/www.youtube.com\/embed\/XLOtdHuVeCg\" allow=\"accelerometer; autoplay; clipboard-write; encrypted-media; gyroscope; picture-in-picture\" allowfullscreen=\"\" width=\"560\" height=\"315\" frameborder=\"0\"><\/iframe><\/center>\n\n\n\n<h3 class=\"wp-block-heading\" style=\"text-align:center\"><br>Lu\u00eds Panasco<br>Antigo Conselheiro das Comunidades Portuguesas eleito no Uruguai<\/h3>\n\n\n\n<center> <iframe loading=\"lazy\" src=\"https:\/\/www.youtube.com\/embed\/vNiWRXFfxbw\" allow=\"accelerometer; autoplay; clipboard-write; encrypted-media; gyroscope; picture-in-picture\" allowfullscreen=\"\" width=\"560\" height=\"315\" frameborder=\"0\"><\/iframe><\/center>\n\n\n\n<h3 class=\"wp-block-heading\" style=\"text-align:center\"><br>\u00c2ngelo Horto<br>Conselheiro das Comunidades Portuguesas eleito no Brasil<\/h3>\n\n\n\n<center> <iframe loading=\"lazy\" src=\"https:\/\/www.youtube.com\/embed\/q0JCq_ZC-eQ\" allow=\"accelerometer; autoplay; clipboard-write; encrypted-media; gyroscope; picture-in-picture\" allowfullscreen=\"\" width=\"560\" height=\"315\" frameborder=\"0\"><\/iframe><\/center>\n\n\n\n<h3 class=\"wp-block-heading\" style=\"text-align:center\"><br>Clementina Santos<br>Antiga Conselheira das Comunidades Portuguesas eleita no Canad\u00e1<\/h3>\n\n\n\n<center> <iframe loading=\"lazy\" src=\"https:\/\/www.youtube.com\/embed\/3ashEWar23M\" allow=\"accelerometer; autoplay; clipboard-write; encrypted-media; gyroscope; picture-in-picture\" allowfullscreen=\"\" width=\"560\" height=\"315\" frameborder=\"0\"><\/iframe><\/center>\n\n\n\n<h3 class=\"wp-block-heading\" style=\"text-align:center\"><br>Manuel Coelho<br>Conselheiro das Comunidades Portuguesas eleito na Nam\u00edbia<\/h3>\n\n\n\n<center> <iframe loading=\"lazy\" src=\"https:\/\/www.youtube.com\/embed\/L8vNlxBNI0A\" allow=\"accelerometer; autoplay; clipboard-write; encrypted-media; gyroscope; picture-in-picture\" allowfullscreen=\"\" width=\"560\" height=\"315\" frameborder=\"0\"><\/iframe><\/center>\n\n\n\n<h3 class=\"wp-block-heading\" style=\"text-align:center\"><br>Silv\u00e9rio Silva<br>Antigo Conselheiro das Comunidades Portuguesas eleito na \u00c1frica do Sul<\/h3>\n\n\n\n<center> <iframe loading=\"lazy\" src=\"https:\/\/www.youtube.com\/embed\/GOSB2LeKrsI\" allow=\"accelerometer; autoplay; clipboard-write; encrypted-media; gyroscope; picture-in-picture\" allowfullscreen=\"\" width=\"560\" height=\"315\" frameborder=\"0\"><\/iframe><\/center>\n\n\n\n<h3 class=\"wp-block-heading\" style=\"text-align:center\"><br>Ant\u00f3nio Sampaio<br>Antigo Conselheiro das Comunidades Portuguesas eleito na Austr\u00e1lia<\/h3>\n\n\n\n<center> <iframe loading=\"lazy\" src=\"https:\/\/www.youtube.com\/embed\/hUpbKAJtjt4\" allow=\"accelerometer; autoplay; clipboard-write; encrypted-media; gyroscope; picture-in-picture\" allowfullscreen=\"\" width=\"560\" height=\"315\" frameborder=\"0\"><\/iframe><\/center>\n\n\n\n<h3 class=\"wp-block-heading\" style=\"text-align:center\"><br>Jos\u00e9 Lu\u00eds Carneiro<br>Antigo Secret\u00e1rio de Estado das Comunidades Portuguesas<\/h3>\n\n\n\n<center> <iframe loading=\"lazy\" src=\"https:\/\/www.youtube.com\/embed\/cibhjX_iZnY\" allow=\"accelerometer; autoplay; clipboard-write; encrypted-media; gyroscope; picture-in-picture\" allowfullscreen=\"\" width=\"560\" height=\"315\" frameborder=\"0\"><\/iframe><\/center>\n\n\n\n<h3 class=\"wp-block-heading\" style=\"text-align:center\"><br>Teresa Heimans<br>Antiga Conselheira das Comunidades Portuguesas eleita nos Pa\u00edses Baixos<\/h3>\n\n\n\n<center> <iframe loading=\"lazy\" src=\"https:\/\/www.youtube.com\/embed\/f-hOYVcU9hQ\" allow=\"accelerometer; autoplay; clipboard-write; encrypted-media; gyroscope; picture-in-picture\" allowfullscreen=\"\" width=\"560\" height=\"315\" frameborder=\"0\"><\/iframe><\/center>\n\n\n\n<h3 class=\"wp-block-heading\" style=\"text-align:center\"><br>Jos\u00e9 Duarte<br>Conselheiro das Comunidades Portuguesas eleito no Brasil<\/h3>\n\n\n\n<center> <iframe loading=\"lazy\" src=\"https:\/\/www.youtube.com\/embed\/OAMLJMoqBIQ\" allow=\"accelerometer; autoplay; clipboard-write; encrypted-media; gyroscope; picture-in-picture\" allowfullscreen=\"\" width=\"560\" height=\"315\" frameborder=\"0\"><\/iframe><\/center>\n\n\n\n<h3 class=\"wp-block-heading\" style=\"text-align:center\"><br>Jo\u00e3o Pacheco<br>Conselheiro das Comunidades Portuguesas eleito nos Estados Unidos da Am\u00e9rica<\/h3>\n\n\n\n<center> <iframe loading=\"lazy\" src=\"https:\/\/www.youtube.com\/embed\/euIfZ_KRnBs\" allow=\"accelerometer; autoplay; clipboard-write; encrypted-media; gyroscope; picture-in-picture\" allowfullscreen=\"\" width=\"560\" height=\"315\" frameborder=\"0\"><\/iframe><\/center>\n\n\n\n<h3 class=\"wp-block-heading\" style=\"text-align:center\"><br>Eduardo Dias<br>Antigo Conselheiro das Comunidades Portuguesas eleito no Luxemburgo<\/h3>\n\n\n\n<center> <iframe loading=\"lazy\" src=\"https:\/\/www.youtube.com\/embed\/34v6_OUqWqc\" allow=\"accelerometer; autoplay; clipboard-write; encrypted-media; gyroscope; picture-in-picture\" allowfullscreen=\"\" width=\"560\" height=\"315\" frameborder=\"0\"><\/iframe><\/center>\n\n\n\n<h3 class=\"wp-block-heading\" style=\"text-align:center\"><br>Celebra\u00e7\u00e3o dos 40 anos do Conselho das Comunidades Portuguesas<\/h3>\n\n\n\n<center> <iframe loading=\"lazy\" src=\"https:\/\/www.youtube.com\/embed\/GETw3fESkOw\" allow=\"accelerometer; autoplay; clipboard-write; encrypted-media; gyroscope; picture-in-picture\" allowfullscreen=\"\" width=\"560\" height=\"315\" frameborder=\"0\"><\/iframe><\/center>\n\n\n\n<h3 class=\"wp-block-heading\" style=\"text-align:center\"><br>In\u00e1cio Pereira<br>Antigo Conselheiro das Comunidades Portuguesas eleito na Venezuela<\/h3>\n\n\n\n<center> <iframe loading=\"lazy\" src=\"https:\/\/www.youtube.com\/embed\/RPXF3j_qqfA\" allow=\"accelerometer; autoplay; clipboard-write; encrypted-media; gyroscope; picture-in-picture\" allowfullscreen=\"\" width=\"560\" height=\"315\" frameborder=\"0\"><\/iframe><\/center>\n\n\n\n<h3 class=\"wp-block-heading\" style=\"text-align:center\"><br>Laurentino Esteves<br>Antigo Conselheiro das Comunidades Portuguesas eleito no Canad\u00e1<\/h3>\n\n\n\n<center> <iframe loading=\"lazy\" src=\"https:\/\/www.youtube.com\/embed\/u2pezXIIqdY\" allow=\"accelerometer; autoplay; clipboard-write; encrypted-media; gyroscope; picture-in-picture\" allowfullscreen=\"\" width=\"560\" height=\"315\" frameborder=\"0\"><\/iframe><\/center>\n\n\n\n<h3 class=\"wp-block-heading\" style=\"text-align:center\"><br>Paulo Marques<br>Conselheiro das Comunidades Portuguesas eleito em Fran\u00e7a<\/h3>\n\n\n\n<center> <iframe loading=\"lazy\" src=\"https:\/\/www.youtube.com\/embed\/q2diIx0wakE\" allow=\"accelerometer; autoplay; clipboard-write; encrypted-media; gyroscope; picture-in-picture\" allowfullscreen=\"\" width=\"560\" height=\"315\" frameborder=\"0\"><\/iframe><\/center>\n\n\n\n<h3 class=\"wp-block-heading\" style=\"text-align:center\"><br>Victor Gil<br>Antigo quadro da DGACCP<\/h3>\n\n\n\n<center> <iframe loading=\"lazy\" src=\"https:\/\/www.youtube.com\/embed\/YclsydtLm6o\" allow=\"accelerometer; autoplay; clipboard-write; encrypted-media; gyroscope; picture-in-picture\" allowfullscreen=\"\" width=\"560\" height=\"315\" frameborder=\"0\"><\/iframe><\/center>\n\n\n\n<h3 class=\"wp-block-heading\" style=\"text-align:center\"><br>Rog\u00e9rio de Oliveira<br>Conselheiro das Comunidades Portuguesas eleito no Luxemburgo<\/h3>\n\n\n\n<center> <iframe loading=\"lazy\" src=\"https:\/\/www.youtube.com\/embed\/ThFcnxDHBhs\" allow=\"accelerometer; autoplay; clipboard-write; encrypted-media; gyroscope; picture-in-picture\" allowfullscreen=\"\" width=\"560\" height=\"315\" frameborder=\"0\"><\/iframe><\/center>\n\n\n\n<h3 class=\"wp-block-heading\" style=\"text-align:center\"><br>Amadeu Batel<br>Vice-Presidente do Conselho Permanente do CCP<\/h3>\n\n\n\n<center> <iframe loading=\"lazy\" src=\"https:\/\/www.youtube.com\/embed\/28XjRWbSuH0\" allow=\"accelerometer; autoplay; clipboard-write; encrypted-media; gyroscope; picture-in-picture\" allowfullscreen=\"\" width=\"560\" height=\"315\" frameborder=\"0\"><\/iframe><\/center>\n","protected":false},"excerpt":{"rendered":"<p>Maria Manuela AguiarAntiga Secret\u00e1ria de Estado das Comunidades Portuguesas Jos\u00e9 MachadoPresidente do Conselho Permanente do CCP entre 2000 e 2003 Carlos PereiraPresidente do Conselho Permanente do CCP entre 2005 e 2008 Jos\u00e9 XavierPresidente do Conselho Regional das Comunidades Portuguesas na &hellip; <a href=\"http:\/\/www.conselhodascomunidades.pt\/site\/entrevistas\/\">Continue lendo <span class=\"meta-nav\">&rarr;<\/span><\/a><\/p>\n","protected":false},"author":2,"featured_media":0,"parent":0,"menu_order":0,"comment_status":"closed","ping_status":"closed","template":"","meta":{"footnotes":""},"class_list":["post-989","page","type-page","status-publish","hentry"],"_links":{"self":[{"href":"http:\/\/www.conselhodascomunidades.pt\/site\/wp-json\/wp\/v2\/pages\/989","targetHints":{"allow":["GET"]}}],"collection":[{"href":"http:\/\/www.conselhodascomunidades.pt\/site\/wp-json\/wp\/v2\/pages"}],"about":[{"href":"http:\/\/www.conselhodascomunidades.pt\/site\/wp-json\/wp\/v2\/types\/page"}],"author":[{"embeddable":true,"href":"http:\/\/www.conselhodascomunidades.pt\/site\/wp-json\/wp\/v2\/users\/2"}],"replies":[{"embeddable":true,"href":"http:\/\/www.conselhodascomunidades.pt\/site\/wp-json\/wp\/v2\/comments?post=989"}],"version-history":[{"count":31,"href":"http:\/\/www.conselhodascomunidades.pt\/site\/wp-json\/wp\/v2\/pages\/989\/revisions"}],"predecessor-version":[{"id":1536,"href":"http:\/\/www.conselhodascomunidades.pt\/site\/wp-json\/wp\/v2\/pages\/989\/revisions\/1536"}],"wp:attachment":[{"href":"http:\/\/www.conselhodascomunidades.pt\/site\/wp-json\/wp\/v2\/media?parent=989"}],"curies":[{"name":"wp","href":"https:\/\/api.w.org\/{rel}","templated":true}]}}